{"id":12421,"date":"2023-01-30T19:50:04","date_gmt":"2023-01-30T19:50:04","guid":{"rendered":"https:\/\/intranet.consenso.com.ec\/?page_id=12421"},"modified":"2024-06-14T15:04:44","modified_gmt":"2024-06-14T15:04:44","slug":"centro-de-desarrollo","status":"publish","type":"page","link":"https:\/\/intranet.consensocorp.com\/?page_id=12421","title":{"rendered":"Centro de Desarrollo Consenso"},"content":{"rendered":"\t\t<div data-elementor-type=\"wp-page\" data-elementor-id=\"12421\" class=\"elementor elementor-12421\" data-elementor-post-type=\"page\">\n\t\t\t\t\t\t<section class=\"elementor-section elementor-top-section elementor-element elementor-element-40830cc elementor-section-full_width elementor-section-height-min-height elementor-section-content-top elementor-section-height-default elementor-section-items-middle\" data-id=\"40830cc\" data-element_type=\"section\" data-e-type=\"section\" data-settings=\"{&quot;background_background&quot;:&quot;slideshow&quot;,&quot;background_slideshow_gallery&quot;:[],&quot;background_slideshow_loop&quot;:&quot;yes&quot;,&quot;background_slideshow_slide_duration&quot;:5000,&quot;background_slideshow_slide_transition&quot;:&quot;fade&quot;,&quot;background_slideshow_transition_duration&quot;:500}\">\n\t\t\t\t\t\t\t<div class=\"elementor-background-overlay\"><\/div>\n\t\t\t\t\t\t\t<div class=\"elementor-container elementor-column-gap-no\">\n\t\t\t\t\t<div class=\"elementor-column elementor-col-100 elementor-top-column elementor-element elementor-element-49c328b\" data-id=\"49c328b\" data-element_type=\"column\" data-e-type=\"column\">\n\t\t\t<div class=\"elementor-widget-wrap elementor-element-populated\">\n\t\t\t\t\t\t\t<\/div>\n\t\t<\/div>\n\t\t\t\t\t<\/div>\n\t\t<\/section>\n\t\t\t\t<section class=\"elementor-section elementor-top-section elementor-element elementor-element-5788896 elementor-section-height-min-height elementor-section-content-middle elementor-section-boxed elementor-section-height-default elementor-section-items-middle\" data-id=\"5788896\" data-element_type=\"section\" data-e-type=\"section\" data-settings=\"{&quot;background_background&quot;:&quot;classic&quot;}\">\n\t\t\t\t\t\t<div class=\"elementor-container elementor-column-gap-default\">\n\t\t\t\t\t<div class=\"elementor-column elementor-col-100 elementor-top-column elementor-element elementor-element-2be308b\" data-id=\"2be308b\" data-element_type=\"column\" data-e-type=\"column\">\n\t\t\t<div class=\"elementor-widget-wrap elementor-element-populated\">\n\t\t\t\t\t\t<div class=\"elementor-element elementor-element-4c24ce2 elementor-widget elementor-widget-text-editor\" data-id=\"4c24ce2\" data-element_type=\"widget\" data-e-type=\"widget\" data-widget_type=\"text-editor.default\">\n\t\t\t\t<div class=\"elementor-widget-container\">\n\t\t\t\t\t\t\t\t\t<p style=\"text-align: center;\">Grupo Consenso pensando en tu desarrollo personal y profesional cuenta con el Centro de Desarrollo Consenso, que tiene como objetivo fortalecer conocimientos y desarrollar competencias para lograr un impacto en la productividad de los negocios a trav\u00e9s del aprendizaje de nuestros colaboradores.<\/p>\t\t\t\t\t\t\t\t<\/div>\n\t\t\t\t<\/div>\n\t\t\t\t\t<\/div>\n\t\t<\/div>\n\t\t\t\t\t<\/div>\n\t\t<\/section>\n\t\t\t\t<section class=\"elementor-section elementor-top-section elementor-element elementor-element-c71e093 elementor-section-height-min-height elementor-section-content-middle elementor-section-boxed elementor-section-height-default elementor-section-items-middle\" data-id=\"c71e093\" data-element_type=\"section\" data-e-type=\"section\" data-settings=\"{&quot;background_background&quot;:&quot;classic&quot;}\">\n\t\t\t\t\t\t<div class=\"elementor-container elementor-column-gap-default\">\n\t\t\t\t\t<div class=\"elementor-column elementor-col-50 elementor-top-column elementor-element elementor-element-a9b44a3\" data-id=\"a9b44a3\" data-element_type=\"column\" data-e-type=\"column\">\n\t\t\t<div class=\"elementor-widget-wrap elementor-element-populated\">\n\t\t\t\t\t\t<div class=\"elementor-element elementor-element-5126750 elementor-widget-divider--view-line_text elementor-widget-divider--element-align-right elementor-widget elementor-widget-divider\" data-id=\"5126750\" data-element_type=\"widget\" data-e-type=\"widget\" data-widget_type=\"divider.default\">\n\t\t\t\t<div class=\"elementor-widget-container\">\n\t\t\t\t\t\t\t<div class=\"elementor-divider\">\n\t\t\t<span class=\"elementor-divider-separator\">\n\t\t\t\t\t\t<\/span>\n\t\t<\/div>\n\t\t\t\t\t\t<\/div>\n\t\t\t\t<\/div>\n\t\t\t\t<div class=\"elementor-element elementor-element-c0ac005 elementor-widget elementor-widget-text-editor\" data-id=\"c0ac005\" data-element_type=\"widget\" data-e-type=\"widget\" data-widget_type=\"text-editor.default\">\n\t\t\t\t<div class=\"elementor-widget-container\">\n\t\t\t\t\t\t\t\t\t<h2 style=\"text-align: left;\">Misi\u00f3n<\/h2>\n<p>Acompa\u00f1ar la formaci\u00f3n de los colaboradores del grupo, en funci\u00f3n de las necesidades de los negocios y de su desarrollo profesional.&nbsp;<\/p>\n<h2>Visi\u00f3n<\/h2>\n<p>Ser una instituci\u00f3n de formaci\u00f3n y desarrollo profesional de primer nivel que brinde sus servicios al grupo y a la comunidad.<\/p>\n<p><\/p>\n<h2>Objetivos estrat\u00e9gicos<\/h2>\n<ul>\n<li>Desarrollar las competencias de nuestros colaboradores.<\/li>\n<li>Tener impacto en la productividad de los negocios.<\/li>\n<li>Dejar nuestra huella a trav\u00e9s del aprendizaje.<\/li>\n<\/ul>\t\t\t\t\t\t\t\t<\/div>\n\t\t\t\t<\/div>\n\t\t\t\t\t<\/div>\n\t\t<\/div>\n\t\t\t\t<div class=\"elementor-column elementor-col-50 elementor-top-column elementor-element elementor-element-cdee408 elementor-hidden-mobile\" data-id=\"cdee408\" data-element_type=\"column\" data-e-type=\"column\" data-settings=\"{&quot;background_background&quot;:&quot;classic&quot;}\">\n\t\t\t<div class=\"elementor-widget-wrap elementor-element-populated\">\n\t\t\t\t\t\t<div class=\"elementor-element elementor-element-ecb6dfd elementor-widget elementor-widget-image\" data-id=\"ecb6dfd\" data-element_type=\"widget\" data-e-type=\"widget\" data-widget_type=\"image.default\">\n\t\t\t\t<div class=\"elementor-widget-container\">\n\t\t\t\t\t\t\t\t\t\t\t\t\t\t\t<img fetchpriority=\"high\" decoding=\"async\" width=\"1624\" height=\"1500\" src=\"https:\/\/intranet.consensocorp.com\/wp-content\/uploads\/2023\/01\/red-cdc-objetivo.jpg\" class=\"attachment-full size-full wp-image-12430\" alt=\"\" srcset=\"https:\/\/intranet.consensocorp.com\/wp-content\/uploads\/2023\/01\/red-cdc-objetivo.jpg 1624w, https:\/\/intranet.consensocorp.com\/wp-content\/uploads\/2023\/01\/red-cdc-objetivo-300x277.jpg 300w, https:\/\/intranet.consensocorp.com\/wp-content\/uploads\/2023\/01\/red-cdc-objetivo-1024x946.jpg 1024w, https:\/\/intranet.consensocorp.com\/wp-content\/uploads\/2023\/01\/red-cdc-objetivo-768x709.jpg 768w, https:\/\/intranet.consensocorp.com\/wp-content\/uploads\/2023\/01\/red-cdc-objetivo-1536x1419.jpg 1536w, https:\/\/intranet.consensocorp.com\/wp-content\/uploads\/2023\/01\/red-cdc-objetivo-350x323.jpg 350w, https:\/\/intranet.consensocorp.com\/wp-content\/uploads\/2023\/01\/red-cdc-objetivo-866x800.jpg 866w\" sizes=\"(max-width: 1624px) 100vw, 1624px\" \/>\t\t\t\t\t\t\t\t\t\t\t\t\t\t\t<\/div>\n\t\t\t\t<\/div>\n\t\t\t\t\t<\/div>\n\t\t<\/div>\n\t\t\t\t\t<\/div>\n\t\t<\/section>\n\t\t\t\t<section class=\"elementor-section elementor-top-section elementor-element elementor-element-c1f6abb elementor-section-height-min-height elementor-section-content-middle elementor-section-boxed elementor-section-height-default elementor-section-items-middle\" data-id=\"c1f6abb\" data-element_type=\"section\" data-e-type=\"section\" data-settings=\"{&quot;background_background&quot;:&quot;classic&quot;}\">\n\t\t\t\t\t\t<div class=\"elementor-container elementor-column-gap-default\">\n\t\t\t\t\t<div class=\"elementor-column elementor-col-50 elementor-top-column elementor-element elementor-element-b6d4c88 elementor-hidden-mobile\" data-id=\"b6d4c88\" data-element_type=\"column\" data-e-type=\"column\">\n\t\t\t<div class=\"elementor-widget-wrap elementor-element-populated\">\n\t\t\t\t\t\t<div class=\"elementor-element elementor-element-d42c6c5 elementor-widget elementor-widget-image\" data-id=\"d42c6c5\" data-element_type=\"widget\" data-e-type=\"widget\" data-widget_type=\"image.default\">\n\t\t\t\t<div class=\"elementor-widget-container\">\n\t\t\t\t\t\t\t\t\t\t\t\t\t\t\t<img decoding=\"async\" width=\"1600\" height=\"1200\" src=\"https:\/\/intranet.consensocorp.com\/wp-content\/uploads\/2023\/02\/manualPolitica.jpg\" class=\"attachment-full size-full wp-image-12614\" alt=\"\" srcset=\"https:\/\/intranet.consensocorp.com\/wp-content\/uploads\/2023\/02\/manualPolitica.jpg 1600w, https:\/\/intranet.consensocorp.com\/wp-content\/uploads\/2023\/02\/manualPolitica-300x225.jpg 300w, https:\/\/intranet.consensocorp.com\/wp-content\/uploads\/2023\/02\/manualPolitica-1024x768.jpg 1024w, https:\/\/intranet.consensocorp.com\/wp-content\/uploads\/2023\/02\/manualPolitica-768x576.jpg 768w, https:\/\/intranet.consensocorp.com\/wp-content\/uploads\/2023\/02\/manualPolitica-1536x1152.jpg 1536w, https:\/\/intranet.consensocorp.com\/wp-content\/uploads\/2023\/02\/manualPolitica-350x263.jpg 350w, https:\/\/intranet.consensocorp.com\/wp-content\/uploads\/2023\/02\/manualPolitica-1067x800.jpg 1067w\" sizes=\"(max-width: 1600px) 100vw, 1600px\" \/>\t\t\t\t\t\t\t\t\t\t\t\t\t\t\t<\/div>\n\t\t\t\t<\/div>\n\t\t\t\t\t<\/div>\n\t\t<\/div>\n\t\t\t\t<div class=\"elementor-column elementor-col-50 elementor-top-column elementor-element elementor-element-59bb112\" data-id=\"59bb112\" data-element_type=\"column\" data-e-type=\"column\" data-settings=\"{&quot;background_background&quot;:&quot;classic&quot;}\">\n\t\t\t<div class=\"elementor-widget-wrap elementor-element-populated\">\n\t\t\t\t\t\t<div class=\"elementor-element elementor-element-5e9849a elementor-widget-divider--view-line_text elementor-widget-divider--element-align-right elementor-widget elementor-widget-divider\" data-id=\"5e9849a\" data-element_type=\"widget\" data-e-type=\"widget\" data-widget_type=\"divider.default\">\n\t\t\t\t<div class=\"elementor-widget-container\">\n\t\t\t\t\t\t\t<div class=\"elementor-divider\">\n\t\t\t<span class=\"elementor-divider-separator\">\n\t\t\t\t\t\t<\/span>\n\t\t<\/div>\n\t\t\t\t\t\t<\/div>\n\t\t\t\t<\/div>\n\t\t\t\t<div class=\"elementor-element elementor-element-2b21907 elementor-widget elementor-widget-text-editor\" data-id=\"2b21907\" data-element_type=\"widget\" data-e-type=\"widget\" data-widget_type=\"text-editor.default\">\n\t\t\t\t<div class=\"elementor-widget-container\">\n\t\t\t\t\t\t\t\t\t<h2 style=\"text-align: left;\">Pol\u00edtica de Procesos Formativos<\/h2><p>La Pol\u00edtica de Procesos Formativos contiene disposiciones espec\u00edficas sobre los procesos de inducci\u00f3n, entrenamiento, capacitaci\u00f3n y formaci\u00f3n de Grupo Consenso. Ent\u00e9rate sobre las pol\u00edticas de financiamiento y permanencia del colaborador.<\/p>\t\t\t\t\t\t\t\t<\/div>\n\t\t\t\t<\/div>\n\t\t\t\t<div class=\"elementor-element elementor-element-a527fae elementor-widget__width-auto elementor-align-center elementor-widget elementor-widget-button\" data-id=\"a527fae\" data-element_type=\"widget\" data-e-type=\"widget\" data-widget_type=\"button.default\">\n\t\t\t\t<div class=\"elementor-widget-container\">\n\t\t\t\t\t\t\t\t\t<div class=\"elementor-button-wrapper\">\n\t\t\t\t\t<a class=\"elementor-button elementor-button-link elementor-size-sm\" href=\"#elementor-action%3Aaction%3Dpopup%3Aopen%26settings%3DeyJpZCI6IjEyNjE5IiwidG9nZ2xlIjpmYWxzZX0%3D\" target=\"_blank\">\n\t\t\t\t\t\t<span class=\"elementor-button-content-wrapper\">\n\t\t\t\t\t\t<span class=\"elementor-button-icon\">\n\t\t\t\t<svg aria-hidden=\"true\" class=\"e-font-icon-svg e-fas-book-open\" viewBox=\"0 0 576 512\" xmlns=\"http:\/\/www.w3.org\/2000\/svg\"><path d=\"M542.22 32.05c-54.8 3.11-163.72 14.43-230.96 55.59-4.64 2.84-7.27 7.89-7.27 13.17v363.87c0 11.55 12.63 18.85 23.28 13.49 69.18-34.82 169.23-44.32 218.7-46.92 16.89-.89 30.02-14.43 30.02-30.66V62.75c.01-17.71-15.35-31.74-33.77-30.7zM264.73 87.64C197.5 46.48 88.58 35.17 33.78 32.05 15.36 31.01 0 45.04 0 62.75V400.6c0 16.24 13.13 29.78 30.02 30.66 49.49 2.6 149.59 12.11 218.77 46.95 10.62 5.35 23.21-1.94 23.21-13.46V100.63c0-5.29-2.62-10.14-7.27-12.99z\"><\/path><\/svg>\t\t\t<\/span>\n\t\t\t\t\t\t\t\t\t<span class=\"elementor-button-text\">VER POL\u00cdTICA<\/span>\n\t\t\t\t\t<\/span>\n\t\t\t\t\t<\/a>\n\t\t\t\t<\/div>\n\t\t\t\t\t\t\t\t<\/div>\n\t\t\t\t<\/div>\n\t\t\t\t<div class=\"elementor-element elementor-element-c066181 elementor-widget elementor-widget-menu-anchor\" data-id=\"c066181\" data-element_type=\"widget\" data-e-type=\"widget\" data-widget_type=\"menu-anchor.default\">\n\t\t\t\t<div class=\"elementor-widget-container\">\n\t\t\t\t\t\t\t<div class=\"elementor-menu-anchor\" id=\"midesarrollo\"><\/div>\n\t\t\t\t\t\t<\/div>\n\t\t\t\t<\/div>\n\t\t\t\t\t<\/div>\n\t\t<\/div>\n\t\t\t\t\t<\/div>\n\t\t<\/section>\n\t\t\t\t<section class=\"elementor-section elementor-top-section elementor-element elementor-element-4e95825 elementor-section-height-min-height elementor-section-content-middle elementor-section-boxed elementor-section-height-default elementor-section-items-middle\" data-id=\"4e95825\" data-element_type=\"section\" data-e-type=\"section\" data-settings=\"{&quot;background_background&quot;:&quot;classic&quot;}\">\n\t\t\t\t\t\t<div class=\"elementor-container elementor-column-gap-default\">\n\t\t\t\t\t<div class=\"elementor-column elementor-col-50 elementor-top-column elementor-element elementor-element-8fab899\" data-id=\"8fab899\" data-element_type=\"column\" data-e-type=\"column\">\n\t\t\t<div class=\"elementor-widget-wrap elementor-element-populated\">\n\t\t\t\t\t\t<div class=\"elementor-element elementor-element-f524151 elementor-widget-divider--view-line_text elementor-widget-divider--element-align-right elementor-widget elementor-widget-divider\" data-id=\"f524151\" data-element_type=\"widget\" data-e-type=\"widget\" data-widget_type=\"divider.default\">\n\t\t\t\t<div class=\"elementor-widget-container\">\n\t\t\t\t\t\t\t<div class=\"elementor-divider\">\n\t\t\t<span class=\"elementor-divider-separator\">\n\t\t\t\t\t\t<\/span>\n\t\t<\/div>\n\t\t\t\t\t\t<\/div>\n\t\t\t\t<\/div>\n\t\t\t\t<div class=\"elementor-element elementor-element-e218137 elementor-widget elementor-widget-text-editor\" data-id=\"e218137\" data-element_type=\"widget\" data-e-type=\"widget\" data-widget_type=\"text-editor.default\">\n\t\t\t\t<div class=\"elementor-widget-container\">\n\t\t\t\t\t\t\t\t\t<h2 style=\"text-align: left;\">miDesarrollo<\/h2><p>Centro de Desarrollo Consenso cuenta con miDesarrollo, una plataforma de formaci\u00f3n corporativa en l\u00ednea que permite un aprendizaje corporativo m\u00e1s inteligente y r\u00e1pido. Este sistema de gesti\u00f3n de aprendizaje facilitar\u00e1 tu interacci\u00f3n con los cursos y el contenido.<\/p><p>El Centro de Desarrollo Consenso ofrecer\u00e1 formaci\u00f3n y desarrollo a trav\u00e9s del entrenamiento digital y presencial, usando herramientas de vanguardia que faciliten el aprendizaje<\/p>\t\t\t\t\t\t\t\t<\/div>\n\t\t\t\t<\/div>\n\t\t\t\t<div class=\"elementor-element elementor-element-8ff7e10 elementor-widget__width-auto elementor-align-center elementor-hidden-desktop elementor-hidden-tablet elementor-hidden-mobile elementor-widget elementor-widget-button\" data-id=\"8ff7e10\" data-element_type=\"widget\" data-e-type=\"widget\" data-widget_type=\"button.default\">\n\t\t\t\t<div class=\"elementor-widget-container\">\n\t\t\t\t\t\t\t\t\t<div class=\"elementor-button-wrapper\">\n\t\t\t\t\t<a class=\"elementor-button elementor-button-link elementor-size-sm\" href=\"#elementor-action%3Aaction%3Dpopup%3Aopen%26settings%3DeyJpZCI6IjEyNjQ2IiwidG9nZ2xlIjpmYWxzZX0%3D\" target=\"_blank\">\n\t\t\t\t\t\t<span class=\"elementor-button-content-wrapper\">\n\t\t\t\t\t\t<span class=\"elementor-button-icon\">\n\t\t\t\t<svg aria-hidden=\"true\" class=\"e-font-icon-svg e-fas-video\" viewBox=\"0 0 576 512\" xmlns=\"http:\/\/www.w3.org\/2000\/svg\"><path d=\"M336.2 64H47.8C21.4 64 0 85.4 0 111.8v288.4C0 426.6 21.4 448 47.8 448h288.4c26.4 0 47.8-21.4 47.8-47.8V111.8c0-26.4-21.4-47.8-47.8-47.8zm189.4 37.7L416 177.3v157.4l109.6 75.5c21.2 14.6 50.4-.3 50.4-25.8V127.5c0-25.4-29.1-40.4-50.4-25.8z\"><\/path><\/svg>\t\t\t<\/span>\n\t\t\t\t\t\t\t\t\t<span class=\"elementor-button-text\">VER VIDEO<\/span>\n\t\t\t\t\t<\/span>\n\t\t\t\t\t<\/a>\n\t\t\t\t<\/div>\n\t\t\t\t\t\t\t\t<\/div>\n\t\t\t\t<\/div>\n\t\t\t\t\t<\/div>\n\t\t<\/div>\n\t\t\t\t<div class=\"elementor-column elementor-col-50 elementor-top-column elementor-element elementor-element-50f03cc elementor-hidden-mobile\" data-id=\"50f03cc\" data-element_type=\"column\" data-e-type=\"column\" data-settings=\"{&quot;background_background&quot;:&quot;classic&quot;}\">\n\t\t\t<div class=\"elementor-widget-wrap elementor-element-populated\">\n\t\t\t\t\t\t<div class=\"elementor-element elementor-element-ca53e7a elementor-widget elementor-widget-image\" data-id=\"ca53e7a\" data-element_type=\"widget\" data-e-type=\"widget\" data-widget_type=\"image.default\">\n\t\t\t\t<div class=\"elementor-widget-container\">\n\t\t\t\t\t\t\t\t\t\t\t\t\t\t\t<img decoding=\"async\" width=\"1000\" height=\"747\" src=\"https:\/\/intranet.consensocorp.com\/wp-content\/uploads\/2024\/06\/objetivo2024.jpg\" class=\"attachment-full size-full wp-image-15890\" alt=\"\" srcset=\"https:\/\/intranet.consensocorp.com\/wp-content\/uploads\/2024\/06\/objetivo2024.jpg 1000w, https:\/\/intranet.consensocorp.com\/wp-content\/uploads\/2024\/06\/objetivo2024-300x224.jpg 300w, https:\/\/intranet.consensocorp.com\/wp-content\/uploads\/2024\/06\/objetivo2024-768x574.jpg 768w, https:\/\/intranet.consensocorp.com\/wp-content\/uploads\/2024\/06\/objetivo2024-350x261.jpg 350w\" sizes=\"(max-width: 1000px) 100vw, 1000px\" \/>\t\t\t\t\t\t\t\t\t\t\t\t\t\t\t<\/div>\n\t\t\t\t<\/div>\n\t\t\t\t\t<\/div>\n\t\t<\/div>\n\t\t\t\t\t<\/div>\n\t\t<\/section>\n\t\t\t\t<\/div>\n\t\t","protected":false},"excerpt":{"rendered":"<p>Grupo Consenso pensando en tu desarrollo personal y profesional cuenta con el Centro de Desarrollo Consenso, que tiene como objetivo fortalecer conocimientos y desarrollar competencias para lograr un impacto en la productividad de los negocios a trav\u00e9s del aprendizaje de nuestros colaboradores. Misi\u00f3n Acompa\u00f1ar la formaci\u00f3n de los colaboradores del grupo, en funci\u00f3n de las [&hellip;]<\/p>\n","protected":false},"author":1,"featured_media":0,"parent":0,"menu_order":0,"comment_status":"closed","ping_status":"closed","template":"elementor_header_footer","meta":{"footnotes":""},"class_list":["post-12421","page","type-page","status-publish","hentry"],"_links":{"self":[{"href":"https:\/\/intranet.consensocorp.com\/index.php?rest_route=\/wp\/v2\/pages\/12421","targetHints":{"allow":["GET"]}}],"collection":[{"href":"https:\/\/intranet.consensocorp.com\/index.php?rest_route=\/wp\/v2\/pages"}],"about":[{"href":"https:\/\/intranet.consensocorp.com\/index.php?rest_route=\/wp\/v2\/types\/page"}],"author":[{"embeddable":true,"href":"https:\/\/intranet.consensocorp.com\/index.php?rest_route=\/wp\/v2\/users\/1"}],"replies":[{"embeddable":true,"href":"https:\/\/intranet.consensocorp.com\/index.php?rest_route=%2Fwp%2Fv2%2Fcomments&post=12421"}],"version-history":[{"count":43,"href":"https:\/\/intranet.consensocorp.com\/index.php?rest_route=\/wp\/v2\/pages\/12421\/revisions"}],"predecessor-version":[{"id":15896,"href":"https:\/\/intranet.consensocorp.com\/index.php?rest_route=\/wp\/v2\/pages\/12421\/revisions\/15896"}],"wp:attachment":[{"href":"https:\/\/intranet.consensocorp.com\/index.php?rest_route=%2Fwp%2Fv2%2Fmedia&parent=12421"}],"curies":[{"name":"wp","href":"https:\/\/api.w.org\/{rel}","templated":true}]}}