{"id":16961,"date":"2024-09-01T22:03:44","date_gmt":"2024-09-01T22:03:44","guid":{"rendered":"https:\/\/intranet.consensocorp.com\/?page_id=16961"},"modified":"2024-10-23T15:54:25","modified_gmt":"2024-10-23T15:54:25","slug":"mibienestar-plan-seguros","status":"publish","type":"page","link":"https:\/\/intranet.consensocorp.com\/?page_id=16961","title":{"rendered":"miBienestar &#8211; Plan Seguros"},"content":{"rendered":"\t\t<div data-elementor-type=\"wp-page\" data-elementor-id=\"16961\" class=\"elementor elementor-16961\" data-elementor-post-type=\"page\">\n\t\t\t\t<div class=\"elementor-element elementor-element-f1dd673 e-flex e-con-boxed e-con e-parent\" data-id=\"f1dd673\" data-element_type=\"container\" data-e-type=\"container\" data-settings=\"{&quot;background_background&quot;:&quot;slideshow&quot;,&quot;background_slideshow_gallery&quot;:[],&quot;background_slideshow_loop&quot;:&quot;yes&quot;,&quot;background_slideshow_slide_duration&quot;:5000,&quot;background_slideshow_slide_transition&quot;:&quot;fade&quot;,&quot;background_slideshow_transition_duration&quot;:500}\">\n\t\t\t\t\t<div class=\"e-con-inner\">\n\t\t\t\t<div class=\"elementor-element elementor-element-9ff47ae elementor-widget elementor-widget-heading\" data-id=\"9ff47ae\" data-element_type=\"widget\" data-e-type=\"widget\" data-widget_type=\"heading.default\">\n\t\t\t\t<div class=\"elementor-widget-container\">\n\t\t\t\t\t<h2 class=\"elementor-heading-title elementor-size-default\">miBienestar<\/h2>\t\t\t\t<\/div>\n\t\t\t\t<\/div>\n\t\t\t\t\t<\/div>\n\t\t\t\t<\/div>\n\t\t<div class=\"elementor-element elementor-element-d9f0601 e-flex e-con-boxed e-con e-parent\" data-id=\"d9f0601\" data-element_type=\"container\" data-e-type=\"container\" data-settings=\"{&quot;background_background&quot;:&quot;classic&quot;}\">\n\t\t\t\t\t<div class=\"e-con-inner\">\n\t\t\t\t<div class=\"elementor-element elementor-element-1f9fc06 elementor-widget elementor-widget-text-editor\" data-id=\"1f9fc06\" data-element_type=\"widget\" data-e-type=\"widget\" data-widget_type=\"text-editor.default\">\n\t\t\t\t<div class=\"elementor-widget-container\">\n\t\t\t\t\t\t\t\t\t<p><strong>PLANES DE BENEFICIOS PARA COLABORADORES DE GRUPO CONSENSO<\/strong><\/p><p>El prop\u00f3sito de Grupo Consenso es CONSTRUIR BIENESTAR para sus colaboradores y familias. Por lo que al trabajar con nosotros accedes a servicios corporativos de calidad y tarifas preferenciales con facilidades de pago. Apreciamos tu dedicaci\u00f3n y esfuerzo, y creemos que estos beneficios contribuir\u00e1n positivamente a tu bienestar y satisfacci\u00f3n en el trabajo.<\/p><p>A continuaci\u00f3n podr\u00e1s conocer el portafolio de beneficios y servicios con informaci\u00f3n detallada sobre c\u00f3mo acceder a cada uno de ellos.<\/p>\t\t\t\t\t\t\t\t<\/div>\n\t\t\t\t<\/div>\n\t\t\t\t\t<\/div>\n\t\t\t\t<\/div>\n\t\t<div class=\"elementor-element elementor-element-78cac60 e-flex e-con-boxed e-con e-parent\" data-id=\"78cac60\" data-element_type=\"container\" data-e-type=\"container\">\n\t\t\t\t\t<div class=\"e-con-inner\">\n\t\t\t\t<div class=\"elementor-element elementor-element-8ef605f elementor-widget elementor-widget-menu-anchor\" data-id=\"8ef605f\" data-element_type=\"widget\" data-e-type=\"widget\" data-widget_type=\"menu-anchor.default\">\n\t\t\t\t<div class=\"elementor-widget-container\">\n\t\t\t\t\t\t\t<div class=\"elementor-menu-anchor\" id=\"inicio\"><\/div>\n\t\t\t\t\t\t<\/div>\n\t\t\t\t<\/div>\n\t\t\t\t<div class=\"elementor-element elementor-element-bd1ea42 elementor-widget elementor-widget-image\" data-id=\"bd1ea42\" data-element_type=\"widget\" data-e-type=\"widget\" data-widget_type=\"image.default\">\n\t\t\t\t<div class=\"elementor-widget-container\">\n\t\t\t\t\t\t\t\t\t\t\t\t\t\t\t<img fetchpriority=\"high\" decoding=\"async\" width=\"400\" height=\"400\" src=\"https:\/\/intranet.consensocorp.com\/wp-content\/uploads\/2024\/09\/beneficios-nuevo.gif\" class=\"attachment-full size-full wp-image-17134\" alt=\"\" \/>\t\t\t\t\t\t\t\t\t\t\t\t\t\t\t<\/div>\n\t\t\t\t<\/div>\n\t\t\t\t\t<\/div>\n\t\t\t\t<\/div>\n\t\t<div class=\"elementor-element elementor-element-4dfd86e e-flex e-con-boxed e-con e-parent\" data-id=\"4dfd86e\" data-element_type=\"container\" data-e-type=\"container\" data-settings=\"{&quot;background_background&quot;:&quot;classic&quot;,&quot;sticky&quot;:&quot;top&quot;,&quot;sticky_offset&quot;:90,&quot;sticky_offset_mobile&quot;:85,&quot;sticky_on&quot;:[&quot;desktop&quot;,&quot;tablet&quot;,&quot;mobile&quot;],&quot;sticky_effects_offset&quot;:0,&quot;sticky_anchor_link_offset&quot;:0}\">\n\t\t\t\t\t<div class=\"e-con-inner\">\n\t\t\t\t<div class=\"elementor-element elementor-element-ca9657b elementor-nav-menu__align-center elementor-nav-menu--dropdown-mobile elementor-nav-menu__text-align-aside elementor-nav-menu--toggle elementor-nav-menu--burger elementor-widget elementor-widget-nav-menu\" data-id=\"ca9657b\" data-element_type=\"widget\" data-e-type=\"widget\" data-settings=\"{&quot;submenu_icon&quot;:{&quot;value&quot;:&quot;&lt;i aria-hidden=\\&quot;true\\&quot; class=\\&quot;\\&quot;&gt;&lt;\\\/i&gt;&quot;,&quot;library&quot;:&quot;&quot;},&quot;layout&quot;:&quot;horizontal&quot;,&quot;toggle&quot;:&quot;burger&quot;}\" data-widget_type=\"nav-menu.default\">\n\t\t\t\t<div class=\"elementor-widget-container\">\n\t\t\t\t\t\t\t\t<nav aria-label=\"Men\u00fa\" class=\"elementor-nav-menu--main elementor-nav-menu__container elementor-nav-menu--layout-horizontal e--pointer-underline e--animation-fade\">\n\t\t\t\t<ul id=\"menu-1-ca9657b\" class=\"elementor-nav-menu\"><li class=\"menu-item menu-item-type-post_type menu-item-object-page menu-item-16965\"><a href=\"https:\/\/intranet.consensocorp.com\/?page_id=16874\" class=\"elementor-item\">Plan VIDA<\/a><\/li>\n<li class=\"menu-item menu-item-type-post_type menu-item-object-page menu-item-16964\"><a href=\"https:\/\/intranet.consensocorp.com\/?page_id=16932\" class=\"elementor-item\">Plan HOGAR<\/a><\/li>\n<li class=\"menu-item menu-item-type-post_type menu-item-object-page menu-item-16963\"><a href=\"https:\/\/intranet.consensocorp.com\/?page_id=16961\" class=\"elementor-item\">Plan SEGUROS<\/a><\/li>\n<li class=\"menu-item menu-item-type-post_type menu-item-object-page menu-item-16989\"><a href=\"https:\/\/intranet.consensocorp.com\/?page_id=16987\" class=\"elementor-item\">Plan FORMACI\u00d3N<\/a><\/li>\n<li class=\"menu-item menu-item-type-post_type menu-item-object-page menu-item-17028\"><a href=\"https:\/\/intranet.consensocorp.com\/?page_id=17020\" class=\"elementor-item\">Plan TIEMPOFLEX<\/a><\/li>\n<li class=\"menu-item menu-item-type-custom menu-item-object-custom menu-item-18190\"><a target=\"_blank\" href=\"https:\/\/form.jotform.com\/242805750381658\" class=\"elementor-item\">Valorando mi Bienestar<\/a><\/li>\n<\/ul>\t\t\t<\/nav>\n\t\t\t\t\t<div class=\"elementor-menu-toggle\" role=\"button\" tabindex=\"0\" aria-label=\"Alternar men\u00fa\" aria-expanded=\"false\">\n\t\t\t<svg aria-hidden=\"true\" role=\"presentation\" class=\"elementor-menu-toggle__icon--open e-font-icon-svg e-eicon-menu-bar\" viewBox=\"0 0 1000 1000\" xmlns=\"http:\/\/www.w3.org\/2000\/svg\"><path d=\"M104 333H896C929 333 958 304 958 271S929 208 896 208H104C71 208 42 237 42 271S71 333 104 333ZM104 583H896C929 583 958 554 958 521S929 458 896 458H104C71 458 42 487 42 521S71 583 104 583ZM104 833H896C929 833 958 804 958 771S929 708 896 708H104C71 708 42 737 42 771S71 833 104 833Z\"><\/path><\/svg><svg aria-hidden=\"true\" role=\"presentation\" class=\"elementor-menu-toggle__icon--close e-font-icon-svg e-eicon-close\" viewBox=\"0 0 1000 1000\" xmlns=\"http:\/\/www.w3.org\/2000\/svg\"><path d=\"M742 167L500 408 258 167C246 154 233 150 217 150 196 150 179 158 167 167 154 179 150 196 150 212 150 229 154 242 171 254L408 500 167 742C138 771 138 800 167 829 196 858 225 858 254 829L496 587 738 829C750 842 767 846 783 846 800 846 817 842 829 829 842 817 846 804 846 783 846 767 842 750 829 737L588 500 833 258C863 229 863 200 833 171 804 137 775 137 742 167Z\"><\/path><\/svg>\t\t<\/div>\n\t\t\t\t\t<nav class=\"elementor-nav-menu--dropdown elementor-nav-menu__container\" aria-hidden=\"true\">\n\t\t\t\t<ul id=\"menu-2-ca9657b\" class=\"elementor-nav-menu\"><li class=\"menu-item menu-item-type-post_type menu-item-object-page menu-item-16965\"><a href=\"https:\/\/intranet.consensocorp.com\/?page_id=16874\" class=\"elementor-item\" tabindex=\"-1\">Plan VIDA<\/a><\/li>\n<li class=\"menu-item menu-item-type-post_type menu-item-object-page menu-item-16964\"><a href=\"https:\/\/intranet.consensocorp.com\/?page_id=16932\" class=\"elementor-item\" tabindex=\"-1\">Plan HOGAR<\/a><\/li>\n<li class=\"menu-item menu-item-type-post_type menu-item-object-page menu-item-16963\"><a href=\"https:\/\/intranet.consensocorp.com\/?page_id=16961\" class=\"elementor-item\" tabindex=\"-1\">Plan SEGUROS<\/a><\/li>\n<li class=\"menu-item menu-item-type-post_type menu-item-object-page menu-item-16989\"><a href=\"https:\/\/intranet.consensocorp.com\/?page_id=16987\" class=\"elementor-item\" tabindex=\"-1\">Plan FORMACI\u00d3N<\/a><\/li>\n<li class=\"menu-item menu-item-type-post_type menu-item-object-page menu-item-17028\"><a href=\"https:\/\/intranet.consensocorp.com\/?page_id=17020\" class=\"elementor-item\" tabindex=\"-1\">Plan TIEMPOFLEX<\/a><\/li>\n<li class=\"menu-item menu-item-type-custom menu-item-object-custom menu-item-18190\"><a target=\"_blank\" href=\"https:\/\/form.jotform.com\/242805750381658\" class=\"elementor-item\" tabindex=\"-1\">Valorando mi Bienestar<\/a><\/li>\n<\/ul>\t\t\t<\/nav>\n\t\t\t\t\t\t<\/div>\n\t\t\t\t<\/div>\n\t\t\t\t\t<\/div>\n\t\t\t\t<\/div>\n\t\t<div class=\"elementor-element elementor-element-2c0b38e e-flex e-con-boxed e-con e-parent\" data-id=\"2c0b38e\" data-element_type=\"container\" data-e-type=\"container\" data-settings=\"{&quot;background_background&quot;:&quot;classic&quot;}\">\n\t\t\t\t\t<div class=\"e-con-inner\">\n\t\t<div class=\"elementor-element elementor-element-a8fae38 e-con-full e-flex e-con e-child\" data-id=\"a8fae38\" data-element_type=\"container\" data-e-type=\"container\">\n\t\t\t\t<div class=\"elementor-element elementor-element-52197ae elementor-widget-divider--view-line_text elementor-widget-divider--element-align-right elementor-widget elementor-widget-divider\" data-id=\"52197ae\" data-element_type=\"widget\" data-e-type=\"widget\" data-widget_type=\"divider.default\">\n\t\t\t\t<div class=\"elementor-widget-container\">\n\t\t\t\t\t\t\t<div class=\"elementor-divider\">\n\t\t\t<span class=\"elementor-divider-separator\">\n\t\t\t\t\t\t\t<span class=\"elementor-divider__text elementor-divider__element\">\n\t\t\t\tBENEFICIOS\t\t\t\t<\/span>\n\t\t\t\t\t\t<\/span>\n\t\t<\/div>\n\t\t\t\t\t\t<\/div>\n\t\t\t\t<\/div>\n\t\t\t\t<div class=\"elementor-element elementor-element-132b7bd elementor-widget elementor-widget-text-editor\" data-id=\"132b7bd\" data-element_type=\"widget\" data-e-type=\"widget\" data-widget_type=\"text-editor.default\">\n\t\t\t\t<div class=\"elementor-widget-container\">\n\t\t\t\t\t\t\t\t\t<h2 style=\"text-align: left;\">Veh\u00edculo<\/h2><p>Sabemos que tu auto es m\u00e1s que un medio de transporte, por eso te ofrecemos un seguro para tu veh\u00edculo a precios preferenciales brind\u00e1ndote seguridad y tranquilidad en cada kil\u00f3metro.<\/p><p>Cotiza tu mejor opci\u00f3n con SERINCO y asegura tu veh\u00edculo (carro y\/o moto).<\/p><p><strong>Inclusi\u00f3n y reclamos:<br \/><\/strong>Vanesa Aguilar 098 704 0467<\/p>\t\t\t\t\t\t\t\t<\/div>\n\t\t\t\t<\/div>\n\t\t\t\t<\/div>\n\t\t<div class=\"elementor-element elementor-element-6a1a345 e-con-full e-flex e-con e-child\" data-id=\"6a1a345\" data-element_type=\"container\" data-e-type=\"container\">\n\t\t\t\t<div class=\"elementor-element elementor-element-fa4b041 elementor-widget elementor-widget-image\" data-id=\"fa4b041\" data-element_type=\"widget\" data-e-type=\"widget\" data-widget_type=\"image.default\">\n\t\t\t\t<div class=\"elementor-widget-container\">\n\t\t\t\t\t\t\t\t\t\t\t\t\t\t\t<img decoding=\"async\" width=\"800\" height=\"600\" src=\"https:\/\/intranet.consensocorp.com\/wp-content\/uploads\/2024\/09\/beneficios-seguro-carro-F.jpg\" class=\"attachment-large size-large wp-image-17108\" alt=\"\" srcset=\"https:\/\/intranet.consensocorp.com\/wp-content\/uploads\/2024\/09\/beneficios-seguro-carro-F.jpg 800w, https:\/\/intranet.consensocorp.com\/wp-content\/uploads\/2024\/09\/beneficios-seguro-carro-F-300x225.jpg 300w, https:\/\/intranet.consensocorp.com\/wp-content\/uploads\/2024\/09\/beneficios-seguro-carro-F-768x576.jpg 768w, https:\/\/intranet.consensocorp.com\/wp-content\/uploads\/2024\/09\/beneficios-seguro-carro-F-350x263.jpg 350w\" sizes=\"(max-width: 800px) 100vw, 800px\" \/>\t\t\t\t\t\t\t\t\t\t\t\t\t\t\t<\/div>\n\t\t\t\t<\/div>\n\t\t\t\t<\/div>\n\t\t\t\t\t<\/div>\n\t\t\t\t<\/div>\n\t\t<div class=\"elementor-element elementor-element-644e94b e-flex e-con-boxed e-con e-parent\" data-id=\"644e94b\" data-element_type=\"container\" data-e-type=\"container\" data-settings=\"{&quot;background_background&quot;:&quot;classic&quot;}\">\n\t\t\t\t\t<div class=\"e-con-inner\">\n\t\t<div class=\"elementor-element elementor-element-28c005f e-con-full e-flex e-con e-child\" data-id=\"28c005f\" data-element_type=\"container\" data-e-type=\"container\">\n\t\t\t\t<div class=\"elementor-element elementor-element-5f7a3a5 elementor-widget-divider--view-line_text elementor-widget-divider--element-align-right elementor-widget elementor-widget-divider\" data-id=\"5f7a3a5\" data-element_type=\"widget\" data-e-type=\"widget\" data-widget_type=\"divider.default\">\n\t\t\t\t<div class=\"elementor-widget-container\">\n\t\t\t\t\t\t\t<div class=\"elementor-divider\">\n\t\t\t<span class=\"elementor-divider-separator\">\n\t\t\t\t\t\t\t<span class=\"elementor-divider__text elementor-divider__element\">\n\t\t\t\tBENEFICIOS\t\t\t\t<\/span>\n\t\t\t\t\t\t<\/span>\n\t\t<\/div>\n\t\t\t\t\t\t<\/div>\n\t\t\t\t<\/div>\n\t\t\t\t<div class=\"elementor-element elementor-element-95510b2 elementor-widget elementor-widget-text-editor\" data-id=\"95510b2\" data-element_type=\"widget\" data-e-type=\"widget\" data-widget_type=\"text-editor.default\">\n\t\t\t\t<div class=\"elementor-widget-container\">\n\t\t\t\t\t\t\t\t\t<h2>M\u00f3vil<\/h2><p>\u00bfTe preocupa el costo de reparar o reemplazar tu celular en caso de da\u00f1os o p\u00e9rdida? \u00a1No te preocupes m\u00e1s! Te ofrecemos la mejor opci\u00f3n para que mantengas tu dispositivo protegido.<\/p><p>Aplica para: Celulares comprados en Marcimex. Solicita tu seguro el d\u00eda que se realiza la compra.<\/p><p>*Cobertura por p\u00e9rdida total por robo o da\u00f1o accidental no reparable.<\/p><p><strong>OPCI\u00d3N 1:<\/strong> Celulares hasta $500. Deducible: 25% valor del celular, m\u00ednimo $50 asumido por el colaborador.<\/p><p><strong>OPCI\u00d3N 2:<\/strong> Celulares desde $501 a $1500. Deducible: 25% del valor del celular, m\u00ednimo $120 asumido por el colaborador.<\/p><p><strong>Inclusi\u00f3n:<\/strong> <br \/>Corina Peralta 098 476 5763<br \/>M\u00f3nica \u00d1auta 098 634 0140<\/p><p><strong>Reclamos:<\/strong> <br \/>Andrea C\u00e1rdenas P. 098 358 9356<\/p>\t\t\t\t\t\t\t\t<\/div>\n\t\t\t\t<\/div>\n\t\t\t\t<\/div>\n\t\t<div class=\"elementor-element elementor-element-295cb6c e-con-full e-flex e-con e-child\" data-id=\"295cb6c\" data-element_type=\"container\" data-e-type=\"container\">\n\t\t\t\t<div class=\"elementor-element elementor-element-7724ad2 elementor-widget elementor-widget-image\" data-id=\"7724ad2\" data-element_type=\"widget\" data-e-type=\"widget\" data-widget_type=\"image.default\">\n\t\t\t\t<div class=\"elementor-widget-container\">\n\t\t\t\t\t\t\t\t\t\t\t\t\t\t\t<img decoding=\"async\" width=\"800\" height=\"600\" src=\"https:\/\/intranet.consensocorp.com\/wp-content\/uploads\/2024\/09\/beneficios-seguro-cel-F.jpg\" class=\"attachment-large size-large wp-image-17106\" alt=\"\" srcset=\"https:\/\/intranet.consensocorp.com\/wp-content\/uploads\/2024\/09\/beneficios-seguro-cel-F.jpg 800w, https:\/\/intranet.consensocorp.com\/wp-content\/uploads\/2024\/09\/beneficios-seguro-cel-F-300x225.jpg 300w, https:\/\/intranet.consensocorp.com\/wp-content\/uploads\/2024\/09\/beneficios-seguro-cel-F-768x576.jpg 768w, https:\/\/intranet.consensocorp.com\/wp-content\/uploads\/2024\/09\/beneficios-seguro-cel-F-350x263.jpg 350w\" sizes=\"(max-width: 800px) 100vw, 800px\" \/>\t\t\t\t\t\t\t\t\t\t\t\t\t\t\t<\/div>\n\t\t\t\t<\/div>\n\t\t\t\t<\/div>\n\t\t\t\t\t<\/div>\n\t\t\t\t<\/div>\n\t\t<div class=\"elementor-element elementor-element-f450294 e-flex e-con-boxed e-con e-parent\" data-id=\"f450294\" data-element_type=\"container\" data-e-type=\"container\" data-settings=\"{&quot;background_background&quot;:&quot;classic&quot;}\">\n\t\t\t\t\t<div class=\"e-con-inner\">\n\t\t<div class=\"elementor-element elementor-element-4fa88cf e-con-full e-flex e-con e-child\" data-id=\"4fa88cf\" data-element_type=\"container\" data-e-type=\"container\">\n\t\t\t\t<div class=\"elementor-element elementor-element-571de50 elementor-widget-divider--view-line_text elementor-widget-divider--element-align-right elementor-widget elementor-widget-divider\" data-id=\"571de50\" data-element_type=\"widget\" data-e-type=\"widget\" data-widget_type=\"divider.default\">\n\t\t\t\t<div class=\"elementor-widget-container\">\n\t\t\t\t\t\t\t<div class=\"elementor-divider\">\n\t\t\t<span class=\"elementor-divider-separator\">\n\t\t\t\t\t\t\t<span class=\"elementor-divider__text elementor-divider__element\">\n\t\t\t\tBENEFICIOS\t\t\t\t<\/span>\n\t\t\t\t\t\t<\/span>\n\t\t<\/div>\n\t\t\t\t\t\t<\/div>\n\t\t\t\t<\/div>\n\t\t\t\t<div class=\"elementor-element elementor-element-7f3a9d8 elementor-widget elementor-widget-text-editor\" data-id=\"7f3a9d8\" data-element_type=\"widget\" data-e-type=\"widget\" data-widget_type=\"text-editor.default\">\n\t\t\t\t<div class=\"elementor-widget-container\">\n\t\t\t\t\t\t\t\t\t<h2>Patrimonio<\/h2><p>Tu hogar es uno de tus mayores activos y, queremos ayudarte a protegerlo con la mejor cobertura al mejor precio. \u00a1Asegura tu tranquilidad!<\/p><p>Cobertura para tu casa y todo su contenido contra robo e incendio.<br \/>Cotiza tu mejor plan con SERINCO.<\/p><p><strong>Inclusi\u00f3n y reclamos:<br \/><\/strong>Vanesa Aguilar 098 704 0467<\/p>\t\t\t\t\t\t\t\t<\/div>\n\t\t\t\t<\/div>\n\t\t\t\t<\/div>\n\t\t<div class=\"elementor-element elementor-element-e3030f6 e-con-full e-flex e-con e-child\" data-id=\"e3030f6\" data-element_type=\"container\" data-e-type=\"container\">\n\t\t\t\t<div class=\"elementor-element elementor-element-2ea2b83 elementor-widget elementor-widget-image\" data-id=\"2ea2b83\" data-element_type=\"widget\" data-e-type=\"widget\" data-widget_type=\"image.default\">\n\t\t\t\t<div class=\"elementor-widget-container\">\n\t\t\t\t\t\t\t\t\t\t\t\t\t\t\t<img loading=\"lazy\" decoding=\"async\" width=\"800\" height=\"600\" src=\"https:\/\/intranet.consensocorp.com\/wp-content\/uploads\/2024\/09\/beneficios-seguro-casa-F.jpg\" class=\"attachment-large size-large wp-image-17107\" alt=\"\" srcset=\"https:\/\/intranet.consensocorp.com\/wp-content\/uploads\/2024\/09\/beneficios-seguro-casa-F.jpg 800w, https:\/\/intranet.consensocorp.com\/wp-content\/uploads\/2024\/09\/beneficios-seguro-casa-F-300x225.jpg 300w, https:\/\/intranet.consensocorp.com\/wp-content\/uploads\/2024\/09\/beneficios-seguro-casa-F-768x576.jpg 768w, https:\/\/intranet.consensocorp.com\/wp-content\/uploads\/2024\/09\/beneficios-seguro-casa-F-350x263.jpg 350w\" sizes=\"(max-width: 800px) 100vw, 800px\" \/>\t\t\t\t\t\t\t\t\t\t\t\t\t\t\t<\/div>\n\t\t\t\t<\/div>\n\t\t\t\t<\/div>\n\t\t\t\t\t<\/div>\n\t\t\t\t<\/div>\n\t\t<div class=\"elementor-element elementor-element-52d3927 e-flex e-con-boxed e-con e-parent\" data-id=\"52d3927\" data-element_type=\"container\" data-e-type=\"container\" data-settings=\"{&quot;background_background&quot;:&quot;classic&quot;}\">\n\t\t\t\t\t<div class=\"e-con-inner\">\n\t\t\t\t<div class=\"elementor-element elementor-element-13d7aa4 elementor-align-center elementor-widget elementor-widget-button\" data-id=\"13d7aa4\" data-element_type=\"widget\" data-e-type=\"widget\" data-widget_type=\"button.default\">\n\t\t\t\t<div class=\"elementor-widget-container\">\n\t\t\t\t\t\t\t\t\t<div class=\"elementor-button-wrapper\">\n\t\t\t\t\t<a class=\"elementor-button elementor-button-link elementor-size-sm\" href=\"https:\/\/intranet.consensocorp.com\/?page_id=16961#inicio\">\n\t\t\t\t\t\t<span class=\"elementor-button-content-wrapper\">\n\t\t\t\t\t\t\t\t\t<span class=\"elementor-button-text\">VER OTROS PLANES<\/span>\n\t\t\t\t\t<\/span>\n\t\t\t\t\t<\/a>\n\t\t\t\t<\/div>\n\t\t\t\t\t\t\t\t<\/div>\n\t\t\t\t<\/div>\n\t\t\t\t\t<\/div>\n\t\t\t\t<\/div>\n\t\t<div class=\"elementor-element elementor-element-24bd601 e-flex e-con-boxed e-con e-parent\" data-id=\"24bd601\" data-element_type=\"container\" data-e-type=\"container\">\n\t\t\t\t\t<div class=\"e-con-inner\">\n\t\t\t\t<div class=\"elementor-element elementor-element-0f6f438 elementor-widget elementor-widget-image\" data-id=\"0f6f438\" data-element_type=\"widget\" data-e-type=\"widget\" data-widget_type=\"image.default\">\n\t\t\t\t<div class=\"elementor-widget-container\">\n\t\t\t\t\t\t\t\t\t\t\t\t\t\t\t<img loading=\"lazy\" decoding=\"async\" width=\"300\" height=\"334\" src=\"https:\/\/intranet.consensocorp.com\/wp-content\/uploads\/2024\/09\/logo-PlanSeguros.png\" class=\"attachment-full size-full wp-image-17153\" alt=\"\" srcset=\"https:\/\/intranet.consensocorp.com\/wp-content\/uploads\/2024\/09\/logo-PlanSeguros.png 300w, https:\/\/intranet.consensocorp.com\/wp-content\/uploads\/2024\/09\/logo-PlanSeguros-269x300.png 269w\" sizes=\"(max-width: 300px) 100vw, 300px\" \/>\t\t\t\t\t\t\t\t\t\t\t\t\t\t\t<\/div>\n\t\t\t\t<\/div>\n\t\t\t\t\t<\/div>\n\t\t\t\t<\/div>\n\t\t\t\t<\/div>\n\t\t","protected":false},"excerpt":{"rendered":"<p>miBienestar PLANES DE BENEFICIOS PARA COLABORADORES DE GRUPO CONSENSO El prop\u00f3sito de Grupo Consenso es CONSTRUIR BIENESTAR para sus colaboradores y familias. Por lo que al trabajar con nosotros accedes a servicios corporativos de calidad y tarifas preferenciales con facilidades de pago. Apreciamos tu dedicaci\u00f3n y esfuerzo, y creemos que estos beneficios contribuir\u00e1n positivamente a [&hellip;]<\/p>\n","protected":false},"author":1,"featured_media":0,"parent":0,"menu_order":0,"comment_status":"closed","ping_status":"closed","template":"elementor_header_footer","meta":{"footnotes":""},"class_list":["post-16961","page","type-page","status-publish","hentry"],"_links":{"self":[{"href":"https:\/\/intranet.consensocorp.com\/index.php?rest_route=\/wp\/v2\/pages\/16961","targetHints":{"allow":["GET"]}}],"collection":[{"href":"https:\/\/intranet.consensocorp.com\/index.php?rest_route=\/wp\/v2\/pages"}],"about":[{"href":"https:\/\/intranet.consensocorp.com\/index.php?rest_route=\/wp\/v2\/types\/page"}],"author":[{"embeddable":true,"href":"https:\/\/intranet.consensocorp.com\/index.php?rest_route=\/wp\/v2\/users\/1"}],"replies":[{"embeddable":true,"href":"https:\/\/intranet.consensocorp.com\/index.php?rest_route=%2Fwp%2Fv2%2Fcomments&post=16961"}],"version-history":[{"count":91,"href":"https:\/\/intranet.consensocorp.com\/index.php?rest_route=\/wp\/v2\/pages\/16961\/revisions"}],"predecessor-version":[{"id":18038,"href":"https:\/\/intranet.consensocorp.com\/index.php?rest_route=\/wp\/v2\/pages\/16961\/revisions\/18038"}],"wp:attachment":[{"href":"https:\/\/intranet.consensocorp.com\/index.php?rest_route=%2Fwp%2Fv2%2Fmedia&parent=16961"}],"curies":[{"name":"wp","href":"https:\/\/api.w.org\/{rel}","templated":true}]}}