{"id":19148,"date":"2025-08-30T02:19:07","date_gmt":"2025-08-30T02:19:07","guid":{"rendered":"https:\/\/intranet.consensocorp.com\/?page_id=19148"},"modified":"2025-08-30T17:50:21","modified_gmt":"2025-08-30T17:50:21","slug":"politica-de-uso-de-cookies","status":"publish","type":"page","link":"https:\/\/intranet.consensocorp.com\/?page_id=19148","title":{"rendered":"Pol\u00edtica de Uso de Cookies"},"content":{"rendered":"\t\t<div data-elementor-type=\"wp-page\" data-elementor-id=\"19148\" class=\"elementor elementor-19148\" data-elementor-post-type=\"page\">\n\t\t\t\t\t\t<section class=\"elementor-section elementor-top-section elementor-element elementor-element-6a2d70cf elementor-section-full_width elementor-section-height-min-height elementor-section-height-default elementor-section-items-middle\" data-id=\"6a2d70cf\" data-element_type=\"section\" data-e-type=\"section\" data-settings=\"{&quot;background_background&quot;:&quot;classic&quot;}\">\n\t\t\t\t\t\t<div class=\"elementor-container elementor-column-gap-no\">\n\t\t\t\t\t<div class=\"elementor-column elementor-col-100 elementor-top-column elementor-element elementor-element-68332051\" data-id=\"68332051\" data-element_type=\"column\" data-e-type=\"column\">\n\t\t\t<div class=\"elementor-widget-wrap elementor-element-populated\">\n\t\t\t\t\t\t<div class=\"elementor-element elementor-element-fc9d84a elementor-widget elementor-widget-text-editor\" data-id=\"fc9d84a\" data-element_type=\"widget\" data-e-type=\"widget\" data-widget_type=\"text-editor.default\">\n\t\t\t\t<div class=\"elementor-widget-container\">\n\t\t\t\t\t\t\t\t\t<h1 style=\"text-align: center;\"><span style=\"color: #ffffff;\">Pol\u00edtica de uso de cookies<\/span><\/h1>\t\t\t\t\t\t\t\t<\/div>\n\t\t\t\t<\/div>\n\t\t\t\t\t<\/div>\n\t\t<\/div>\n\t\t\t\t\t<\/div>\n\t\t<\/section>\n\t\t<div class=\"elementor-element elementor-element-3f2ec53 e-flex e-con-boxed e-con e-parent\" data-id=\"3f2ec53\" data-element_type=\"container\" data-e-type=\"container\">\n\t\t\t\t\t<div class=\"e-con-inner\">\n\t\t\t\t<div class=\"elementor-element elementor-element-80b04bb elementor-widget elementor-widget-text-editor\" data-id=\"80b04bb\" data-element_type=\"widget\" data-e-type=\"widget\" data-widget_type=\"text-editor.default\">\n\t\t\t\t<div class=\"elementor-widget-container\">\n\t\t\t\t\t\t\t\t\t<ol>\n \t<li><strong>Objetivo<\/strong><\/br>\n\t<p><\/p>\n    <p>\n\t\tLa presente pol\u00edtica de cookies, informa a los usuarios acerca del uso de las cookies en su p\u00e1gina web del Grupo Consenso, , (Enti\u00e9ndase como Grupo CONSENSO a las siguientes sociedades: INDURAMA ECUADOR S.A., MARCIMEX S.A., MERCANDINA S.A., SERVIHOGAR S.A., SERINCO AGENCIA ASESORA PRODUCTORA DE SEGUROS S.A., ENTECSUR ENSAMBLADORA TECNOLOGICA DEL SUR S.A., SERVIANDINA S.A., ARMONIATECH S.A., MOTOPLUS S.A., MOTOPOWERPRO S.A., COMERCIALIZADORA Y DISTRIBUIDORA METROSUR S.A., TARPUQ C\u00cdA. LTDA., ENSAFRANCE S.A.S, FUNDACI\u00d3N HUMANITARIA PABLO JARAMILLO CRESPO, sin embargo, pueden integrarse otras sociedades del Grupo y los t\u00e9rminos y condiciones de este documento se aplicar\u00e1n a la sociedad, entidad, etc.).\n    <\/p>\n    <\/li>\n<p><\/p>\n \t<li><strong>Alcance<\/strong><\/br>\n\t<\/br>\n\t\tLa presente pol\u00edtica es de obligatorio cumplimiento para las sociedades, entidades que conforman el Grupo CONSENSO.<\/li>\n<\/br>\n \t<li><strong>T\u00e9rminos y definiciones<\/strong><\/br>\n\t\tLos t\u00e9rminos y definiciones que cuentan en la presente pol\u00edtica, se entender\u00e1n as\u00ed:\n\t<ol type=\"a\">\n \t\t<li>\n\t\t\t<strong>Responsable de tratamiento:<\/strong> persona natural o jur\u00eddica, p\u00fablica o privada, autoridad p\u00fablica, u otro organismo, que solo o conjuntamente con otros decide sobre la finalidad y el tratamiento de datos personales.\n\t\t<\/li>\n \t\t<li>\n\t\t\t<strong>Encargado de tratamiento:<\/strong> Persona natural o jur\u00eddica, p\u00fablica o privada, autoridad p\u00fablica, u otro organismo que solo o conjuntamente con otros trate datos personales a nombre y por cuenta de un responsable de tratamiento de datos personales.\n\t\t<\/li>\n \t\t<li>\n\t\t\t<strong>Cookies:<\/strong> Archivos que se pueden descargar en su equipo a trav\u00e9s de las p\u00e1ginas web. Son herramientas que tienen un papel esencial para la prestaci\u00f3n de numerosos servicios. Las cookies permiten a una p\u00e1gina web almacenar y recuperar informaci\u00f3n sobre los h\u00e1bitos de navegaci\u00f3n de un usuario o de su equipo y, dependiendo de la informaci\u00f3n obtenida, se pueden utilizar para reconocer al usuario y mejorar el servicio ofrecido.\n\t\t<\/li>\n \t\t<li>\n\t\t\t<strong>Tratamiento:<\/strong> Cualquier operaci\u00f3n o conjunto de operaciones realizadas sobre datos personales, ya sea por procedimientos t\u00e9cnicos de car\u00e1cter automatizado, parcialmente automatizado o no automatizado, tales como: la recogida, recopilaci\u00f3n, obtenci\u00f3n, registro, organizaci\u00f3n, estructuraci\u00f3n, conservaci\u00f3n, custodia, adaptaci\u00f3n, modificaci\u00f3n, eliminaci\u00f3n, indexaci\u00f3n, extracci\u00f3n, consulta, elaboraci\u00f3n, utilizaci\u00f3n, posesi\u00f3n, aprovechamiento, distribuci\u00f3n, cesi\u00f3n, comunicaci\u00f3n o transferencia, o cualquier otra forma de habilitaci\u00f3n de acceso, cotejo, interconexi\u00f3n, limitaci\u00f3n, supresi\u00f3n, destrucci\u00f3n y, en general, cualquier uso de datos personales.\n\t\t<\/li>\n \t\t<li>\n\t\t\t<strong>Consentimiento:<\/strong> Manifestaci\u00f3n de la voluntad libre, espec\u00edfica, informada e inequ\u00edvoca, por el que el titular de los datos personales autoriza al responsable del tratamiento de los datos personales a tratar los mismos.\n\t\t<\/li>\n \t\t<li>\n\t\t\t<strong>Dato personal:<\/strong> Manifestaci\u00f3n de la voluntad libre, espec\u00edfica, informada e inequ\u00edvoca, por el que el titular de los datos personales autoriza al responsable del tratamiento de los datos personales a tratar los mismos.\n\t\t<\/li>\n \t\t<li>\n\t\t\t<strong>Privacidad:<\/strong> \u00c1mbito de la vida privada, que se tiene derecho a proteger de cualquier intromisi\u00f3n.\n\t\t<\/li>\n \t\t<li>\n\t\t\t<strong>Plataforma web:<\/strong> Entorno inform\u00e1tico determinado que utiliza sistemas integrados entre s\u00ed.\n\t\t<\/li>\n \t\t<li>\n\t\t\t<strong>Derecho de acceso:<\/strong> El titular tiene derecho a conocer y a obtener, gratuitamente, del responsable de tratamiento acceso a todos sus datos personales y a la informaci\u00f3n detallada en el art\u00edculo precedente, sin necesidad de presentar justificaci\u00f3n alguna.\n\t\t<\/li>\n \t\t<li>\n\t\t\t<strong>Derecho de rectificaci\u00f3n y actualizaci\u00f3n:<\/strong> El titular tiene el derecho a obtener del responsable del tratamiento la rectificaci\u00f3n y actualizaci\u00f3n de sus datos personales inexactos o incompletos.\n\t\t<\/li>\n \t\t<li>\n\t\t\t<strong>Derecho de eliminaci\u00f3n:<\/strong> El titular tiene derecho a que el responsable del tratamiento suprima sus datos personales, conforme las causales establecidas en el art\u00edculo 15 de la Ley Org\u00e1nica de Protecci\u00f3n de Datos Personales.\n\t\t<\/li>\n \t\t<li>\n\t\t\t<strong>Derecho de oposici\u00f3n:<\/strong> El titular tiene el derecho a oponerse o negarse al tratamiento de sus datos personales, conforme las causales establecidas en el art\u00edculo 16 de la Ley Org\u00e1nica de Protecci\u00f3n de Datos Personales.\n\t\t<\/li>\n \t\t<li>\n\t\t\t<strong>Derecho a la portabilidad:<\/strong> El titular tiene el derecho a recibir del responsable del tratamiento, sus datos personales en un formato compatible, actualizado, estructurado, com\u00fan, \u00ednter-operable y de lectura mec\u00e1nica, preservando sus caracter\u00edsticas; o a transmitirlos a otros responsables.\n\t\t<\/li>\n<\/ol>\n<\/br>\n \t<li><strong>Fundamento Normativo y Legal<\/strong>\n\t\t<ul>\n \t\t\t<li>\n\t\t\t\tEl art\u00edculo 66 numeral 19 de la Constituci\u00f3n de la Rep\u00fablica reconoce y garantiza a las personas: <em>\u00ab19. El derecho a la protecci\u00f3n de datos car\u00e1cter personal, que incluye el acceso y la decisi\u00f3n sobre informaci\u00f3n y datos de este car\u00e1cter, as\u00ed como su correspondiente protecci\u00f3n.<\/em>\n\t\t\t<\/li>\n \t\t\t<li>\n\t\t\t\tEl art\u00edculo 1 de la Ley Org\u00e1nica de Protecci\u00f3n de Datos Personales establece que: <em>\u201cEl objeto y finalidad de esta ley es garantizar el ejercicio del derecho a la protecci\u00f3n de datos personales,<\/em> que incluye el acceso y decisi\u00f3n sobre informaci\u00f3n y datos de este car\u00e1cter, <em>as\u00ed como su correspondiente protecci\u00f3n Para dicho efecto regula, prev\u00e9 y desarrolla principios, derechos, obligaciones y mecanismos de tutela.<\/em>\n\t\t\t<\/li>\n \t\t\t<li>\n\t\t\t\tEl art\u00edculo 4 <em>ib\u00eddem<\/em> define al Encargado del tratamiento de datos personales como la: <em>Persona natural o jur\u00eddica, p\u00fablica o privada, autoridad p\u00fablica, u otro organismo <u>que solo o conjuntamente con otros trate datos personales<\/u> a nombre y por cuenta de un responsable de tratamiento de datos personales.<\/em>\n\t\t\t<\/li>\n \t\t\t<li>\n\t\t\t\tEl art\u00edculo 37 ib\u00eddem dispone: <em>El responsable o encargado del tratamiento de datos personales seg\u00fan sea el caso, deber\u00e1 sujetarse al principio de seguridad de datos personales, para lo cual deber\u00e1 tomar en cuenta las categor\u00edas y volumen de datos personales, el estado de la t\u00e9cnica, mejores pr\u00e1cticas de seguridad integral y los costos de aplicaci\u00f3n de acuerdo a la naturaleza, alcance, contexto y los fines del tratamiento, as\u00ed como identificar la probabilidad de riesgos.<\/em>\n\t\t\t<\/li>\n\t\t<\/ul>\n\t<\/li>\n<\/br>\n\t<li><strong>P\u00fablico objetivo<\/strong><\/br>\n\t\tLas cookies permiten a una p\u00e1gina web almacenar y recuperar informaci\u00f3n sobre los h\u00e1bitos de navegaci\u00f3n de un usuario o de su equipo y, dependiendo de la informaci\u00f3n obtenida, se pueden utilizar para reconocer al usuario y mejorar el servicio ofrecido.<\/li>\n\t<\/br>\n \t<li><strong>Propiedad<\/strong><\/br>\n\t\tDel cumplimiento, aplicaci\u00f3n y difusi\u00f3n est\u00e1 a cargo de los Representantes Legales de las sociedades o entidades que conforman el Grupo CONSENSO y de todos cada uno de los colaboradores en el ejercicio de su cargo o funci\u00f3n.<\/li>\n\t<\/br>\n \t<li><strong>Disposiciones Generales: Tipos de cookies<\/strong><\/br>\n\t\t<p>\n            Grupo Consenso gestiona el dominio desde donde se generan las cookies y trate los datos que se obtengan a trav\u00e9s de cookies propias. \n        <\/p>\n        <p>\n            Las cookies propias de Grupo Consenso son aqu\u00e9llas que se env\u00edan al equipo terminal del usuario desde un equipo o dominio gestionado por el propio editor y desde el que se presta el servicio solicitado por el usuario.\n        <\/p>\n\t\t<p>\n\t\t    Existe tambi\u00e9n una segunda clasificaci\u00f3n seg\u00fan el plazo de tiempo que permanecen almacenadas en el navegador del cliente, pudiendo tratarse de:\n        <\/p>\n        <\/li>\n\n<ol type=\"a\">\n \t<li>Cookies de an\u00e1lisis: dise\u00f1adas para recabar y almacenar datos mientras el usuario accede a una p\u00e1gina web. Grupo Consenso emplea el almacenamiento de informaci\u00f3n con fines informativos y de seguimiento interno.<\/li>\n \t<li>Cookies de personalizaci\u00f3n: dise\u00f1adas para recabar y almacenar datos mientras el usuario accede a una p\u00e1gina web con la finalidad de efectuar publicidad en sus plataformas propias, para personalizar la experiencia al cliente en el propio sitio web.<\/li>\n<\/ol>\n<p><\/p>\n<p>Por \u00faltimo, existe otra clasificaci\u00f3n en la cual se establece cu\u00e1les son las cookies utilizadas por el sitio web de GRUPO CONSENSO.<\/p>\n\n\t<ol>\n\t\t<li>\n\t\t\tCookies de personalizaci\u00f3n: permiten al usuario acceder al servicio con algunas caracter\u00edsticas de car\u00e1cter general predefinidas en funci\u00f3n de una serie de criterios en el terminal del usuario como por ejemplo serian el idioma, el tipo de navegador a trav\u00e9s del cual accede al servicio, la configuraci\u00f3n regional desde donde accede al servicio, etc.\n\t\t<\/li>\n\t\t<li>\n\t\t\tCookies de an\u00e1lisis: permiten al responsable de las mismas, el seguimiento y an\u00e1lisis del comportamiento de los usuarios de los sitios web a los que est\u00e1n vinculadas. La informaci\u00f3n recogida mediante este tipo de cookies se utiliza en la medici\u00f3n de la actividad de los sitios web, aplicaci\u00f3n o plataforma y para la elaboraci\u00f3n de perfiles de navegaci\u00f3n de los usuarios de dichos sitios, aplicaciones y plataformas, con el fin de introducir mejoras en funci\u00f3n del an\u00e1lisis de los datos de uso que hacen los usuarios del servicio.\n\t\t<\/li>\n\t\t<li>\n\t\t\tCookies publicitarias: permiten la gesti\u00f3n, de la forma m\u00e1s eficaz posible, de los espacios publicitarios.\n\t\t<\/li>\n\t\t<li>\n\t\t\tCookies de redes sociales externas: se utilizan para que los visitantes puedan interactuar con el contenido de diferentes plataformas sociales (Facebook, YouTube, LinkedIn, etc.) y que se generen \u00fanicamente para los usuarios de dichas redes sociales. Las condiciones de utilizaci\u00f3n de estas cookies y la informaci\u00f3n recopilada se regulan por la pol\u00edtica de privacidad de la plataforma social correspondiente.\n\t\t<\/li>\n\t<\/ol>\n<\/br>\n\n\t<li><strong>Disposiciones Espec\u00edficas:<\/strong>\n\n<p><strong>Proceso para la desactivaci\u00f3n y eliminaci\u00f3n de cookies<\/strong><\/p>\n \t<p>Tienes la opci\u00f3n de permitir, bloquear o eliminar las cookies instaladas en tu equipo mediante la configuraci\u00f3n de las opciones del navegador instalado en su equipo. Al desactivar las cookies, algunos de los servicios disponibles podr\u00edan dejar de estar operativos. La forma de deshabilitar las cookies es diferente para cada navegador, pero normalmente puede hacerse desde el men\u00fa Herramientas u Opciones. Tambi\u00e9n puede consultarse el men\u00fa de Ayuda del navegador d\u00f3nde puedes encontrar instrucciones. El usuario podr\u00e1 en cualquier momento elegir qu\u00e9 cookies quiere que funcionen en este sitio web.<\/p>\n \t<p>Puede usted permitir, bloquear o eliminar las cookies instaladas en su equipo mediante la configuraci\u00f3n de las opciones del navegador instalado en su ordenador:<\/p>\n\t<ul>\n \t<li>\n\t\tMicrosoft Internet Explorer o Microsoft Edge: <a href=\"http:\/\/windows.microsoft.com\/es-es\/windows-vista\/Block-or-allow-cookies>http:\/\/windows.microsoft.com\/es-es\/windows-vista\/Block-or-allow-cookies<\/a>\n\t<\/li>\n\t<li>\n\t\tMozilla Firefox: <a href=\"http:\/\/support.mozilla.org\/es\/kb\/impedir-que-los-sitios-web-guarden-sus-preferencia\">http:\/\/support.mozilla.org\/es\/kb\/impedir-que-los-sitios-web-guarden-sus-preferencia<\/a>\n\t<\/li>\n\t<li>\n\t\tChrome: <a href=\"https:\/\/support.google.com\/accounts\/answer\/61416?hl=es\">https:\/\/support.google.com\/accounts\/answer\/61416?hl=es<\/a><\/li>\n\t<li>\n\t\tSafari: <a href=\"http:\/\/safari.helpmax.net\/es\/privacidad-y-seguridad\/como-gestionar-las-cookies\/>http:\/\/safari.helpmax.net\/es\/privacidad-y-seguridad\/como-gestionar-las-cookies\/<\/a>\n\t<\/li>\n\t<li>\n\t\tOpera: <a href=\"http:\/\/help.opera.com\/Linux\/10.60\/es-ES\/cookies.html>http:\/\/help.opera.com\/Linux\/10.60\/es-ES\/cookies.html<\/a>\n\t<\/li>\n<\/ul>\t\n<\/li>\n<p><\/p>\n<h3>\n    Aceptaci\u00f3n de la Pol\u00edtica de cookies\n<\/h3>\n<p>\n    Grupo Consenso asume que usted acepta el uso de cookies. No obstante, muestra informaci\u00f3n sobre su Pol\u00edtica de cookies en la parte inferior de la p\u00e1gina principal con el objeto de que usted sea debidamente informado.\n<\/p>\n<p>\n    Ante esta informaci\u00f3n es posible llevar a cabo las siguientes acciones:\n<\/p>\n<ul>\n    <li>Aceptar cookies. No se volver\u00e1 a visualizar este aviso al acceder a cualquier p\u00e1gina del portal durante la presente sesi\u00f3n.<\/li>\n    <li>Cerrar. Se oculta el aviso en la presente p\u00e1gina.<\/li>\n    <li>Modificar su configuraci\u00f3n. Podr\u00e1 obtener m\u00e1s informaci\u00f3n sobre qu\u00e9 son las cookies, conocer la Pol\u00edtica de cookies de Grupo Consenso y modificar la configuraci\u00f3n de su navegador.<\/li>\n<\/ul>\n&nbsp;\t\t\t\t\t\t\t\t<\/div>\n\t\t\t\t<\/div>\n\t\t\t\t\t<\/div>\n\t\t\t\t<\/div>\n\t\t\t\t<\/div>\n\t\t","protected":false},"excerpt":{"rendered":"<p>Pol\u00edtica de uso de cookies Objetivo La presente pol\u00edtica de cookies, informa a los usuarios acerca del uso de las cookies en su p\u00e1gina web del Grupo Consenso, , (Enti\u00e9ndase como Grupo CONSENSO a las siguientes sociedades: INDURAMA ECUADOR S.A., MARCIMEX S.A., MERCANDINA S.A., SERVIHOGAR S.A., SERINCO AGENCIA ASESORA PRODUCTORA DE SEGUROS S.A., ENTECSUR ENSAMBLADORA [&hellip;]<\/p>\n","protected":false},"author":1,"featured_media":0,"parent":0,"menu_order":0,"comment_status":"closed","ping_status":"closed","template":"elementor_header_footer","meta":{"footnotes":""},"class_list":["post-19148","page","type-page","status-publish","hentry"],"_links":{"self":[{"href":"https:\/\/intranet.consensocorp.com\/index.php?rest_route=\/wp\/v2\/pages\/19148","targetHints":{"allow":["GET"]}}],"collection":[{"href":"https:\/\/intranet.consensocorp.com\/index.php?rest_route=\/wp\/v2\/pages"}],"about":[{"href":"https:\/\/intranet.consensocorp.com\/index.php?rest_route=\/wp\/v2\/types\/page"}],"author":[{"embeddable":true,"href":"https:\/\/intranet.consensocorp.com\/index.php?rest_route=\/wp\/v2\/users\/1"}],"replies":[{"embeddable":true,"href":"https:\/\/intranet.consensocorp.com\/index.php?rest_route=%2Fwp%2Fv2%2Fcomments&post=19148"}],"version-history":[{"count":13,"href":"https:\/\/intranet.consensocorp.com\/index.php?rest_route=\/wp\/v2\/pages\/19148\/revisions"}],"predecessor-version":[{"id":19200,"href":"https:\/\/intranet.consensocorp.com\/index.php?rest_route=\/wp\/v2\/pages\/19148\/revisions\/19200"}],"wp:attachment":[{"href":"https:\/\/intranet.consensocorp.com\/index.php?rest_route=%2Fwp%2Fv2%2Fmedia&parent=19148"}],"curies":[{"name":"wp","href":"https:\/\/api.w.org\/{rel}","templated":true}]}}