{"id":19160,"date":"2025-08-30T02:53:51","date_gmt":"2025-08-30T02:53:51","guid":{"rendered":"https:\/\/intranet.consensocorp.com\/?page_id=19160"},"modified":"2025-08-30T17:48:59","modified_gmt":"2025-08-30T17:48:59","slug":"politica-de-privacidad","status":"publish","type":"page","link":"https:\/\/intranet.consensocorp.com\/?page_id=19160","title":{"rendered":"Pol\u00edtica de Privacidad"},"content":{"rendered":"\t\t<div data-elementor-type=\"wp-page\" data-elementor-id=\"19160\" class=\"elementor elementor-19160\" data-elementor-post-type=\"page\">\n\t\t\t\t\t\t<section class=\"elementor-section elementor-top-section elementor-element elementor-element-6a2d70cf elementor-section-full_width elementor-section-height-min-height elementor-section-height-default elementor-section-items-middle\" data-id=\"6a2d70cf\" data-element_type=\"section\" data-e-type=\"section\" data-settings=\"{&quot;background_background&quot;:&quot;classic&quot;}\">\n\t\t\t\t\t\t<div class=\"elementor-container elementor-column-gap-no\">\n\t\t\t\t\t<div class=\"elementor-column elementor-col-100 elementor-top-column elementor-element elementor-element-68332051\" data-id=\"68332051\" data-element_type=\"column\" data-e-type=\"column\">\n\t\t\t<div class=\"elementor-widget-wrap elementor-element-populated\">\n\t\t\t\t\t\t<div class=\"elementor-element elementor-element-fc9d84a elementor-widget elementor-widget-text-editor\" data-id=\"fc9d84a\" data-element_type=\"widget\" data-e-type=\"widget\" data-widget_type=\"text-editor.default\">\n\t\t\t\t<div class=\"elementor-widget-container\">\n\t\t\t\t\t\t\t\t\t<h1 style=\"text-align: center;\"><span style=\"color: #ffffff;\">Pol\u00edtica de Privacidad<\/span><\/h1>\t\t\t\t\t\t\t\t<\/div>\n\t\t\t\t<\/div>\n\t\t\t\t\t<\/div>\n\t\t<\/div>\n\t\t\t\t\t<\/div>\n\t\t<\/section>\n\t\t<div class=\"elementor-element elementor-element-3f2ec53 e-flex e-con-boxed e-con e-parent\" data-id=\"3f2ec53\" data-element_type=\"container\" data-e-type=\"container\">\n\t\t\t\t\t<div class=\"e-con-inner\">\n\t\t\t\t<div class=\"elementor-element elementor-element-80b04bb elementor-widget elementor-widget-text-editor\" data-id=\"80b04bb\" data-element_type=\"widget\" data-e-type=\"widget\" data-widget_type=\"text-editor.default\">\n\t\t\t\t<div class=\"elementor-widget-container\">\n\t\t\t\t\t\t\t\t\t<style>\n  ol {\n  }\n\n  .alpha-list {\n    list-style-type: lower-alpha;\n  }\n\n  .beta-list {\n    list-style-type:circle;\n  }\n\n  .seven-list {\n    list-style-type: none;\n    counter-reset: seven-counter;\n  }\n\n  .seven-list li {\n    counter-increment: seven-counter;\n  }\n\n  .seven-list li:before {\n    content: \"7.\" counter(seven-counter) \". \";\n  }\n\n  .seven-list.continue {\n    counter-reset: seven-counter 5; \/* This is the fix. It tells the counter to start at 5, so the first incremented item becomes 6. *\/\n  }\n\n  .eight-list {\n    list-style-type: none;\n    counter-reset: eight-counter;\n  }\n\n  .eight-list li {\n    counter-increment: eight-counter;\n  }\n\n  .eight-list li:before {\n    content: \"8.\" counter(eight-counter) \". \";\n  }\n  .numbered-list {\n\n  }\n<\/style>\n\n<body>\n\n<ol>\n  <li><strong>Objetivo<\/strong><\/li>\n  <p>\n    El objetivo de la presente pol\u00edtica es que las sociedades que conforman el Grupo CONSENSO (Enti\u00e9ndase como Grupo CONSENSO a las siguientes sociedades: INDURAMA ECUADOR S.A., MARCIMEX S.A., MERCANDINA S.A., SERVIHOGAR S.A., SERINCO AGENCIA ASESORA PRODUCTORA DE SEGUROS S.A., ENTECSUR ENSAMBLADORA TECNOLOGICA DEL SUR S.A., SERVIANDINA S.A., ARMONIATECH S.A., MOTOPLUS S.A., MOTOPOWERPRO S.A., COMERCIALIZADORA Y DISTRIBUIDORA METROSUR S.A., TARPUQ C\u00cdA. LTDA., ENSAFRANCE S.A.S, FUNDACI\u00d3N HUMANITARIA PABLO JARAMILLO CRESPO, sin embargo, pueden integrarse otras sociedades del Grupo y los t\u00e9rminos y condiciones de este documento se aplicar\u00e1n a la sociedad, entidad, etc.), cuenten con lineamientos que definan un formato \u00fanico de pol\u00edticas de privacidad para conocimiento de los titulares que accedan a las diferentes p\u00e1ginas web de las sociedades.\n  <\/p>\n  <li><strong>Alcance<\/strong><\/li>\n  <p>\n    El alcance de la presente pol\u00edtica de privacidad para las p\u00e1ginas web aplica a todos los colaboradores y a las sociedades que conforman y son parte del Grupo CONSENSO, as\u00ed como a la Fundaci\u00f3n Humanitaria Pablo Jaramillo, pol\u00edtica que permite a los titulares conocer que su informaci\u00f3n se encuentra protegida y precautelada al amparo de la Constituci\u00f3n de la Rep\u00fablica del Ecuador, Ley Org\u00e1nica de Protecci\u00f3n de Datos Personales.\n  <\/p>\n  <li>\n    <strong>T\u00e9rminos y definiciones<\/strong>\n    <p>\n        Los t\u00e9rminos y definiciones que cuentan en la presente pol\u00edtica, se entender\u00e1n as\u00ed: \n    <\/p>\n    <ol class=\"alpha-list\">\n      <li>Consentimiento: Manifestaci\u00f3n de la voluntad libre, espec\u00edfica, informada e inequ\u00edvoca, por el que el titular de los datos personales autoriza al responsable del tratamiento de los datos personales a tratar los mismos. <\/li>\n      <li>Dato personal: Dato que identifica o hace identificable a una persona natural, directa o indirectamente.<\/li>\n      <li>Privacidad: \u00c1mbito de la vida privada, que se tiene derecho a proteger de cualquier intromisi\u00f3n.<\/li>\n      <li>Plataforma web: Entorno inform\u00e1tico determinado que utiliza sistemas integrados entre s\u00ed.<\/li>\n      <li>Tratamiento: Cualquier operaci\u00f3n o conjunto de operaciones realizadas sobre datos personales, ya sea por procedimientos t\u00e9cnicos de car\u00e1cter automatizado, parcialmente automatizado o no automatizado, tales como: la recogida, recopilaci\u00f3n, obtenci\u00f3n, registro, organizaci\u00f3n, estructuraci\u00f3n, conservaci\u00f3n, custodia, adaptaci\u00f3n, modificaci\u00f3n, eliminaci\u00f3n, indexaci\u00f3n, extracci\u00f3n, consulta, elaboraci\u00f3n, utilizaci\u00f3n, posesi\u00f3n, aprovechamiento, distribuci\u00f3n, cesi\u00f3n, comunicaci\u00f3n o transferencia, o cualquier otra forma de habilitaci\u00f3n de acceso, cotejo, interconexi\u00f3n, limitaci\u00f3n, supresi\u00f3n, destrucci\u00f3n y, en general, cualquier uso de datos personales.<\/li>\n    <\/ol>\n  <\/li>\n  <p><\/p>\n  <li value=\"4\"><strong>Fundamento Normativo y Legal<\/strong><\/li>\n  <ol class=\"beta-list\">\n    <li>El art\u00edculo 66 numeral 19 de la Constituci\u00f3n de la Rep\u00fablica reconoce y garantiza a las personas: <em>\u00ab19. El derecho a la protecci\u00f3n de datos car\u00e1cter personal, que incluye el acceso y la decisi\u00f3n sobre informaci\u00f3n y datos de este car\u00e1cter, as\u00ed como su correspondiente protecci\u00f3n.<\/em><\/li>\n    <li>El art\u00edculo 1 de la Ley Org\u00e1nica de Protecci\u00f3n de Datos Personales establece que: <em>\u201cEl objeto y finalidad de esta ley es garantizar el ejercicio del derecho a la protecci\u00f3n de datos personales, que incluye el acceso y decisi\u00f3n sobre informaci\u00f3n y datos de este car\u00e1cter, as\u00ed como su correspondiente protecci\u00f3n Para dicho efecto regula, prev\u00e9 y desarrolla principios, derechos, obligaciones y mecanismos de tutela.<\/em><\/li>\n  <\/ol>\n  <p><\/p>\n  <li><strong>P\u00fablico objetivo<\/strong><\/li>\n    <p>\n        El objetivo de contar con una norma estandarizada para las sociedades del Grupo CONSENSO y el titular de las plataformas web de estas, en donde se establezcan los par\u00e1metros de protecci\u00f3n da datos personales \n    <\/p>\n  <li><strong>Propiedad<\/strong><\/li>\n    <p>\n        Del seguimiento, cumplimiento, aplicaci\u00f3n y difusi\u00f3n est\u00e1 a cargo de los Representantes Legales y de cada uno de los colaboradores del Grupo CONSENSO, en el ejercicio de su cargo o funci\u00f3n.\n    <\/p>\n  <li value=\"7\"><strong>Disposiciones generales<\/strong><\/li>\n    <p><\/p>\n\n<ol class=\"seven-list\">\n  <li><strong>Objetivo, alcance y titulares<\/strong><\/li>\n    <p>\n        La presente Pol\u00edtica de Privacidad establece los t\u00e9rminos en que Grupo CONSENSO, a trav\u00e9s de plataformas inform\u00e1ticas y\/o canales f\u00edsicos (en adelante, \u00bb Grupo CONSENSO \u00ab) usa y protege la informaci\u00f3n y datos personales que son proporcionados por los Titulares al momento de utilizar el mencionado Sitio Web, as\u00ed como la informaci\u00f3n y datos personales que Grupo CONSENSO recaba y trata por parte de otras plataformas inform\u00e1ticas o bien por canales f\u00edsicos.\n    <\/p>\n    <p>\n    Grupo CONSENSO est\u00e1 comprometida con la seguridad de los datos de sus Titulares. Cuando solicitamos completar la Ficha de Registro, con la que pueda identificarse, asegurando que solo se emplear\u00e1 seg\u00fan los t\u00e9rminos de este documento. Sin embargo, esta Pol\u00edtica de Privacidad puede cambiar con el tiempo o ser actualizada lo cual ser\u00e1 debidamente informado y notificado mediante correo electr\u00f3nico previamente consignado en la Ficha de Registro, p\u00e1gina web u otro medio de comunicaci\u00f3n masivo.\n    <\/p>\n  <li><strong>Consentimiento al uso y tratamiento de datos<\/strong><\/li>\n    <p>\n        El titular al momento del registro en el Sitio Web prestar\u00e1 su consentimiento voluntario, libre, previo, expreso e inequ\u00edvoco mediante un clic en las pol\u00edticas relativas al tratamiento, uso y finalidades que Grupo CONSENSO y terceras partes efect\u00faen de sus datos personales, conforme lo detallado en las cl\u00e1usulas subsiguientes, dej\u00e1ndose expresa constancia al pie del presente documento. \n    <\/p>\n  <li><strong>Consentimiento y responsabilidad sobre datos de terceros<\/strong><\/li>\n    <p>\n        El titular al momento del registro en el sitio web u otro medio, podr\u00e1 otorgar datos personales de terceras personas con la finalidad de contactabilidad como referidos. El titular asume que es responsable por los datos otorgados hasta el momento en que el titular de los datos entregados preste su consentimiento expreso, voluntario, libre e inequ\u00edvoco.  \n    <\/p>\n  <li><strong>Deber de informaci\u00f3n<\/strong><\/li>\n    <p>\n        Grupo CONSENSO pondr\u00e1 a disposici\u00f3n del Titular el presente documento al momento del registro en la Aplicaci\u00f3n o en el Sitio Web, a fin de que acceda a la informaci\u00f3n respecto del tratamiento, uso y finalidades de sus datos personales.\n    <\/p>\n    <p>\n        Asimismo, Grupo CONSENSO mantendr\u00e1 la pol\u00edtica disponible en el sitio web a fin de que el titular acceda en cualquier momento y lugar al contenido de la misma.\n    <\/p>\n  <li><strong>Tratamiento y finalidad de los datos respecto de Titulares<\/strong><\/li>\n    <p>\n        Al momento de registrarse en el Sitio o al momento de registrarse f\u00edsicamente, para poder dar utilidad a todos los servicios que Grupo CONSENSO ha puesto al servicio de los clientes, como compras en l\u00ednea, asignaci\u00f3n de cupo, etc., podr\u00e1 ser necesario el registro de los siguientes datos: Nombres y apellidos, c\u00e9dula de identidad, tel\u00e9fono de contacto, n\u00famero de tarjeta de cr\u00e9dito, lugar de trabajo, nombre empresa donde trabaja,  ingresos aproximados, domicilio, tipo de vivienda, ayudas sociales por parte del estado, estado civil, n\u00famero de cargas familiares, correo electr\u00f3nico, geolocalizaci\u00f3n y datos biom\u00e9tricos,  en adelante (\u201cDatos de Registro\u201d). Los Datos de Registro tienen como finalidad el identificar al Titular dentro del Sitio Web o dentro de las propias bases de Grupo CONSENSO. El Titular declara que los Datos de Registro Proporcionados son leg\u00edtimos y verdaderos, y no proporcionar\u00e1 datos falsos o err\u00f3neos con la intenci\u00f3n de desinformar. \n    <\/p>\n    <p>\n        Grupo CONSENSO solicitar\u00e1 datos relacionados y necesarios con el proceso de facturaci\u00f3n, estos datos incluyen, pero no se limitan a: direcci\u00f3n domiciliaria, correo electr\u00f3nico, RUC, c\u00e9dula de identidad, n\u00famero telef\u00f3nico y\/o cualquier otro dato adicional que sea requerido por la autoridad tributaria para el cumplimiento de las obligaciones (en adelante \u201cDatos de Facturaci\u00f3n\u201d). \n    <\/p>\n    <p>\n        Adicionalmente a las finalidades previamente descritas para cada uno de los Datos Personales, Grupo CONSENSO podr\u00e1 utilizar los datos personales para las siguientes finalidades:\n    <\/p>\n<\/ol>\n    <ol>\n        <ol>\n      <li>Utilizar como datos estad\u00edsticos para mejorar bienes y servicios ofrecidos por Grupo CONSENSO <\/li>\n      <li>Comunicarse con el Titular y enviar informaci\u00f3n, comunicaciones, sorteos y publicidad respecto de los bienes y servicios ofrecidos por Grupo CONSENSO.<\/li>\n      <li>Acceder y proporcionar datos a terceros para que estos presten servicios o los eval\u00faen. <\/li>\n      <li>Acceder y proporcionar datos a terceras partes para realizar tratamientos como encargados de datos personales.<\/li>\n      <li>Utilizar los datos personales con fines de contactabilidad, gesti\u00f3n de cobranzas y an\u00e1lisis de perfil crediticio. <\/li>\n      <li>Acceder y proporcionar datos a terceras empresas para que realicen publicidad, establezcan contacto, realicen oferta de bienes y servicios, realicen estad\u00edsticas, se gestione cartera de cobranzas, se analicen perfiles crediticios.  <\/li>\n      <li>Utilizar los datos y la informaci\u00f3n para que las aseguradoras puedan proceder con la elaboraci\u00f3n de la p\u00f3liza y gesti\u00f3n del seguro contratado, como as\u00ed tambi\u00e9n, se podr\u00e1 compartir la informaci\u00f3n con auxiliares del sistema de seguros. <\/li>\n        <\/ol>\n        <\/ol>\n    <\/ol>\n\n<ol class=\"seven-list continue\">\n<p><\/p>\n  <li><strong>Transferencia y divulgaci\u00f3n de los datos personales<\/strong><\/li>\n    <p>\n        El Titular declara y conoce que los Datos Personales compartidos a Grupo CONSENSO podr\u00e1n ser compartidos con terceros encargados del tratamiento de los datos. El titular reconoce que Grupo CONSENSO podr\u00e1 compartir los datos a terceros aseguradoras y otras plataformas para prestar un servicio completo y complementario. \n    <\/p>\n  <li><strong>Conservaci\u00f3n de los datos personales<\/strong><\/li>\n    <p>\n        Grupo CONSENSO conservar\u00e1 los Datos Personales durante siete (7) a\u00f1os desde su consentimiento, sin perjuicio de su registro en el Sitio Web o en otras plataformas. \n    <\/p>\n  <li><strong>Exactitud de los datos y capacidad<\/strong><\/li>\n    <p>\n        El Titular declara que los Datos Personales que proporciona son verdaderos y que tiene la capacidad para otorgarlos y autorizar su uso. \n    <\/p>\n  <li><strong>Derechos de los titulares<\/strong><\/li>\n    <p>\n        El Titular tendr\u00e1 derecho al acceso, rectificaci\u00f3n, eliminaci\u00f3n, oposici\u00f3n, suspensi\u00f3n y a no ser objeto de valoraciones automatizadas.\n    <\/p>\n    <p>\n        Grupo CONSENSO se considerar\u00e1 responsable del tratamiento individual e independiente, sobre los datos personales que se recabe y trate directamente por Grupo CONSENSO. El Titular podr\u00e1 ejercer sus derechos comunic\u00e1ndose a los datos de contacto proporcionados en el presente instrumento. Grupo CONSENSO se reserva el derecho de solicitar documentaci\u00f3n adicional que demuestren la necesidad de rectificaci\u00f3n del Dato Personal y mediante los cuales se acredite la persona. Para ejercer los derechos, el Titular podr\u00e1 enviar una comunicaci\u00f3n al correo electr\u00f3nico: <a href=\"mailto: privacidadconsenso@consensocorp.com\">privacidadconsenso@consensocorp.com<\/a>\n    <\/p>\n<li><strong>Transferencia internacional de los datos<\/strong><\/li>\n    <p>\n        El Titular acepta y declara que los Datos Personales podr\u00e1n ser transferidos a otros pa\u00edses donde se encuentren ubicados los servidores que resguardar\u00e1n la informaci\u00f3n y los Datos Personales proporcionados. \n    <\/p>\n  <li><strong>Medidas de seguridad adoptadas<\/strong><\/li>\n    <p>\n        Grupo CONSENSO declara tener todas las medidas de seguridad t\u00e9cnica y organizativa para garantizar la confidencialidad, integridad y el acceso (a personas autorizadas) a los datos personales del Titular. Grupo CONSENSO declara que dentro de las medidas t\u00e9cnicas que podr\u00e1 adoptar se encuentra la anonimizaci\u00f3n o seudonimizaci\u00f3n de los datos personales proporcionados.\n    <\/p>\n    <p>\n        En caso de una vulneraci\u00f3n o filtraci\u00f3n de los Datos Personales, Grupo CONSENSO se compromete en notificar sobre este hecho al Titular dentro del t\u00e9rmino legal establecido, siempre y cuando esta vulneraci\u00f3n ponga en riesgo o afecte derechos y libertades fundamentales del mencionado. La notificaci\u00f3n se realizar\u00e1 al correo electr\u00f3nico previamente proporcionado en los Datos de Registro. Grupo CONSENSO no ser\u00e1 responsable en caso de cualquier modificaci\u00f3n al correo electr\u00f3nico por parte del Titular. \n    <\/p>\n<li><strong>Valoraci\u00f3n automatizada<\/strong><\/li>\n    <p>\n        Grupo CONSENSO declara que podr\u00e1 existir una valoraci\u00f3n automatizada sobre los datos personales del Titular y que podr\u00e1 tomar decisiones sobre esta valoraci\u00f3n. El Titular al aceptar los presentes t\u00e9rminos y condiciones otorga la autorizaci\u00f3n a Grupo CONSENSO para realizar la valoraci\u00f3n automatizada. El Titular tiene derecho a enviar un correo electr\u00f3nico (a la direcci\u00f3n previamente establecida) y podr\u00e1 solicitar informaci\u00f3n sobre la decisi\u00f3n tomada por el sistema, informaci\u00f3n sobre los criterios de valoraci\u00f3n, presentar observaciones o impugnar las decisiones tomadas por las valoraciones automatizadas. \n    <\/p>\n<\/ol>\n\n<ol start=\"8\">\n  <li>\n    <strong>Disposiciones espec\u00edficas<\/strong>\n    <ol class=\"eight-list\">\n      <li><strong>Contacto de protecci\u00f3n de datos personales<\/strong><\/li>\n        <p>\n            El Titular podr\u00e1 ejercitar, en caso de que lo desee y requiera, en cualquier momento los derechos previamente descritos. El Titular deber\u00e1 enviar una comunicaci\u00f3n v\u00eda correo electr\u00f3nico al correo electr\u00f3nico <a href=\"mailto: privacidadconsenso@consenso.com.ec\">privacidadconsenso@consenso.com.ec<\/a>. Para ejercer los derechos descritos, Grupo CONSENSO solicitar\u00e1 un documento que acredite la identidad de la persona que se est\u00e1 comunicando y podr\u00e1 solicitar cualquier documento adicional que justifique la rectificaci\u00f3n de los Datos Personales en caso de que sea necesario.\n        <\/p>\n        <p>\n            Grupo CONSENSO responder\u00e1 la solicitud realizada por el Titular dentro del plazo de 15 d\u00edas desde que se recibi\u00f3 la solicitud y enviar\u00e1 cualquier notificaci\u00f3n a la direcci\u00f3n de correo electr\u00f3nico previamente registrada o modificada por el Titular.\n        <\/p>\n        <p>\n            En caso de falta de respuesta por parte de Grupo CONSENSO, el Titular podr\u00e1 ejercer sus derechos en v\u00eda administrativa ante la Autoridad de Protecci\u00f3n de Datos o en caso de que considere en v\u00eda judicial.\n        <\/p>\n      <li><strong>Consentimiento<\/strong><\/li>\n        <p>\n            Otorgo consentimiento voluntario, libre, previo, expreso, informado e inequ\u00edvoco a Grupo CONSENSO, para que realicen por el plazo de siete (7) a\u00f1os, el tratamiento, destino, flujo y transferencia, en cualquiera de sus modalidades, medios o soportes, local o transfronterizo, de la informaci\u00f3n y los datos personales y de identificaci\u00f3n que yo haya podido proporcionar bajo cualquier medio o modalidad, directa o indirecta,  por v\u00eda virtual o f\u00edsica, incluyendo nombres y apellidos, c\u00e9dula de identidad, tel\u00e9fono de contacto, n\u00famero de tarjeta de cr\u00e9dito, lugar de trabajo, nombre empresa donde trabaja,  ingresos aproximados, domicilio, tipo de vivienda, ayudas sociales por parte del estado, estado civil, n\u00famero de cargas familiares, correo electr\u00f3nico, geolocalizaci\u00f3n y datos biom\u00e9tricos y\/o  cualquier otro dato adicional, directa o indirectamente relacionados con las actividades de Grupo CONSENSO y de cualquiera que pueda tener alguna vinculaci\u00f3n, o de los terceros con quienes mantenga alg\u00fan tipo de relaci\u00f3n jur\u00eddica o social. La obtenci\u00f3n de la informaci\u00f3n depender\u00e1 est\u00e1 supeditada al requerimiento del titular, pudiendo ser comercial, crediticio, de salud, etc.\n        <\/p>\n      <li><strong>Deber de informaci\u00f3n<\/strong><\/li>\n        <p>\n            Declaro bajo juramento que he sido debidamente informado del tratamiento, uso y finalidades de mis datos personales, consintiendo en este acto los t\u00e9rminos y condiciones establecidos en la presente pol\u00edtica de privacidad. \n        <\/p>\n    <\/ol>\n  <\/li>\n<\/ol>\n\n<\/body>\t\t\t\t\t\t\t\t<\/div>\n\t\t\t\t<\/div>\n\t\t\t\t\t<\/div>\n\t\t\t\t<\/div>\n\t\t\t\t<\/div>\n\t\t","protected":false},"excerpt":{"rendered":"<p>Pol\u00edtica de Privacidad Objetivo El objetivo de la presente pol\u00edtica es que las sociedades que conforman el Grupo CONSENSO (Enti\u00e9ndase como Grupo CONSENSO a las siguientes sociedades: INDURAMA ECUADOR S.A., MARCIMEX S.A., MERCANDINA S.A., SERVIHOGAR S.A., SERINCO AGENCIA ASESORA PRODUCTORA DE SEGUROS S.A., ENTECSUR ENSAMBLADORA TECNOLOGICA DEL SUR S.A., SERVIANDINA S.A., ARMONIATECH S.A., MOTOPLUS S.A., [&hellip;]<\/p>\n","protected":false},"author":1,"featured_media":0,"parent":0,"menu_order":0,"comment_status":"closed","ping_status":"closed","template":"elementor_header_footer","meta":{"footnotes":""},"class_list":["post-19160","page","type-page","status-publish","hentry"],"_links":{"self":[{"href":"https:\/\/intranet.consensocorp.com\/index.php?rest_route=\/wp\/v2\/pages\/19160","targetHints":{"allow":["GET"]}}],"collection":[{"href":"https:\/\/intranet.consensocorp.com\/index.php?rest_route=\/wp\/v2\/pages"}],"about":[{"href":"https:\/\/intranet.consensocorp.com\/index.php?rest_route=\/wp\/v2\/types\/page"}],"author":[{"embeddable":true,"href":"https:\/\/intranet.consensocorp.com\/index.php?rest_route=\/wp\/v2\/users\/1"}],"replies":[{"embeddable":true,"href":"https:\/\/intranet.consensocorp.com\/index.php?rest_route=%2Fwp%2Fv2%2Fcomments&post=19160"}],"version-history":[{"count":22,"href":"https:\/\/intranet.consensocorp.com\/index.php?rest_route=\/wp\/v2\/pages\/19160\/revisions"}],"predecessor-version":[{"id":19197,"href":"https:\/\/intranet.consensocorp.com\/index.php?rest_route=\/wp\/v2\/pages\/19160\/revisions\/19197"}],"wp:attachment":[{"href":"https:\/\/intranet.consensocorp.com\/index.php?rest_route=%2Fwp%2Fv2%2Fmedia&parent=19160"}],"curies":[{"name":"wp","href":"https:\/\/api.w.org\/{rel}","templated":true}]}}