{"id":19165,"date":"2025-08-30T15:19:23","date_gmt":"2025-08-30T15:19:23","guid":{"rendered":"https:\/\/intranet.consensocorp.com\/?page_id=19165"},"modified":"2025-09-02T20:58:28","modified_gmt":"2025-09-02T20:58:28","slug":"politica-de-terminos-y-condiciones","status":"publish","type":"page","link":"https:\/\/intranet.consensocorp.com\/?page_id=19165","title":{"rendered":"Pol\u00edtica de t\u00e9rminos y condiciones"},"content":{"rendered":"\t\t<div data-elementor-type=\"wp-page\" data-elementor-id=\"19165\" class=\"elementor elementor-19165\" data-elementor-post-type=\"page\">\n\t\t\t\t\t\t<section class=\"elementor-section elementor-top-section elementor-element elementor-element-6a2d70cf elementor-section-full_width elementor-section-height-min-height elementor-section-height-default elementor-section-items-middle\" data-id=\"6a2d70cf\" data-element_type=\"section\" data-e-type=\"section\" data-settings=\"{&quot;background_background&quot;:&quot;classic&quot;}\">\n\t\t\t\t\t\t<div class=\"elementor-container elementor-column-gap-no\">\n\t\t\t\t\t<div class=\"elementor-column elementor-col-100 elementor-top-column elementor-element elementor-element-68332051\" data-id=\"68332051\" data-element_type=\"column\" data-e-type=\"column\">\n\t\t\t<div class=\"elementor-widget-wrap elementor-element-populated\">\n\t\t\t\t\t\t<div class=\"elementor-element elementor-element-fc9d84a elementor-widget elementor-widget-text-editor\" data-id=\"fc9d84a\" data-element_type=\"widget\" data-e-type=\"widget\" data-widget_type=\"text-editor.default\">\n\t\t\t\t<div class=\"elementor-widget-container\">\n\t\t\t\t\t\t\t\t\t<h1 style=\"text-align: center;\"><span style=\"color: #ffffff;\">Pol\u00edtica de t\u00e9rminos y condiciones<\/span><\/h1>\t\t\t\t\t\t\t\t<\/div>\n\t\t\t\t<\/div>\n\t\t\t\t\t<\/div>\n\t\t<\/div>\n\t\t\t\t\t<\/div>\n\t\t<\/section>\n\t\t<div class=\"elementor-element elementor-element-3f2ec53 e-flex e-con-boxed e-con e-parent\" data-id=\"3f2ec53\" data-element_type=\"container\" data-e-type=\"container\">\n\t\t\t\t\t<div class=\"e-con-inner\">\n\t\t\t\t<div class=\"elementor-element elementor-element-80b04bb elementor-widget elementor-widget-text-editor\" data-id=\"80b04bb\" data-element_type=\"widget\" data-e-type=\"widget\" data-widget_type=\"text-editor.default\">\n\t\t\t\t<div class=\"elementor-widget-container\">\n\t\t\t\t\t\t\t\t\t\n<style>\n  ol {\n\n  }\n\n  .alpha-list {\n    list-style-type: lower-alpha;\n  }\n  .beta-list {\n    list-style-type: circle;\n  }\n\n  .seven-list {\n    list-style-type: none;\n    counter-reset: seven-counter 0; \/* Initialize counter for the entire list *\/\n  }\n\n  .seven-list li {\n    counter-increment: seven-counter;\n  }\n\n  .seven-list li:before {\n    content: \"7.\" counter(seven-counter) \". \";\n  }\n\n    .seven-list.continue {\n    counter-reset: seven-counter 5; \/* This is the fix. It tells the counter to start at 5, so the first incremented item becomes 6. *\/\n  }\n\n  .eight-list {\n    list-style-type: none;\n    counter-reset: eight-counter 0;\n  }\n\n  .eight-list li {\n    counter-increment: eight-counter;\n  }\n\n  .eight-list li:before {\n    content: \"8.\" counter(eight-counter) \". \";\n  }\n<\/style>\n<body>\n    <p>\n        GRUPO CONSENSO (Enti\u00e9ndase como Grupo CONSENSO a las siguientes sociedades: INDURAMA ECUADOR S.A., MARCIMEX S.A., MERCANDINA S.A., SERVIHOGAR S.A., SERINCO AGENCIA ASESORA PRODUCTORA DE SEGUROS S.A., ENTECSUR ENSAMBLADORA TECNOLOGICA DEL SUR S.A., SERVIANDINA S.A., ARMONIATECH S.A., MOTOPLUS S.A., MOTOPOWERPRO S.A., COMERCIALIZADORA Y DISTRIBUIDORA METROSUR S.A., TARPUQ C\u00cdA. LTDA., ENSAFRANCE S.A.S, Fundaci\u00f3n Humanitaria Pablo Jaramillo Crespo, sin embargo, pueden integrarse otras sociedades del Grupo y los t\u00e9rminos y condiciones de este documento se aplicar\u00e1n a la sociedad, entidad, etc., en cumplimiento de la Constituci\u00f3n de la Rep\u00fablica del Ecuador, Ley Org\u00e1nica de Protecci\u00f3n de Datos Personales y normas de igual o menor jerarqu\u00eda en materia de protecci\u00f3n de datos personales, como buena pr\u00e1ctica en materia de protecci\u00f3n de datos personales,  emite a trav\u00e9s del Comit\u00e9 de Protecci\u00f3n de datos personales del Grupo Consenso, la presente pol\u00edtica para cumplimiento de todos los colaboradores, usuarios, clientes y quienes visiten, ingresen, laboren, desarrollen cualquier actividad y en general todos y cada uno de los titulares de derechos que se encuentren en las instalaciones de propiedad o en donde realice sus actividades el Grupo Consenso.\n    <\/p>\n\n<ol>\n  <li><strong>Objetivo<\/strong><\/li>\n    <p>\n        El objetivo de la presente pol\u00edtica es establecer los principios y directrices para el uso leg\u00edtimo y licito uso de las paginas web, aplicaciones de Grupo Consenso, por parte de los usuarios\n    <\/p>\n  <li><strong>Alcance<\/strong><\/li>\n    <p>\n        La presente pol\u00edtica es de aplicaci\u00f3n para los colaboradores, usuarios, clientes y quienes visiten, las p\u00e1ginas del Grupo Consenso.\n    <\/p>\n  <li>\n    <strong>T\u00e9rminos y condiciones<\/strong>\n    <p>\n      Los t\u00e9rminos y definiciones que cuentan en la presente pol\u00edtica, se entender\u00e1n as\u00ed:\n    <\/p>\n    <ol class=\"alpha-list\">\n      <li><strong>Tratamiento: <\/strong>Cualquier operaci\u00f3n o conjunto de operaciones realizadas sobre datos personales, ya sea por procedimientos t\u00e9cnicos de car\u00e1cter automatizado, parcialmente automatizado o no automatizado, tales como: la recogida, recopilaci\u00f3n, obtenci\u00f3n, registro, organizaci\u00f3n, estructuraci\u00f3n, conservaci\u00f3n, custodia, adaptaci\u00f3n, modificaci\u00f3n, eliminaci\u00f3n, indexaci\u00f3n, extracci\u00f3n, consulta, elaboraci\u00f3n, utilizaci\u00f3n, posesi\u00f3n, aprovechamiento, distribuci\u00f3n, cesi\u00f3n, comunicaci\u00f3n o transferencia, o cualquier otra forma de habilitaci\u00f3n de acceso, cotejo, interconexi\u00f3n, limitaci\u00f3n, supresi\u00f3n, destrucci\u00f3n y, en general, cualquier uso de datos personales.<\/li>\n      <li><strong>Consentimiento: <\/strong>Manifestaci\u00f3n de la voluntad libre, espec\u00edfica, informada e inequ\u00edvoca, por el que el titular de los datos personales autoriza al responsable del tratamiento de los datos personales a tratar los mismos.<\/li>\n      <li><strong>Dato personal: <\/strong>Dato que identifica o hace identificable a una persona natural, directa o indirectamente.<\/li>\n      <li><strong>Privacidad: <\/strong>\u00c1mbito de la vida privada, que se tiene derecho a proteger de cualquier intromisi\u00f3n.<\/li>\n      <li><strong>Plataforma web: <\/strong>Entorno inform\u00e1tico determinado que utiliza sistemas integrados entre s\u00ed.<\/li>\n\n    <\/ol>\n  <\/li>\n  <p><\/p>\n  <li value=\"4\"><strong>Fundamento normativo y legal<\/strong><\/li>\n  <ol class=\"beta-list\">\n    <li>El art\u00edculo 66 numeral 19 de la Constituci\u00f3n de la Rep\u00fablica reconoce y garantiza a las personas: <em>\u00ab19. El derecho a la protecci\u00f3n de datos car\u00e1cter personal, que incluye el acceso y la decisi\u00f3n sobre informaci\u00f3n y datos de este car\u00e1cter, as\u00ed como su correspondiente protecci\u00f3n.<\/em><\/li>\n    <li>El art\u00edculo 1 de la Ley Org\u00e1nica de Protecci\u00f3n de Datos Personales establece que:<em>\u201cEl objeto y finalidad de esta ley es garantizar el ejercicio del derecho a la protecci\u00f3n de datos personales, que incluye el acceso y decisi\u00f3n sobre informaci\u00f3n y datos de este car\u00e1cter, as\u00ed como su correspondiente protecci\u00f3n Para dicho efecto regula, prev\u00e9 y desarrolla principios, derechos, obligaciones y mecanismos de tutela.<\/em><\/li>\n  <\/ol>\n  <p><\/p>\n  <li><strong>P\u00fablico objetivo<\/strong><\/li>\n    <p>\n        El objetivo de contar con una norma estandarizada para las sociedades del Grupo CONSENSO y el titular de las plataformas web de estas, en donde se establezcan los par\u00e1metros de protecci\u00f3n da datos personales \n    <\/p>\n  <li><strong>Propiedad<\/strong><\/li>\n    <p>\n        Del cumplimiento, aplicaci\u00f3n es de responsabilidad de los usuarios que visitan las p\u00e1ginas  del Grupo CONSENSO \n    <\/p>\n  <li value=\"7\"><strong>Disposiciones generales<\/strong><\/li>\n<\/ol>\n\n<ol class=\"seven-list\">\n  <li><strong>Uso y restricciones<\/strong><\/li>\n  <ul><\/ul>   \n  <ul class=\"beta-list\">\n    <p>\n      &#8211; La utilizaci\u00f3n de este sitio web expresa la adhesi\u00f3n plena y sin reservas del usuario a los presentes T\u00e9rminos y Condiciones de Uso. \n    <\/p>\n    <p>\n      &#8211; A trav\u00e9s de este sitio web, el usuario acceder\u00e1 a diversos servicios y contenidos puestos a disposici\u00f3n por parte de GRUPO CONSENSO\n    <\/p>\n    <p>\n      &#8211; GRUPO CONSENSO se reserva y tendr\u00e1 el derecho a negar, restringir o condicionar al usuario el acceso total o parcialmente, a su entera discreci\u00f3n, as\u00ed como a modificar los servicios y contenidos de este sitio web, en cualquier momento y sin necesidad de notificaci\u00f3n o previo aviso.\n    <\/p>\n    <p>\n      &#8211; GRUPO CONSENSO no garantiza la disponibilidad y continuidad de la operaci\u00f3n de este sitio web, ni la utilidad de este sitio web en relaci\u00f3n con ninguna actividad espec\u00edfica.\n    <\/p>\n  <\/ul>\n  <li><strong>Propiedad intelectual<\/strong><\/li>\n    <p>\n      El Usuario declara que conoce y respeta la propiedad intelectual de las marcas, patentes y en suma de todo registro o derecho intelectual de GRUPO CONSENSO. El usuario no podr\u00e1 utilizar los contenidos de este sitio web con fines distintos a los que se contemplan en los presentes T\u00e9rminos y Condiciones de Uso y Pol\u00edticas de Privacidad.\n    <\/p>\n  <li><strong>Usos permitidos<\/strong><\/li>\n    <p>\n      El uso de este sitio web es exclusiva responsabilidad del usuario, acorde a las funcionalidades permitidas en el propio sitio y a los usos autorizados en los presentes T\u00e9rminos y Condiciones de Uso y Privacidad, por lo que el usuario se obliga a utilizarlos de forma adecuada, oblig\u00e1ndose al uso de forma l\u00edcita y respetando los t\u00e9rminos y condiciones y por sobre todo la legislaci\u00f3n referente a datos personales, propiedad intelectual, comercio electr\u00f3nico, etc., en general el uso ser\u00e1 l\u00edcito, liberando de cualquier responsabilidad por un uso distinto que haga el usuario a GRUPO CONSENSO.\n    <\/p>\n    <p>\n      Se proh\u00edbe utilizar herramientas tecnol\u00f3gicas que pudieran de cualquier forma da\u00f1ar, inutilizar, sobrecargar, deteriorar o impedir el correcto uso de la p\u00e1gina sus servicios o contenidos.\n    <\/p>\n  <li><strong>Calidad de los servicios y contenidos<\/strong><\/li>\n    <p>\n        GRUPO CONSENSO, no ser\u00e1 responsable de cualquier da\u00f1o o perjuicio que pudiese sufrir el usuario a consecuencia de cambios, actualizaciones o mejoras que se realizan peri\u00f3dicamente a los contenidos del sitio web.\n    <\/p>\n    <li>\n      <strong>Confidencialidad<\/strong>\n    <\/li>\n    <p>\n      GRUPO CONSENSO se obliga a guardar la debida confidencialidad y reserva sobre toda informaci\u00f3n, oblig\u00e1ndose a no transferir, transmitir, sin que exista el debido consentimiento informado.\n    <\/p>\n    <li>\n      <strong>Tratamiento y finalidad de los datos respecto de usuarios<\/strong>\n    <\/li>\n    <p>\n      Al momento ingresar en el Sitio web, para poder dar utilidad a todos los servicios que GRUPO CONSENSO ha puesto al servicio de los clientes, como compras en l\u00ednea, asignaci\u00f3n de cupo, etc., usted deber\u00e1 registrarse, ingresando su informaci\u00f3n para el registro datos que tienen como finalidad el identificar al Usuario dentro del Sitio Web, por lo que el Usuario declara que los Datos de Registro Proporcionados son leg\u00edtimos y verdaderos, y no proporcionar\u00e1 datos falsos o err\u00f3neos con la intenci\u00f3n de desinformar. \n    <\/p>\n  <\/ol>\n<ol start=\"8\">\n  <li>\n    <h3>*Aviso Importante*<\/h3>\n  <\/li>\n        <p>\n          GRUPO CONSENSO, respeta los derechos de sus usuarios y protege sus datos personales en aplicaci\u00f3n de lo ordenado en la Constituci\u00f3n de la Rep\u00fablica del Ecuador y normas de inferior jerarqu\u00eda, por lo que es necesario que Usted lea con detenimiento las pol\u00edticas de privacidad, cookies, de t\u00e9rminos y condiciones, puestas su disposici\u00f3n en nuestra p\u00e1gina Web.\n        <\/p>\n<\/ol>\n\n<\/body>\t\t\t\t\t\t\t\t<\/div>\n\t\t\t\t<\/div>\n\t\t\t\t\t<\/div>\n\t\t\t\t<\/div>\n\t\t\t\t<\/div>\n\t\t","protected":false},"excerpt":{"rendered":"<p>Pol\u00edtica de t\u00e9rminos y condiciones GRUPO CONSENSO (Enti\u00e9ndase como Grupo CONSENSO a las siguientes sociedades: INDURAMA ECUADOR S.A., MARCIMEX S.A., MERCANDINA S.A., SERVIHOGAR S.A., SERINCO AGENCIA ASESORA PRODUCTORA DE SEGUROS S.A., ENTECSUR ENSAMBLADORA TECNOLOGICA DEL SUR S.A., SERVIANDINA S.A., ARMONIATECH S.A., MOTOPLUS S.A., MOTOPOWERPRO S.A., COMERCIALIZADORA Y DISTRIBUIDORA METROSUR S.A., TARPUQ C\u00cdA. LTDA., ENSAFRANCE S.A.S, [&hellip;]<\/p>\n","protected":false},"author":1,"featured_media":0,"parent":0,"menu_order":0,"comment_status":"closed","ping_status":"closed","template":"elementor_header_footer","meta":{"footnotes":""},"class_list":["post-19165","page","type-page","status-publish","hentry"],"_links":{"self":[{"href":"https:\/\/intranet.consensocorp.com\/index.php?rest_route=\/wp\/v2\/pages\/19165","targetHints":{"allow":["GET"]}}],"collection":[{"href":"https:\/\/intranet.consensocorp.com\/index.php?rest_route=\/wp\/v2\/pages"}],"about":[{"href":"https:\/\/intranet.consensocorp.com\/index.php?rest_route=\/wp\/v2\/types\/page"}],"author":[{"embeddable":true,"href":"https:\/\/intranet.consensocorp.com\/index.php?rest_route=\/wp\/v2\/users\/1"}],"replies":[{"embeddable":true,"href":"https:\/\/intranet.consensocorp.com\/index.php?rest_route=%2Fwp%2Fv2%2Fcomments&post=19165"}],"version-history":[{"count":16,"href":"https:\/\/intranet.consensocorp.com\/index.php?rest_route=\/wp\/v2\/pages\/19165\/revisions"}],"predecessor-version":[{"id":19210,"href":"https:\/\/intranet.consensocorp.com\/index.php?rest_route=\/wp\/v2\/pages\/19165\/revisions\/19210"}],"wp:attachment":[{"href":"https:\/\/intranet.consensocorp.com\/index.php?rest_route=%2Fwp%2Fv2%2Fmedia&parent=19165"}],"curies":[{"name":"wp","href":"https:\/\/api.w.org\/{rel}","templated":true}]}}