{"id":20400,"date":"2026-01-26T17:58:14","date_gmt":"2026-01-26T17:58:14","guid":{"rendered":"https:\/\/intranet.consensocorp.com\/?page_id=20400"},"modified":"2026-05-05T21:10:22","modified_gmt":"2026-05-05T21:10:22","slug":"home2026","status":"publish","type":"page","link":"https:\/\/intranet.consensocorp.com\/","title":{"rendered":"home2026"},"content":{"rendered":"\t\t<div data-elementor-type=\"wp-page\" data-elementor-id=\"20400\" class=\"elementor elementor-20400\" data-elementor-post-type=\"page\">\n\t\t\t\t<div class=\"elementor-element elementor-element-7005905 e-con-full e-flex e-con e-parent\" data-id=\"7005905\" data-element_type=\"container\" data-e-type=\"container\">\n\t\t\t\t<div class=\"elementor-element elementor-element-b3d9e2c elementor--h-position-right elementor-hidden-mobile elementor--v-position-middle elementor-pagination-position-inside elementor-widget elementor-widget-slides\" data-id=\"b3d9e2c\" data-element_type=\"widget\" data-e-type=\"widget\" data-settings=\"{&quot;navigation&quot;:&quot;dots&quot;,&quot;autoplay_speed&quot;:4500,&quot;autoplay&quot;:&quot;yes&quot;,&quot;pause_on_interaction&quot;:&quot;yes&quot;,&quot;infinite&quot;:&quot;yes&quot;,&quot;transition&quot;:&quot;slide&quot;,&quot;transition_speed&quot;:500}\" data-widget_type=\"slides.default\">\n\t\t\t\t<div class=\"elementor-widget-container\">\n\t\t\t\t\t\t\t\t\t<div class=\"elementor-swiper\">\n\t\t\t\t\t<div class=\"elementor-slides-wrapper elementor-main-swiper swiper\" role=\"region\" aria-roledescription=\"carousel\" aria-label=\"Diapositivas\" dir=\"ltr\" data-animation=\"fadeInUp\">\n\t\t\t\t<div class=\"swiper-wrapper elementor-slides\">\n\t\t\t\t\t\t\t\t\t\t<div class=\"elementor-repeater-item-ba260f2 swiper-slide\" role=\"group\" aria-roledescription=\"slide\"><div class=\"swiper-slide-bg\" role=\"img\" aria-label=\"BANNER top of mind\"><\/div><a class=\"swiper-slide-inner\" href=\"https:\/\/intranet.consensocorp.com\/?p=21216\"><div class=\"swiper-slide-contents\"><div class=\"elementor-slide-heading\">Indurama lidera el top of mind en Electrodom\u00e9ticos en Ecuador<\/div><div class=\"elementor-slide-description\">El estudio Power Brands de la Revista Ekos reconoce a Indurama por su alto recuerdo espont\u00e1neo, reflejando un posicionamiento s\u00f3lido y una conexi\u00f3n relevante en la mente del consumidor ecuatoriano.<\/div><div  class=\"elementor-button elementor-slide-button elementor-size-xs\">Ver noticia completa<\/div><\/div><\/a><\/div><div class=\"elementor-repeater-item-04a618a swiper-slide\" role=\"group\" aria-roledescription=\"slide\"><div class=\"swiper-slide-bg\" role=\"img\" aria-label=\"arm-banner-2.jpg (2)\"><\/div><a class=\"swiper-slide-inner\" href=\"https:\/\/intranet.consensocorp.com\/?p=21201\"><div class=\"swiper-slide-contents\"><div class=\"elementor-slide-heading\">Descubre Armon\u00eda: una nueva forma de acceder a seguros y asistencias<\/div><div class=\"elementor-slide-description\">La plataforma ofrece un portafolio de productos accesibles orientados al bienestar, la salud y la protecci\u00f3n, que pueden adquirirse de forma \u00e1gil y sencilla en pocos pasos. <\/div><div  class=\"elementor-button elementor-slide-button elementor-size-xs\">Haz clic aqu\u00ed<\/div><\/div><\/a><\/div><div class=\"elementor-repeater-item-2bec82f swiper-slide\" role=\"group\" aria-roledescription=\"slide\"><div class=\"swiper-slide-bg\" role=\"img\" aria-label=\"banner intranet_seguridad 2\"><\/div><a class=\"swiper-slide-inner\" href=\"https:\/\/intranet.consensocorp.com\/?p=21226\"><div class=\"swiper-slide-contents\"><div class=\"elementor-slide-heading\">D\u00eda Mundial de la Seguridad y Salud en el Trabajo<\/div><div class=\"elementor-slide-description\">Un compromiso que vivimos cada d\u00eda en Grupo Consenso reforzando nuestro compromiso con la prevenci\u00f3n, el bienestar y la construcci\u00f3n de entornos laborales seguros.<\/div><div  class=\"elementor-button elementor-slide-button elementor-size-xs\">Mira c\u00f3mo lo celebramos<\/div><\/div><\/a><\/div><div class=\"elementor-repeater-item-2661331 swiper-slide\" role=\"group\" aria-roledescription=\"slide\"><div class=\"swiper-slide-bg\" role=\"img\" aria-label=\"BANNER INSTRANET FACTURAS MAYO.jpg\"><\/div><div class=\"swiper-slide-inner\" ><div class=\"swiper-slide-contents\"><\/div><\/div><\/div>\t\t\t\t<\/div>\n\t\t\t\t\t\t\t\t\t\t\t\t\t\t\t\t\t\t\t\t<div class=\"swiper-pagination\"><\/div>\n\t\t\t\t\t\t\t\t\t\t\t\t<\/div>\n\t\t\t\t<\/div>\n\t\t\t\t\t\t\t\t<\/div>\n\t\t\t\t<\/div>\n\t\t\t\t<\/div>\n\t\t<div class=\"elementor-element elementor-element-f23bd5a e-con-full e-flex e-con e-parent\" data-id=\"f23bd5a\" data-element_type=\"container\" data-e-type=\"container\">\n\t\t\t\t<div class=\"elementor-element elementor-element-d2c078b elementor-arrows-position-inside elementor-widget elementor-widget-image-carousel\" data-id=\"d2c078b\" data-element_type=\"widget\" data-e-type=\"widget\" data-settings=\"{&quot;navigation&quot;:&quot;arrows&quot;,&quot;image_spacing_custom&quot;:{&quot;unit&quot;:&quot;px&quot;,&quot;size&quot;:1,&quot;sizes&quot;:[]},&quot;slides_to_show&quot;:&quot;4&quot;,&quot;slides_to_show_tablet&quot;:&quot;3&quot;,&quot;slides_to_show_mobile&quot;:&quot;1&quot;,&quot;autoplay&quot;:&quot;yes&quot;,&quot;pause_on_hover&quot;:&quot;yes&quot;,&quot;pause_on_interaction&quot;:&quot;yes&quot;,&quot;autoplay_speed&quot;:5000,&quot;infinite&quot;:&quot;yes&quot;,&quot;speed&quot;:500,&quot;image_spacing_custom_tablet&quot;:{&quot;unit&quot;:&quot;px&quot;,&quot;size&quot;:&quot;&quot;,&quot;sizes&quot;:[]}}\" data-widget_type=\"image-carousel.default\">\n\t\t\t\t<div class=\"elementor-widget-container\">\n\t\t\t\t\t\t\t<div class=\"elementor-image-carousel-wrapper swiper\" role=\"region\" aria-roledescription=\"carousel\" aria-label=\"Carrusel de im\u00e1genes\" dir=\"ltr\">\n\t\t\t<div class=\"elementor-image-carousel swiper-wrapper swiper-image-stretch\" aria-live=\"off\">\n\t\t\t\t\t\t\t\t<div class=\"swiper-slide\" role=\"group\" aria-roledescription=\"slide\" aria-label=\"1 de 12\"><a data-elementor-open-lightbox=\"yes\" data-elementor-lightbox-slideshow=\"d2c078b\" data-elementor-lightbox-title=\"boton-ordenTrabajo\" data-e-action-hash=\"#elementor-action%3Aaction%3Dlightbox%26settings%3DeyJpZCI6MTg0NTAsInVybCI6Imh0dHBzOlwvXC9pbnRyYW5ldC5jb25zZW5zb2NvcnAuY29tXC93cC1jb250ZW50XC91cGxvYWRzXC8yMDI1XC8wNVwvYm90b24tb3JkZW5UcmFiYWpvLndlYnAiLCJzbGlkZXNob3ciOiJkMmMwNzhiIn0%3D\" href=\"https:\/\/form.jotform.com\/centrodesarrollo\/oden_comunicacin_eo,https:\/\/hcm19.sapsf.com\/login?company=serviandin,https:\/\/intranet.consenso.com.ec\/?page_id=8334,https:\/\/intranet.consensocorp.com\/?page_id=16874,https:\/\/intranet.consenso.com.ec\/?page_id=10585,https:\/\/intranet.consenso.com.ec\/?page_id=6150,https:\/\/intranet.consenso.com.ec\/?page_id=14452,https:\/\/intranet.consenso.com.ec\/?page_id=242#sap,https:\/\/login.microsoftonline.com\/,https:\/\/www.powerbi.com,https:\/\/intranet.consensocorp.com\/?page_id=7331#lineadedenuncias,https:\/\/f11centrodesoporte.consensocorp.com\/asmscustomer\/index.html#\"><figure class=\"swiper-slide-inner\"><img decoding=\"async\" class=\"swiper-slide-image\" src=\"https:\/\/intranet.consensocorp.com\/wp-content\/uploads\/2025\/05\/boton-ordenTrabajo.webp\" alt=\"boton-ordenTrabajo\" \/><\/figure><\/a><\/div><div class=\"swiper-slide\" role=\"group\" aria-roledescription=\"slide\" aria-label=\"2 de 12\"><a data-elementor-open-lightbox=\"yes\" data-elementor-lightbox-slideshow=\"d2c078b\" data-elementor-lightbox-title=\"MG-carrusel\" data-e-action-hash=\"#elementor-action%3Aaction%3Dlightbox%26settings%3DeyJpZCI6OTIxNSwidXJsIjoiaHR0cHM6XC9cL2ludHJhbmV0LmNvbnNlbnNvY29ycC5jb21cL3dwLWNvbnRlbnRcL3VwbG9hZHNcLzIwMjJcLzA0XC9NRy1jYXJydXNlbC5qcGciLCJzbGlkZXNob3ciOiJkMmMwNzhiIn0%3D\" href=\"https:\/\/form.jotform.com\/centrodesarrollo\/oden_comunicacin_eo,https:\/\/hcm19.sapsf.com\/login?company=serviandin,https:\/\/intranet.consenso.com.ec\/?page_id=8334,https:\/\/intranet.consensocorp.com\/?page_id=16874,https:\/\/intranet.consenso.com.ec\/?page_id=10585,https:\/\/intranet.consenso.com.ec\/?page_id=6150,https:\/\/intranet.consenso.com.ec\/?page_id=14452,https:\/\/intranet.consenso.com.ec\/?page_id=242#sap,https:\/\/login.microsoftonline.com\/,https:\/\/www.powerbi.com,https:\/\/intranet.consensocorp.com\/?page_id=7331#lineadedenuncias,https:\/\/f11centrodesoporte.consensocorp.com\/asmscustomer\/index.html#\"><figure class=\"swiper-slide-inner\"><img decoding=\"async\" class=\"swiper-slide-image\" src=\"https:\/\/intranet.consensocorp.com\/wp-content\/uploads\/2022\/04\/MG-carrusel.jpg\" alt=\"MG-carrusel\" \/><\/figure><\/a><\/div><div class=\"swiper-slide\" role=\"group\" aria-roledescription=\"slide\" aria-label=\"3 de 12\"><a data-elementor-open-lightbox=\"yes\" data-elementor-lightbox-slideshow=\"d2c078b\" data-elementor-lightbox-title=\"citaMedica\" data-e-action-hash=\"#elementor-action%3Aaction%3Dlightbox%26settings%3DeyJpZCI6OTc4NywidXJsIjoiaHR0cHM6XC9cL2ludHJhbmV0LmNvbnNlbnNvY29ycC5jb21cL3dwLWNvbnRlbnRcL3VwbG9hZHNcLzIwMjJcLzA1XC9jaXRhTWVkaWNhLnBuZyIsInNsaWRlc2hvdyI6ImQyYzA3OGIifQ%3D%3D\" href=\"https:\/\/form.jotform.com\/centrodesarrollo\/oden_comunicacin_eo,https:\/\/hcm19.sapsf.com\/login?company=serviandin,https:\/\/intranet.consenso.com.ec\/?page_id=8334,https:\/\/intranet.consensocorp.com\/?page_id=16874,https:\/\/intranet.consenso.com.ec\/?page_id=10585,https:\/\/intranet.consenso.com.ec\/?page_id=6150,https:\/\/intranet.consenso.com.ec\/?page_id=14452,https:\/\/intranet.consenso.com.ec\/?page_id=242#sap,https:\/\/login.microsoftonline.com\/,https:\/\/www.powerbi.com,https:\/\/intranet.consensocorp.com\/?page_id=7331#lineadedenuncias,https:\/\/f11centrodesoporte.consensocorp.com\/asmscustomer\/index.html#\"><figure class=\"swiper-slide-inner\"><img decoding=\"async\" class=\"swiper-slide-image\" src=\"https:\/\/intranet.consensocorp.com\/wp-content\/uploads\/2022\/05\/citaMedica.png\" alt=\"citaMedica\" \/><\/figure><\/a><\/div><div class=\"swiper-slide\" role=\"group\" aria-roledescription=\"slide\" aria-label=\"4 de 12\"><a data-elementor-open-lightbox=\"yes\" data-elementor-lightbox-slideshow=\"d2c078b\" data-elementor-lightbox-title=\"miBienestar\" data-e-action-hash=\"#elementor-action%3Aaction%3Dlightbox%26settings%3DeyJpZCI6MTc3MDIsInVybCI6Imh0dHBzOlwvXC9pbnRyYW5ldC5jb25zZW5zb2NvcnAuY29tXC93cC1jb250ZW50XC91cGxvYWRzXC8yMDI0XC8wOVwvbWlCaWVuZXN0YXIucG5nIiwic2xpZGVzaG93IjoiZDJjMDc4YiJ9\" href=\"https:\/\/form.jotform.com\/centrodesarrollo\/oden_comunicacin_eo,https:\/\/hcm19.sapsf.com\/login?company=serviandin,https:\/\/intranet.consenso.com.ec\/?page_id=8334,https:\/\/intranet.consensocorp.com\/?page_id=16874,https:\/\/intranet.consenso.com.ec\/?page_id=10585,https:\/\/intranet.consenso.com.ec\/?page_id=6150,https:\/\/intranet.consenso.com.ec\/?page_id=14452,https:\/\/intranet.consenso.com.ec\/?page_id=242#sap,https:\/\/login.microsoftonline.com\/,https:\/\/www.powerbi.com,https:\/\/intranet.consensocorp.com\/?page_id=7331#lineadedenuncias,https:\/\/f11centrodesoporte.consensocorp.com\/asmscustomer\/index.html#\"><figure class=\"swiper-slide-inner\"><img decoding=\"async\" class=\"swiper-slide-image\" src=\"https:\/\/intranet.consensocorp.com\/wp-content\/uploads\/2024\/09\/miBienestar.png\" alt=\"miBienestar\" \/><\/figure><\/a><\/div><div class=\"swiper-slide\" role=\"group\" aria-roledescription=\"slide\" aria-label=\"5 de 12\"><a data-elementor-open-lightbox=\"yes\" data-elementor-lightbox-slideshow=\"d2c078b\" data-elementor-lightbox-title=\"formatosCarrusel\" data-e-action-hash=\"#elementor-action%3Aaction%3Dlightbox%26settings%3DeyJpZCI6MTE2NTIsInVybCI6Imh0dHBzOlwvXC9pbnRyYW5ldC5jb25zZW5zb2NvcnAuY29tXC93cC1jb250ZW50XC91cGxvYWRzXC8yMDIyXC8wOVwvZm9ybWF0b3NDYXJydXNlbC5wbmciLCJzbGlkZXNob3ciOiJkMmMwNzhiIn0%3D\" href=\"https:\/\/form.jotform.com\/centrodesarrollo\/oden_comunicacin_eo,https:\/\/hcm19.sapsf.com\/login?company=serviandin,https:\/\/intranet.consenso.com.ec\/?page_id=8334,https:\/\/intranet.consensocorp.com\/?page_id=16874,https:\/\/intranet.consenso.com.ec\/?page_id=10585,https:\/\/intranet.consenso.com.ec\/?page_id=6150,https:\/\/intranet.consenso.com.ec\/?page_id=14452,https:\/\/intranet.consenso.com.ec\/?page_id=242#sap,https:\/\/login.microsoftonline.com\/,https:\/\/www.powerbi.com,https:\/\/intranet.consensocorp.com\/?page_id=7331#lineadedenuncias,https:\/\/f11centrodesoporte.consensocorp.com\/asmscustomer\/index.html#\"><figure class=\"swiper-slide-inner\"><img decoding=\"async\" class=\"swiper-slide-image\" src=\"https:\/\/intranet.consensocorp.com\/wp-content\/uploads\/2022\/09\/formatosCarrusel.png\" alt=\"formatosCarrusel\" \/><\/figure><\/a><\/div><div class=\"swiper-slide\" role=\"group\" aria-roledescription=\"slide\" aria-label=\"6 de 12\"><a data-elementor-open-lightbox=\"yes\" data-elementor-lightbox-slideshow=\"d2c078b\" data-elementor-lightbox-title=\"nuevosBebes\" data-e-action-hash=\"#elementor-action%3Aaction%3Dlightbox%26settings%3DeyJpZCI6ODU3MiwidXJsIjoiaHR0cHM6XC9cL2ludHJhbmV0LmNvbnNlbnNvY29ycC5jb21cL3dwLWNvbnRlbnRcL3VwbG9hZHNcLzIwMjJcLzAzXC9udWV2b3NCZWJlcy5wbmciLCJzbGlkZXNob3ciOiJkMmMwNzhiIn0%3D\" href=\"https:\/\/form.jotform.com\/centrodesarrollo\/oden_comunicacin_eo,https:\/\/hcm19.sapsf.com\/login?company=serviandin,https:\/\/intranet.consenso.com.ec\/?page_id=8334,https:\/\/intranet.consensocorp.com\/?page_id=16874,https:\/\/intranet.consenso.com.ec\/?page_id=10585,https:\/\/intranet.consenso.com.ec\/?page_id=6150,https:\/\/intranet.consenso.com.ec\/?page_id=14452,https:\/\/intranet.consenso.com.ec\/?page_id=242#sap,https:\/\/login.microsoftonline.com\/,https:\/\/www.powerbi.com,https:\/\/intranet.consensocorp.com\/?page_id=7331#lineadedenuncias,https:\/\/f11centrodesoporte.consensocorp.com\/asmscustomer\/index.html#\"><figure class=\"swiper-slide-inner\"><img decoding=\"async\" class=\"swiper-slide-image\" src=\"https:\/\/intranet.consensocorp.com\/wp-content\/uploads\/2022\/03\/nuevosBebes.png\" alt=\"nuevosBebes\" \/><\/figure><\/a><\/div><div class=\"swiper-slide\" role=\"group\" aria-roledescription=\"slide\" aria-label=\"7 de 12\"><a data-elementor-open-lightbox=\"yes\" data-elementor-lightbox-slideshow=\"d2c078b\" data-elementor-lightbox-title=\"gestiondeprocesos\" data-e-action-hash=\"#elementor-action%3Aaction%3Dlightbox%26settings%3DeyJpZCI6MTQ0OTEsInVybCI6Imh0dHBzOlwvXC9pbnRyYW5ldC5jb25zZW5zb2NvcnAuY29tXC93cC1jb250ZW50XC91cGxvYWRzXC8yMDIzXC8xMFwvZ2VzdGlvbmRlcHJvY2Vzb3MucG5nIiwic2xpZGVzaG93IjoiZDJjMDc4YiJ9\" href=\"https:\/\/form.jotform.com\/centrodesarrollo\/oden_comunicacin_eo,https:\/\/hcm19.sapsf.com\/login?company=serviandin,https:\/\/intranet.consenso.com.ec\/?page_id=8334,https:\/\/intranet.consensocorp.com\/?page_id=16874,https:\/\/intranet.consenso.com.ec\/?page_id=10585,https:\/\/intranet.consenso.com.ec\/?page_id=6150,https:\/\/intranet.consenso.com.ec\/?page_id=14452,https:\/\/intranet.consenso.com.ec\/?page_id=242#sap,https:\/\/login.microsoftonline.com\/,https:\/\/www.powerbi.com,https:\/\/intranet.consensocorp.com\/?page_id=7331#lineadedenuncias,https:\/\/f11centrodesoporte.consensocorp.com\/asmscustomer\/index.html#\"><figure class=\"swiper-slide-inner\"><img decoding=\"async\" class=\"swiper-slide-image\" src=\"https:\/\/intranet.consensocorp.com\/wp-content\/uploads\/2023\/10\/gestiondeprocesos.png\" alt=\"gestiondeprocesos\" \/><\/figure><\/a><\/div><div class=\"swiper-slide\" role=\"group\" aria-roledescription=\"slide\" aria-label=\"8 de 12\"><a data-elementor-open-lightbox=\"yes\" data-elementor-lightbox-slideshow=\"d2c078b\" data-elementor-lightbox-title=\"serviciosSAP\" data-e-action-hash=\"#elementor-action%3Aaction%3Dlightbox%26settings%3DeyJpZCI6OTc5MSwidXJsIjoiaHR0cHM6XC9cL2ludHJhbmV0LmNvbnNlbnNvY29ycC5jb21cL3dwLWNvbnRlbnRcL3VwbG9hZHNcLzIwMjJcLzA1XC9zZXJ2aWNpb3NTQVAucG5nIiwic2xpZGVzaG93IjoiZDJjMDc4YiJ9\" href=\"https:\/\/form.jotform.com\/centrodesarrollo\/oden_comunicacin_eo,https:\/\/hcm19.sapsf.com\/login?company=serviandin,https:\/\/intranet.consenso.com.ec\/?page_id=8334,https:\/\/intranet.consensocorp.com\/?page_id=16874,https:\/\/intranet.consenso.com.ec\/?page_id=10585,https:\/\/intranet.consenso.com.ec\/?page_id=6150,https:\/\/intranet.consenso.com.ec\/?page_id=14452,https:\/\/intranet.consenso.com.ec\/?page_id=242#sap,https:\/\/login.microsoftonline.com\/,https:\/\/www.powerbi.com,https:\/\/intranet.consensocorp.com\/?page_id=7331#lineadedenuncias,https:\/\/f11centrodesoporte.consensocorp.com\/asmscustomer\/index.html#\"><figure class=\"swiper-slide-inner\"><img decoding=\"async\" class=\"swiper-slide-image\" src=\"https:\/\/intranet.consensocorp.com\/wp-content\/uploads\/2022\/05\/serviciosSAP.png\" alt=\"serviciosSAP\" \/><\/figure><\/a><\/div><div class=\"swiper-slide\" role=\"group\" aria-roledescription=\"slide\" aria-label=\"9 de 12\"><a data-elementor-open-lightbox=\"yes\" data-elementor-lightbox-slideshow=\"d2c078b\" data-elementor-lightbox-title=\"Microsoft365\" data-e-action-hash=\"#elementor-action%3Aaction%3Dlightbox%26settings%3DeyJpZCI6MTQxMDMsInVybCI6Imh0dHBzOlwvXC9pbnRyYW5ldC5jb25zZW5zb2NvcnAuY29tXC93cC1jb250ZW50XC91cGxvYWRzXC8yMDIzXC8wOVwvTWljcm9zb2Z0MzY1LmpwZyIsInNsaWRlc2hvdyI6ImQyYzA3OGIifQ%3D%3D\" href=\"https:\/\/form.jotform.com\/centrodesarrollo\/oden_comunicacin_eo,https:\/\/hcm19.sapsf.com\/login?company=serviandin,https:\/\/intranet.consenso.com.ec\/?page_id=8334,https:\/\/intranet.consensocorp.com\/?page_id=16874,https:\/\/intranet.consenso.com.ec\/?page_id=10585,https:\/\/intranet.consenso.com.ec\/?page_id=6150,https:\/\/intranet.consenso.com.ec\/?page_id=14452,https:\/\/intranet.consenso.com.ec\/?page_id=242#sap,https:\/\/login.microsoftonline.com\/,https:\/\/www.powerbi.com,https:\/\/intranet.consensocorp.com\/?page_id=7331#lineadedenuncias,https:\/\/f11centrodesoporte.consensocorp.com\/asmscustomer\/index.html#\"><figure class=\"swiper-slide-inner\"><img decoding=\"async\" class=\"swiper-slide-image\" src=\"https:\/\/intranet.consensocorp.com\/wp-content\/uploads\/2023\/09\/Microsoft365.jpg\" alt=\"Microsoft365\" \/><\/figure><\/a><\/div><div class=\"swiper-slide\" role=\"group\" aria-roledescription=\"slide\" aria-label=\"10 de 12\"><a data-elementor-open-lightbox=\"yes\" data-elementor-lightbox-slideshow=\"d2c078b\" data-elementor-lightbox-title=\"powerBI-btn\" data-e-action-hash=\"#elementor-action%3Aaction%3Dlightbox%26settings%3DeyJpZCI6MTYxMDUsInVybCI6Imh0dHBzOlwvXC9pbnRyYW5ldC5jb25zZW5zb2NvcnAuY29tXC93cC1jb250ZW50XC91cGxvYWRzXC8yMDI0XC8wN1wvcG93ZXJCSS1idG4uanBnIiwic2xpZGVzaG93IjoiZDJjMDc4YiJ9\" href=\"https:\/\/form.jotform.com\/centrodesarrollo\/oden_comunicacin_eo,https:\/\/hcm19.sapsf.com\/login?company=serviandin,https:\/\/intranet.consenso.com.ec\/?page_id=8334,https:\/\/intranet.consensocorp.com\/?page_id=16874,https:\/\/intranet.consenso.com.ec\/?page_id=10585,https:\/\/intranet.consenso.com.ec\/?page_id=6150,https:\/\/intranet.consenso.com.ec\/?page_id=14452,https:\/\/intranet.consenso.com.ec\/?page_id=242#sap,https:\/\/login.microsoftonline.com\/,https:\/\/www.powerbi.com,https:\/\/intranet.consensocorp.com\/?page_id=7331#lineadedenuncias,https:\/\/f11centrodesoporte.consensocorp.com\/asmscustomer\/index.html#\"><figure class=\"swiper-slide-inner\"><img decoding=\"async\" class=\"swiper-slide-image\" src=\"https:\/\/intranet.consensocorp.com\/wp-content\/uploads\/2024\/07\/powerBI-btn.jpg\" alt=\"powerBI-btn\" \/><\/figure><\/a><\/div><div class=\"swiper-slide\" role=\"group\" aria-roledescription=\"slide\" aria-label=\"11 de 12\"><a data-elementor-open-lightbox=\"yes\" data-elementor-lightbox-slideshow=\"d2c078b\" data-elementor-lightbox-title=\"lineadeDenuncias2\" data-e-action-hash=\"#elementor-action%3Aaction%3Dlightbox%26settings%3DeyJpZCI6MTc3NDMsInVybCI6Imh0dHBzOlwvXC9pbnRyYW5ldC5jb25zZW5zb2NvcnAuY29tXC93cC1jb250ZW50XC91cGxvYWRzXC8yMDI0XC8wOVwvbGluZWFkZURlbnVuY2lhczIucG5nIiwic2xpZGVzaG93IjoiZDJjMDc4YiJ9\" href=\"https:\/\/form.jotform.com\/centrodesarrollo\/oden_comunicacin_eo,https:\/\/hcm19.sapsf.com\/login?company=serviandin,https:\/\/intranet.consenso.com.ec\/?page_id=8334,https:\/\/intranet.consensocorp.com\/?page_id=16874,https:\/\/intranet.consenso.com.ec\/?page_id=10585,https:\/\/intranet.consenso.com.ec\/?page_id=6150,https:\/\/intranet.consenso.com.ec\/?page_id=14452,https:\/\/intranet.consenso.com.ec\/?page_id=242#sap,https:\/\/login.microsoftonline.com\/,https:\/\/www.powerbi.com,https:\/\/intranet.consensocorp.com\/?page_id=7331#lineadedenuncias,https:\/\/f11centrodesoporte.consensocorp.com\/asmscustomer\/index.html#\"><figure class=\"swiper-slide-inner\"><img decoding=\"async\" class=\"swiper-slide-image\" src=\"https:\/\/intranet.consensocorp.com\/wp-content\/uploads\/2024\/09\/lineadeDenuncias2.png\" alt=\"lineadeDenuncias2\" \/><\/figure><\/a><\/div><div class=\"swiper-slide\" role=\"group\" aria-roledescription=\"slide\" aria-label=\"12 de 12\"><a data-elementor-open-lightbox=\"yes\" data-elementor-lightbox-slideshow=\"d2c078b\" data-elementor-lightbox-title=\"clickF11-c\" data-e-action-hash=\"#elementor-action%3Aaction%3Dlightbox%26settings%3DeyJpZCI6ODQxMywidXJsIjoiaHR0cHM6XC9cL2ludHJhbmV0LmNvbnNlbnNvY29ycC5jb21cL3dwLWNvbnRlbnRcL3VwbG9hZHNcLzIwMjJcLzAzXC9jbGlja0YxMS1jLmpwZyIsInNsaWRlc2hvdyI6ImQyYzA3OGIifQ%3D%3D\" href=\"https:\/\/form.jotform.com\/centrodesarrollo\/oden_comunicacin_eo,https:\/\/hcm19.sapsf.com\/login?company=serviandin,https:\/\/intranet.consenso.com.ec\/?page_id=8334,https:\/\/intranet.consensocorp.com\/?page_id=16874,https:\/\/intranet.consenso.com.ec\/?page_id=10585,https:\/\/intranet.consenso.com.ec\/?page_id=6150,https:\/\/intranet.consenso.com.ec\/?page_id=14452,https:\/\/intranet.consenso.com.ec\/?page_id=242#sap,https:\/\/login.microsoftonline.com\/,https:\/\/www.powerbi.com,https:\/\/intranet.consensocorp.com\/?page_id=7331#lineadedenuncias,https:\/\/f11centrodesoporte.consensocorp.com\/asmscustomer\/index.html#\"><figure class=\"swiper-slide-inner\"><img decoding=\"async\" class=\"swiper-slide-image\" src=\"https:\/\/intranet.consensocorp.com\/wp-content\/uploads\/2022\/03\/clickF11-c.jpg\" alt=\"clickF11-c\" \/><\/figure><\/a><\/div>\t\t\t<\/div>\n\t\t\t\t\t\t\t\t\t\t\t\t<div class=\"elementor-swiper-button elementor-swiper-button-prev\" role=\"button\" tabindex=\"0\">\n\t\t\t\t\t\t<svg aria-hidden=\"true\" class=\"e-font-icon-svg e-eicon-chevron-left\" viewBox=\"0 0 1000 1000\" xmlns=\"http:\/\/www.w3.org\/2000\/svg\"><path d=\"M646 125C629 125 613 133 604 142L308 442C296 454 292 471 292 487 292 504 296 521 308 533L604 854C617 867 629 875 646 875 663 875 679 871 692 858 704 846 713 829 713 812 713 796 708 779 692 767L438 487 692 225C700 217 708 204 708 187 708 171 704 154 692 142 675 129 663 125 646 125Z\"><\/path><\/svg>\t\t\t\t\t<\/div>\n\t\t\t\t\t<div class=\"elementor-swiper-button elementor-swiper-button-next\" role=\"button\" tabindex=\"0\">\n\t\t\t\t\t\t<svg aria-hidden=\"true\" class=\"e-font-icon-svg e-eicon-chevron-right\" viewBox=\"0 0 1000 1000\" xmlns=\"http:\/\/www.w3.org\/2000\/svg\"><path d=\"M696 533C708 521 713 504 713 487 713 471 708 454 696 446L400 146C388 133 375 125 354 125 338 125 325 129 313 142 300 154 292 171 292 187 292 204 296 221 308 233L563 492 304 771C292 783 288 800 288 817 288 833 296 850 308 863 321 871 338 875 354 875 371 875 388 867 400 854L696 533Z\"><\/path><\/svg>\t\t\t\t\t<\/div>\n\t\t\t\t\n\t\t\t\t\t\t\t\t\t<\/div>\n\t\t\t\t\t\t<\/div>\n\t\t\t\t<\/div>\n\t\t\t\t<\/div>\n\t\t<div class=\"elementor-element elementor-element-ea840e5 elementor-hidden-desktop elementor-hidden-tablet e-flex e-con-boxed e-con e-parent\" data-id=\"ea840e5\" data-element_type=\"container\" data-e-type=\"container\">\n\t\t\t\t\t<div class=\"e-con-inner\">\n\t\t\t\t<div class=\"elementor-element elementor-element-346fac5 elementor-widget elementor-widget-button\" data-id=\"346fac5\" data-element_type=\"widget\" data-e-type=\"widget\" data-widget_type=\"button.default\">\n\t\t\t\t<div class=\"elementor-widget-container\">\n\t\t\t\t\t\t\t\t\t<div class=\"elementor-button-wrapper\">\n\t\t\t\t\t<a class=\"elementor-button elementor-button-link elementor-size-md\" href=\"\/?page_id=242\">\n\t\t\t\t\t\t<span class=\"elementor-button-content-wrapper\">\n\t\t\t\t\t\t\t\t\t<span class=\"elementor-button-text\">OTROS SERVICIOS<\/span>\n\t\t\t\t\t<\/span>\n\t\t\t\t\t<\/a>\n\t\t\t\t<\/div>\n\t\t\t\t\t\t\t\t<\/div>\n\t\t\t\t<\/div>\n\t\t\t\t\t<\/div>\n\t\t\t\t<\/div>\n\t\t\t\t<\/div>\n\t\t","protected":false},"excerpt":{"rendered":"<p>Indurama lidera el top of mind en Electrodom\u00e9ticos en EcuadorEl estudio Power Brands de la Revista Ekos reconoce a Indurama por su alto recuerdo espont\u00e1neo, reflejando un posicionamiento s\u00f3lido y una conexi\u00f3n relevante en la mente del consumidor ecuatoriano.Ver noticia completaDescubre Armon\u00eda: una nueva forma de acceder a seguros y asistenciasLa plataforma ofrece un portafolio [&hellip;]<\/p>\n","protected":false},"author":1,"featured_media":0,"parent":0,"menu_order":0,"comment_status":"closed","ping_status":"closed","template":"elementor_header_footer","meta":{"footnotes":""},"class_list":["post-20400","page","type-page","status-publish","hentry"],"_links":{"self":[{"href":"https:\/\/intranet.consensocorp.com\/index.php?rest_route=\/wp\/v2\/pages\/20400","targetHints":{"allow":["GET"]}}],"collection":[{"href":"https:\/\/intranet.consensocorp.com\/index.php?rest_route=\/wp\/v2\/pages"}],"about":[{"href":"https:\/\/intranet.consensocorp.com\/index.php?rest_route=\/wp\/v2\/types\/page"}],"author":[{"embeddable":true,"href":"https:\/\/intranet.consensocorp.com\/index.php?rest_route=\/wp\/v2\/users\/1"}],"replies":[{"embeddable":true,"href":"https:\/\/intranet.consensocorp.com\/index.php?rest_route=%2Fwp%2Fv2%2Fcomments&post=20400"}],"version-history":[{"count":100,"href":"https:\/\/intranet.consensocorp.com\/index.php?rest_route=\/wp\/v2\/pages\/20400\/revisions"}],"predecessor-version":[{"id":21301,"href":"https:\/\/intranet.consensocorp.com\/index.php?rest_route=\/wp\/v2\/pages\/20400\/revisions\/21301"}],"wp:attachment":[{"href":"https:\/\/intranet.consensocorp.com\/index.php?rest_route=%2Fwp%2Fv2%2Fmedia&parent=20400"}],"curies":[{"name":"wp","href":"https:\/\/api.w.org\/{rel}","templated":true}]}}