{"id":399,"date":"2020-05-18T07:29:25","date_gmt":"2020-05-18T07:29:25","guid":{"rendered":"http:\/\/intranet.consenso.com.ec\/?page_id=399"},"modified":"2025-05-21T22:27:57","modified_gmt":"2025-05-21T22:27:57","slug":"noticias","status":"publish","type":"page","link":"https:\/\/intranet.consensocorp.com\/?page_id=399","title":{"rendered":"Noticias"},"content":{"rendered":"\t\t<div data-elementor-type=\"wp-page\" data-elementor-id=\"399\" class=\"elementor elementor-399\" data-elementor-post-type=\"page\">\n\t\t\t\t\t\t<section class=\"elementor-section elementor-top-section elementor-element elementor-element-bc91886 elementor-section-full_width elementor-section-height-min-height elementor-section-content-top elementor-section-height-default elementor-section-items-middle\" data-id=\"bc91886\" data-element_type=\"section\" data-e-type=\"section\" data-settings=\"{&quot;background_background&quot;:&quot;slideshow&quot;,&quot;background_slideshow_gallery&quot;:[],&quot;background_slideshow_loop&quot;:&quot;yes&quot;,&quot;background_slideshow_slide_duration&quot;:5000,&quot;background_slideshow_slide_transition&quot;:&quot;fade&quot;,&quot;background_slideshow_transition_duration&quot;:500}\">\n\t\t\t\t\t\t\t<div class=\"elementor-background-overlay\"><\/div>\n\t\t\t\t\t\t\t<div class=\"elementor-container elementor-column-gap-no\">\n\t\t\t\t\t<div class=\"elementor-column elementor-col-100 elementor-top-column elementor-element elementor-element-b50de9b\" data-id=\"b50de9b\" data-element_type=\"column\" data-e-type=\"column\">\n\t\t\t<div class=\"elementor-widget-wrap elementor-element-populated\">\n\t\t\t\t\t\t<div class=\"elementor-element elementor-element-59089ef elementor-widget elementor-widget-text-editor\" data-id=\"59089ef\" data-element_type=\"widget\" data-e-type=\"widget\" data-widget_type=\"text-editor.default\">\n\t\t\t\t<div class=\"elementor-widget-container\">\n\t\t\t\t\t\t\t\t\t<h1 style=\"text-align: center;\"><span style=\"color: #ffffff;\">Noticias<\/span><\/h1>\t\t\t\t\t\t\t\t<\/div>\n\t\t\t\t<\/div>\n\t\t\t\t\t<\/div>\n\t\t<\/div>\n\t\t\t\t\t<\/div>\n\t\t<\/section>\n\t\t<div class=\"elementor-element elementor-element-26e2f8c e-flex e-con-boxed e-con e-parent\" data-id=\"26e2f8c\" data-element_type=\"container\" data-e-type=\"container\">\n\t\t\t\t\t<div class=\"e-con-inner\">\n\t\t<div class=\"elementor-element elementor-element-91786a8 e-con-full e-flex e-con e-child\" data-id=\"91786a8\" data-element_type=\"container\" data-e-type=\"container\">\n\t\t\t\t<div class=\"elementor-element elementor-element-d0b0be3 elementor-grid-1 elementor-grid-tablet-2 elementor-grid-mobile-1 elementor-posts--thumbnail-top elementor-card-shadow-yes elementor-posts__hover-gradient elementor-widget elementor-widget-posts\" data-id=\"d0b0be3\" data-element_type=\"widget\" data-e-type=\"widget\" data-settings=\"{&quot;pagination_type&quot;:&quot;prev_next&quot;,&quot;cards_columns&quot;:&quot;1&quot;,&quot;cards_columns_tablet&quot;:&quot;2&quot;,&quot;cards_columns_mobile&quot;:&quot;1&quot;,&quot;cards_row_gap&quot;:{&quot;unit&quot;:&quot;px&quot;,&quot;size&quot;:35,&quot;sizes&quot;:[]},&quot;cards_row_gap_tablet&quot;:{&quot;unit&quot;:&quot;px&quot;,&quot;size&quot;:&quot;&quot;,&quot;sizes&quot;:[]},&quot;cards_row_gap_mobile&quot;:{&quot;unit&quot;:&quot;px&quot;,&quot;size&quot;:&quot;&quot;,&quot;sizes&quot;:[]}}\" data-widget_type=\"posts.cards\">\n\t\t\t\t<div class=\"elementor-widget-container\">\n\t\t\t\t\t\t\t<div class=\"elementor-posts-container elementor-posts elementor-posts--skin-cards elementor-grid\" role=\"list\">\n\t\t\t\t<article class=\"elementor-post elementor-grid-item post-21041 post type-post status-publish format-standard has-post-thumbnail hentry category-buenas-noticias category-cultura category-hitos-empresariales\" role=\"listitem\">\n\t\t\t<div class=\"elementor-post__card\">\n\t\t\t\t<a class=\"elementor-post__thumbnail__link\" href=\"https:\/\/intranet.consensocorp.com\/?p=21041\" tabindex=\"-1\" ><div class=\"elementor-post__thumbnail\"><img fetchpriority=\"high\" decoding=\"async\" width=\"1280\" height=\"853\" src=\"https:\/\/intranet.consensocorp.com\/wp-content\/uploads\/2026\/04\/WhatsApp-Image-2026-03-25-at-12.48.43-PM.jpeg\" class=\"attachment-full size-full wp-image-21044\" alt=\"\" srcset=\"https:\/\/intranet.consensocorp.com\/wp-content\/uploads\/2026\/04\/WhatsApp-Image-2026-03-25-at-12.48.43-PM.jpeg 1280w, https:\/\/intranet.consensocorp.com\/wp-content\/uploads\/2026\/04\/WhatsApp-Image-2026-03-25-at-12.48.43-PM-300x200.jpeg 300w, https:\/\/intranet.consensocorp.com\/wp-content\/uploads\/2026\/04\/WhatsApp-Image-2026-03-25-at-12.48.43-PM-1024x682.jpeg 1024w, https:\/\/intranet.consensocorp.com\/wp-content\/uploads\/2026\/04\/WhatsApp-Image-2026-03-25-at-12.48.43-PM-768x512.jpeg 768w, https:\/\/intranet.consensocorp.com\/wp-content\/uploads\/2026\/04\/WhatsApp-Image-2026-03-25-at-12.48.43-PM-350x233.jpeg 350w, https:\/\/intranet.consensocorp.com\/wp-content\/uploads\/2026\/04\/WhatsApp-Image-2026-03-25-at-12.48.43-PM-1100x733.jpeg 1100w\" sizes=\"(max-width: 1280px) 100vw, 1280px\" \/><\/div><\/a>\n\t\t\t\t<div class=\"elementor-post__text\">\n\t\t\t\t<h3 class=\"elementor-post__title\">\n\t\t\t<a href=\"https:\/\/intranet.consensocorp.com\/?p=21041\" >\n\t\t\t\tIndurama fortalece su presencia en Centroam\u00e9rica con su participaci\u00f3n en Retail 100 Panam\u00e1\t\t\t<\/a>\n\t\t<\/h3>\n\t\t\t\t<div class=\"elementor-post__excerpt\">\n\t\t\t<p>La marca present\u00f3 su portafolio ante clientes y potenciales aliados estrat\u00e9gicos, consolidando oportunidades comerciales en la regi\u00f3n. <\/p>\n\t\t<\/div>\n\t\t\n\t\t<a class=\"elementor-post__read-more\" href=\"https:\/\/intranet.consensocorp.com\/?p=21041\" aria-label=\"M\u00e1s informaci\u00f3n sobre Indurama fortalece su presencia en Centroam\u00e9rica con su participaci\u00f3n en Retail 100 Panam\u00e1\" tabindex=\"-1\" >\n\t\t\tLeer m\u00e1s\u00bb\t\t<\/a>\n\n\t\t\t\t<\/div>\n\t\t\t\t<div class=\"elementor-post__meta-data\">\n\t\t\t\t\t<span class=\"elementor-post-date\">\n\t\t\t1 abril 2026\t\t<\/span>\n\t\t\t\t<\/div>\n\t\t\t\t\t<\/div>\n\t\t<\/article>\n\t\t\t\t<article class=\"elementor-post elementor-grid-item post-21027 post type-post status-publish format-standard has-post-thumbnail hentry category-beneficios category-buenas-noticias category-cultura category-empresas-del-grupo\" role=\"listitem\">\n\t\t\t<div class=\"elementor-post__card\">\n\t\t\t\t<a class=\"elementor-post__thumbnail__link\" href=\"https:\/\/intranet.consensocorp.com\/?p=21027\" tabindex=\"-1\" ><div class=\"elementor-post__thumbnail\"><img decoding=\"async\" width=\"1280\" height=\"960\" src=\"https:\/\/intranet.consensocorp.com\/wp-content\/uploads\/2026\/03\/WhatsApp-Image-2026-03-26-at-12.59.01.jpeg\" class=\"attachment-full size-full wp-image-21028\" alt=\"\" srcset=\"https:\/\/intranet.consensocorp.com\/wp-content\/uploads\/2026\/03\/WhatsApp-Image-2026-03-26-at-12.59.01.jpeg 1280w, https:\/\/intranet.consensocorp.com\/wp-content\/uploads\/2026\/03\/WhatsApp-Image-2026-03-26-at-12.59.01-300x225.jpeg 300w, https:\/\/intranet.consensocorp.com\/wp-content\/uploads\/2026\/03\/WhatsApp-Image-2026-03-26-at-12.59.01-1024x768.jpeg 1024w, https:\/\/intranet.consensocorp.com\/wp-content\/uploads\/2026\/03\/WhatsApp-Image-2026-03-26-at-12.59.01-768x576.jpeg 768w, https:\/\/intranet.consensocorp.com\/wp-content\/uploads\/2026\/03\/WhatsApp-Image-2026-03-26-at-12.59.01-350x263.jpeg 350w, https:\/\/intranet.consensocorp.com\/wp-content\/uploads\/2026\/03\/WhatsApp-Image-2026-03-26-at-12.59.01-1067x800.jpeg 1067w\" sizes=\"(max-width: 1280px) 100vw, 1280px\" \/><\/div><\/a>\n\t\t\t\t<div class=\"elementor-post__text\">\n\t\t\t\t<h3 class=\"elementor-post__title\">\n\t\t\t<a href=\"https:\/\/intranet.consensocorp.com\/?p=21027\" >\n\t\t\t\tInauguraci\u00f3n del nuevo comedor en\u00a0Tarpuq\u00a0\t\t\t<\/a>\n\t\t<\/h3>\n\t\t\t\t<div class=\"elementor-post__excerpt\">\n\t\t\t<p>Con el objetivo de seguir fortaleciendo el bienestar de nuestros colaboradores, se llev\u00f3 a cabo la inauguraci\u00f3n del nuevo comedor en\u00a0Tarpuq, un espacio dise\u00f1ado para brindar mayor comodidad y mejorar la experiencia durante los momentos de descanso.\u00a0<\/p>\n\t\t<\/div>\n\t\t\n\t\t<a class=\"elementor-post__read-more\" href=\"https:\/\/intranet.consensocorp.com\/?p=21027\" aria-label=\"M\u00e1s informaci\u00f3n sobre Inauguraci\u00f3n del nuevo comedor en\u00a0Tarpuq\u00a0\" tabindex=\"-1\" >\n\t\t\tLeer m\u00e1s\u00bb\t\t<\/a>\n\n\t\t\t\t<\/div>\n\t\t\t\t<div class=\"elementor-post__meta-data\">\n\t\t\t\t\t<span class=\"elementor-post-date\">\n\t\t\t26 marzo 2026\t\t<\/span>\n\t\t\t\t<\/div>\n\t\t\t\t\t<\/div>\n\t\t<\/article>\n\t\t\t\t<article class=\"elementor-post elementor-grid-item post-20989 post type-post status-publish format-standard has-post-thumbnail hentry category-buenas-noticias category-cultura\" role=\"listitem\">\n\t\t\t<div class=\"elementor-post__card\">\n\t\t\t\t<a class=\"elementor-post__thumbnail__link\" href=\"https:\/\/intranet.consensocorp.com\/?p=20989\" tabindex=\"-1\" ><div class=\"elementor-post__thumbnail\"><img decoding=\"async\" width=\"2560\" height=\"1440\" src=\"https:\/\/intranet.consensocorp.com\/wp-content\/uploads\/2026\/03\/fondo.jpg-scaled.jpeg\" class=\"attachment-full size-full wp-image-20991\" alt=\"\" srcset=\"https:\/\/intranet.consensocorp.com\/wp-content\/uploads\/2026\/03\/fondo.jpg-scaled.jpeg 2560w, https:\/\/intranet.consensocorp.com\/wp-content\/uploads\/2026\/03\/fondo.jpg-300x169.jpeg 300w, https:\/\/intranet.consensocorp.com\/wp-content\/uploads\/2026\/03\/fondo.jpg-1024x576.jpeg 1024w, https:\/\/intranet.consensocorp.com\/wp-content\/uploads\/2026\/03\/fondo.jpg-768x432.jpeg 768w, https:\/\/intranet.consensocorp.com\/wp-content\/uploads\/2026\/03\/fondo.jpg-1536x864.jpeg 1536w, https:\/\/intranet.consensocorp.com\/wp-content\/uploads\/2026\/03\/fondo.jpg-2048x1152.jpeg 2048w, https:\/\/intranet.consensocorp.com\/wp-content\/uploads\/2026\/03\/fondo.jpg-350x197.jpeg 350w, https:\/\/intranet.consensocorp.com\/wp-content\/uploads\/2026\/03\/fondo.jpg-1100x619.jpeg 1100w\" sizes=\"(max-width: 2560px) 100vw, 2560px\" \/><\/div><\/a>\n\t\t\t\t<div class=\"elementor-post__text\">\n\t\t\t\t<h3 class=\"elementor-post__title\">\n\t\t\t<a href=\"https:\/\/intranet.consensocorp.com\/?p=20989\" >\n\t\t\t\tIndurama celebr\u00f3 54 a\u00f1os junto a sus colaboradores en un espacio de encuentro\t\t\t<\/a>\n\t\t<\/h3>\n\t\t\t\t<div class=\"elementor-post__excerpt\">\n\t\t\t<p>Indurama conmemor\u00f3 su aniversario n\u00famero 54 con una celebraci\u00f3n que reuni\u00f3 a todos sus colaboradores, destacando el camino recorrido y fortaleciendo el sentido de pertenencia en toda la organizaci\u00f3n.<\/p>\n\t\t<\/div>\n\t\t\n\t\t<a class=\"elementor-post__read-more\" href=\"https:\/\/intranet.consensocorp.com\/?p=20989\" aria-label=\"M\u00e1s informaci\u00f3n sobre Indurama celebr\u00f3 54 a\u00f1os junto a sus colaboradores en un espacio de encuentro\" tabindex=\"-1\" >\n\t\t\tLeer m\u00e1s\u00bb\t\t<\/a>\n\n\t\t\t\t<\/div>\n\t\t\t\t<div class=\"elementor-post__meta-data\">\n\t\t\t\t\t<span class=\"elementor-post-date\">\n\t\t\t25 marzo 2026\t\t<\/span>\n\t\t\t\t<\/div>\n\t\t\t\t\t<\/div>\n\t\t<\/article>\n\t\t\t\t<article class=\"elementor-post elementor-grid-item post-20964 post type-post status-publish format-standard has-post-thumbnail hentry category-buenas-noticias category-cultura category-formacion\" role=\"listitem\">\n\t\t\t<div class=\"elementor-post__card\">\n\t\t\t\t<a class=\"elementor-post__thumbnail__link\" href=\"https:\/\/intranet.consensocorp.com\/?p=20964\" tabindex=\"-1\" ><div class=\"elementor-post__thumbnail\"><img loading=\"lazy\" decoding=\"async\" width=\"2560\" height=\"1631\" src=\"https:\/\/intranet.consensocorp.com\/wp-content\/uploads\/2026\/03\/Captura-de-pantalla-2026-03-24-a-las-4.21.07-p.-m-scaled.png\" class=\"attachment-full size-full wp-image-20982\" alt=\"\" srcset=\"https:\/\/intranet.consensocorp.com\/wp-content\/uploads\/2026\/03\/Captura-de-pantalla-2026-03-24-a-las-4.21.07-p.-m-scaled.png 2560w, https:\/\/intranet.consensocorp.com\/wp-content\/uploads\/2026\/03\/Captura-de-pantalla-2026-03-24-a-las-4.21.07-p.-m-300x191.png 300w, https:\/\/intranet.consensocorp.com\/wp-content\/uploads\/2026\/03\/Captura-de-pantalla-2026-03-24-a-las-4.21.07-p.-m-1024x652.png 1024w, https:\/\/intranet.consensocorp.com\/wp-content\/uploads\/2026\/03\/Captura-de-pantalla-2026-03-24-a-las-4.21.07-p.-m-768x489.png 768w, https:\/\/intranet.consensocorp.com\/wp-content\/uploads\/2026\/03\/Captura-de-pantalla-2026-03-24-a-las-4.21.07-p.-m-1536x978.png 1536w, https:\/\/intranet.consensocorp.com\/wp-content\/uploads\/2026\/03\/Captura-de-pantalla-2026-03-24-a-las-4.21.07-p.-m-2048x1305.png 2048w, https:\/\/intranet.consensocorp.com\/wp-content\/uploads\/2026\/03\/Captura-de-pantalla-2026-03-24-a-las-4.21.07-p.-m-350x223.png 350w, https:\/\/intranet.consensocorp.com\/wp-content\/uploads\/2026\/03\/Captura-de-pantalla-2026-03-24-a-las-4.21.07-p.-m-1100x701.png 1100w\" sizes=\"(max-width: 2560px) 100vw, 2560px\" \/><\/div><\/a>\n\t\t\t\t<div class=\"elementor-post__text\">\n\t\t\t\t<h3 class=\"elementor-post__title\">\n\t\t\t<a href=\"https:\/\/intranet.consensocorp.com\/?p=20964\" >\n\t\t\t\tMarcimex culmina programa de formaci\u00f3n comercial \u201cTalento con Prop\u00f3sito en Acci\u00f3n\u201d\t\t\t<\/a>\n\t\t<\/h3>\n\t\t\t\t<div class=\"elementor-post__excerpt\">\n\t\t\t<p>Marcimex, en alianza con la Universidad T\u00e9cnica Particular de Loja (UTPL), llev\u00f3 a cabo la ceremonia de clausura del programa Talento con Prop\u00f3sito en Acci\u00f3n, una iniciativa de formaci\u00f3n gratuita dirigida a personas externas a la organizaci\u00f3n interesadas en formar parte de la empresa y desarrollar habilidades en el \u00e1mbito comercial.  <\/p>\n\t\t<\/div>\n\t\t\n\t\t<a class=\"elementor-post__read-more\" href=\"https:\/\/intranet.consensocorp.com\/?p=20964\" aria-label=\"M\u00e1s informaci\u00f3n sobre Marcimex culmina programa de formaci\u00f3n comercial \u201cTalento con Prop\u00f3sito en Acci\u00f3n\u201d\" tabindex=\"-1\" >\n\t\t\tLeer m\u00e1s\u00bb\t\t<\/a>\n\n\t\t\t\t<\/div>\n\t\t\t\t<div class=\"elementor-post__meta-data\">\n\t\t\t\t\t<span class=\"elementor-post-date\">\n\t\t\t24 marzo 2026\t\t<\/span>\n\t\t\t\t<\/div>\n\t\t\t\t\t<\/div>\n\t\t<\/article>\n\t\t\t\t<article class=\"elementor-post elementor-grid-item post-20949 post type-post status-publish format-standard has-post-thumbnail hentry category-buenas-noticias category-cultura category-hitos-empresariales\" role=\"listitem\">\n\t\t\t<div class=\"elementor-post__card\">\n\t\t\t\t<a class=\"elementor-post__thumbnail__link\" href=\"https:\/\/intranet.consensocorp.com\/?p=20949\" tabindex=\"-1\" ><div class=\"elementor-post__thumbnail\"><img loading=\"lazy\" decoding=\"async\" width=\"1164\" height=\"753\" src=\"https:\/\/intranet.consensocorp.com\/wp-content\/uploads\/2026\/03\/ChatGPT-Image-20-mar-2026-10_36_47-e1774021121265.png\" class=\"attachment-full size-full wp-image-20953\" alt=\"\" srcset=\"https:\/\/intranet.consensocorp.com\/wp-content\/uploads\/2026\/03\/ChatGPT-Image-20-mar-2026-10_36_47-e1774021121265.png 1164w, https:\/\/intranet.consensocorp.com\/wp-content\/uploads\/2026\/03\/ChatGPT-Image-20-mar-2026-10_36_47-e1774021121265-300x194.png 300w, https:\/\/intranet.consensocorp.com\/wp-content\/uploads\/2026\/03\/ChatGPT-Image-20-mar-2026-10_36_47-e1774021121265-1024x662.png 1024w, https:\/\/intranet.consensocorp.com\/wp-content\/uploads\/2026\/03\/ChatGPT-Image-20-mar-2026-10_36_47-e1774021121265-768x497.png 768w, https:\/\/intranet.consensocorp.com\/wp-content\/uploads\/2026\/03\/ChatGPT-Image-20-mar-2026-10_36_47-e1774021121265-350x226.png 350w, https:\/\/intranet.consensocorp.com\/wp-content\/uploads\/2026\/03\/ChatGPT-Image-20-mar-2026-10_36_47-e1774021121265-1100x712.png 1100w\" sizes=\"(max-width: 1164px) 100vw, 1164px\" \/><\/div><\/a>\n\t\t\t\t<div class=\"elementor-post__text\">\n\t\t\t\t<h3 class=\"elementor-post__title\">\n\t\t\t<a href=\"https:\/\/intranet.consensocorp.com\/?p=20949\" >\n\t\t\t\tAsamblea Nacional reconoce la trayectoria de Grupo Consenso\t\t\t<\/a>\n\t\t<\/h3>\n\t\t\t\t<div class=\"elementor-post__excerpt\">\n\t\t\t<p>Grupo Consenso fue reconocido por la Asamblea Nacional del Ecuador por su trayectoria y contribuci\u00f3n al desarrollo productivo del pa\u00eds, destacando el impacto sostenido de su gesti\u00f3n a lo largo de m\u00e1s de 70 a\u00f1os.<\/p>\n\t\t<\/div>\n\t\t\n\t\t<a class=\"elementor-post__read-more\" href=\"https:\/\/intranet.consensocorp.com\/?p=20949\" aria-label=\"M\u00e1s informaci\u00f3n sobre Asamblea Nacional reconoce la trayectoria de Grupo Consenso\" tabindex=\"-1\" >\n\t\t\tLeer m\u00e1s\u00bb\t\t<\/a>\n\n\t\t\t\t<\/div>\n\t\t\t\t<div class=\"elementor-post__meta-data\">\n\t\t\t\t\t<span class=\"elementor-post-date\">\n\t\t\t20 marzo 2026\t\t<\/span>\n\t\t\t\t<\/div>\n\t\t\t\t\t<\/div>\n\t\t<\/article>\n\t\t\t\t<article class=\"elementor-post elementor-grid-item post-20933 post type-post status-publish format-standard has-post-thumbnail hentry category-buenas-noticias category-cultura category-empresas-del-grupo category-hitos-empresariales\" role=\"listitem\">\n\t\t\t<div class=\"elementor-post__card\">\n\t\t\t\t<a class=\"elementor-post__thumbnail__link\" href=\"https:\/\/intranet.consensocorp.com\/?p=20933\" tabindex=\"-1\" ><div class=\"elementor-post__thumbnail\"><img loading=\"lazy\" decoding=\"async\" width=\"960\" height=\"540\" src=\"https:\/\/intranet.consensocorp.com\/wp-content\/uploads\/2026\/03\/WhatsApp-Image-2026-03-20-at-15.53.40.jpeg\" class=\"attachment-full size-full wp-image-20943\" alt=\"\" srcset=\"https:\/\/intranet.consensocorp.com\/wp-content\/uploads\/2026\/03\/WhatsApp-Image-2026-03-20-at-15.53.40.jpeg 960w, https:\/\/intranet.consensocorp.com\/wp-content\/uploads\/2026\/03\/WhatsApp-Image-2026-03-20-at-15.53.40-300x169.jpeg 300w, https:\/\/intranet.consensocorp.com\/wp-content\/uploads\/2026\/03\/WhatsApp-Image-2026-03-20-at-15.53.40-768x432.jpeg 768w, https:\/\/intranet.consensocorp.com\/wp-content\/uploads\/2026\/03\/WhatsApp-Image-2026-03-20-at-15.53.40-350x197.jpeg 350w\" sizes=\"(max-width: 960px) 100vw, 960px\" \/><\/div><\/a>\n\t\t\t\t<div class=\"elementor-post__text\">\n\t\t\t\t<h3 class=\"elementor-post__title\">\n\t\t\t<a href=\"https:\/\/intranet.consensocorp.com\/?p=20933\" >\n\t\t\t\t\u00a1Somos la Marca Empleadora #1 del Ecuador!\t\t\t<\/a>\n\t\t<\/h3>\n\t\t\t\t<div class=\"elementor-post__excerpt\">\n\t\t\t<p>Indurama y Marcimex han alcanzado el primer lugar en sus categor\u00edas dentro del estudio Employer Branding Ecuador 2025, basado en la opini\u00f3n de m\u00e1s de 81.000 personas a nivel nacional.<\/p>\n<p>Un reconocimiento que refleja nuestro compromiso con las personas y nos posiciona como un lugar donde el talento quiere estar y crecer.<\/p>\n\t\t<\/div>\n\t\t\n\t\t<a class=\"elementor-post__read-more\" href=\"https:\/\/intranet.consensocorp.com\/?p=20933\" aria-label=\"M\u00e1s informaci\u00f3n sobre \u00a1Somos la Marca Empleadora #1 del Ecuador!\" tabindex=\"-1\" >\n\t\t\tLeer m\u00e1s\u00bb\t\t<\/a>\n\n\t\t\t\t<\/div>\n\t\t\t\t<div class=\"elementor-post__meta-data\">\n\t\t\t\t\t<span class=\"elementor-post-date\">\n\t\t\t20 marzo 2026\t\t<\/span>\n\t\t\t\t<\/div>\n\t\t\t\t\t<\/div>\n\t\t<\/article>\n\t\t\t\t<\/div>\n\t\t\n\t\t\t\t<div class=\"e-load-more-anchor\" data-page=\"1\" data-max-page=\"49\" data-next-page=\"https:\/\/intranet.consensocorp.com\/index.php?rest_route=%2Fwp%2Fv2%2Fpages%2F399&#038;paged=2\"><\/div>\n\t\t\t\t<nav class=\"elementor-pagination\" aria-label=\"Paginaci\u00f3n\">\n\t\t\t<span class=\"page-numbers prev\">&laquo; Anterior<\/span>\n<a class=\"page-numbers next\" href=\"https:\/\/intranet.consensocorp.com\/index.php?rest_route=%2Fwp%2Fv2%2Fpages%2F399&#038;paged=2\">Siguiente &raquo;<\/a>\t\t<\/nav>\n\t\t\t\t\t\t<\/div>\n\t\t\t\t<\/div>\n\t\t\t\t<\/div>\n\t\t<div class=\"elementor-element elementor-element-e1b0d0e e-con-full e-flex e-con e-child\" data-id=\"e1b0d0e\" data-element_type=\"container\" data-e-type=\"container\">\n\t\t\t\t<div class=\"elementor-element elementor-element-054f826 elementor-search-form--skin-classic elementor-search-form--button-type-icon elementor-search-form--icon-search elementor-widget elementor-widget-search-form\" data-id=\"054f826\" data-element_type=\"widget\" data-e-type=\"widget\" data-settings=\"{&quot;skin&quot;:&quot;classic&quot;}\" data-widget_type=\"search-form.default\">\n\t\t\t\t<div class=\"elementor-widget-container\">\n\t\t\t\t\t\t\t<search role=\"search\">\n\t\t\t<form class=\"elementor-search-form\" action=\"https:\/\/intranet.consensocorp.com\" method=\"get\">\n\t\t\t\t\t\t\t\t\t\t\t\t<div class=\"elementor-search-form__container\">\n\t\t\t\t\t<label class=\"elementor-screen-only\" for=\"elementor-search-form-054f826\">Buscar<\/label>\n\n\t\t\t\t\t\n\t\t\t\t\t<input id=\"elementor-search-form-054f826\" placeholder=\"Buscar...\" class=\"elementor-search-form__input\" type=\"search\" name=\"s\" value=\"\">\n\t\t\t\t\t\n\t\t\t\t\t\t\t\t\t\t\t<button class=\"elementor-search-form__submit\" type=\"submit\" aria-label=\"Buscar\">\n\t\t\t\t\t\t\t\t\t\t\t\t\t\t\t<div class=\"e-font-icon-svg-container\"><svg class=\"fa fa-search e-font-icon-svg e-fas-search\" viewBox=\"0 0 512 512\" xmlns=\"http:\/\/www.w3.org\/2000\/svg\"><path d=\"M505 442.7L405.3 343c-4.5-4.5-10.6-7-17-7H372c27.6-35.3 44-79.7 44-128C416 93.1 322.9 0 208 0S0 93.1 0 208s93.1 208 208 208c48.3 0 92.7-16.4 128-44v16.3c0 6.4 2.5 12.5 7 17l99.7 99.7c9.4 9.4 24.6 9.4 33.9 0l28.3-28.3c9.4-9.4 9.4-24.6.1-34zM208 336c-70.7 0-128-57.2-128-128 0-70.7 57.2-128 128-128 70.7 0 128 57.2 128 128 0 70.7-57.2 128-128 128z\"><\/path><\/svg><\/div>\t\t\t\t\t\t\t\t\t\t\t\t\t<\/button>\n\t\t\t\t\t\n\t\t\t\t\t\t\t\t\t<\/div>\n\t\t\t<\/form>\n\t\t<\/search>\n\t\t\t\t\t\t<\/div>\n\t\t\t\t<\/div>\n\t\t\t\t<div class=\"elementor-element elementor-element-bfd1caf elementor-widget elementor-widget-image\" data-id=\"bfd1caf\" data-element_type=\"widget\" data-e-type=\"widget\" data-widget_type=\"image.default\">\n\t\t\t\t<div class=\"elementor-widget-container\">\n\t\t\t\t\t\t\t\t\t\t\t\t\t\t\t<img loading=\"lazy\" decoding=\"async\" width=\"220\" height=\"150\" src=\"https:\/\/intranet.consensocorp.com\/wp-content\/uploads\/2020\/05\/sobreGConsenso.jpg\" class=\"attachment-large size-large wp-image-304\" alt=\"\" \/>\t\t\t\t\t\t\t\t\t\t\t\t\t\t\t<\/div>\n\t\t\t\t<\/div>\n\t\t\t\t<div class=\"elementor-element elementor-element-5ab87d1 elementor-widget elementor-widget-text-editor\" data-id=\"5ab87d1\" data-element_type=\"widget\" data-e-type=\"widget\" data-widget_type=\"text-editor.default\">\n\t\t\t\t<div class=\"elementor-widget-container\">\n\t\t\t\t\t\t\t\t\t<h6><span style=\"color: #333333;\"><strong>Sobre Grupo Consenso<\/strong><\/span><\/h6><p>Tu opini\u00f3n nos interesa, escr\u00edbenos.<\/p>\t\t\t\t\t\t\t\t<\/div>\n\t\t\t\t<\/div>\n\t\t\t\t<div class=\"elementor-element elementor-element-649f7fd elementor-widget elementor-widget-wp-widget-categories\" data-id=\"649f7fd\" data-element_type=\"widget\" data-e-type=\"widget\" data-widget_type=\"wp-widget-categories.default\">\n\t\t\t\t<div class=\"elementor-widget-container\">\n\t\t\t\t\t<h5>Categor\u00edas<\/h5><nav aria-label=\"Categor\u00edas\">\n\t\t\t<ul>\n\t\t\t\t\t<li class=\"cat-item cat-item-14\"><a href=\"https:\/\/intranet.consensocorp.com\/?cat=14\">Beneficios<\/a>\n<\/li>\n\t<li class=\"cat-item cat-item-40\"><a href=\"https:\/\/intranet.consensocorp.com\/?cat=40\">Buenas Noticias<\/a>\n<\/li>\n\t<li class=\"cat-item cat-item-12\"><a href=\"https:\/\/intranet.consensocorp.com\/?cat=12\">Conecta<\/a>\n<\/li>\n\t<li class=\"cat-item cat-item-15\"><a href=\"https:\/\/intranet.consensocorp.com\/?cat=15\">Cultura<\/a>\n<\/li>\n\t<li class=\"cat-item cat-item-13\"><a href=\"https:\/\/intranet.consensocorp.com\/?cat=13\">Empresas del Grupo<\/a>\n<\/li>\n\t<li class=\"cat-item cat-item-26\"><a href=\"https:\/\/intranet.consensocorp.com\/?cat=26\">Formaci\u00f3n<\/a>\n<\/li>\n\t<li class=\"cat-item cat-item-10\"><a href=\"https:\/\/intranet.consensocorp.com\/?cat=10\">Hitos Empresariales<\/a>\n<\/li>\n\t<li class=\"cat-item cat-item-1\"><a href=\"https:\/\/intranet.consensocorp.com\/?cat=1\">Sin categor\u00eda<\/a>\n<\/li>\n\t<li class=\"cat-item cat-item-37\"><a href=\"https:\/\/intranet.consensocorp.com\/?cat=37\">Transforma<\/a>\n<\/li>\n\t<li class=\"cat-item cat-item-38\"><a href=\"https:\/\/intranet.consensocorp.com\/?cat=38\">Transforma Reportes<\/a>\n<\/li>\n\t\t\t<\/ul>\n\n\t\t\t<\/nav>\t\t\t\t<\/div>\n\t\t\t\t<\/div>\n\t\t\t\t<\/div>\n\t\t\t\t\t<\/div>\n\t\t\t\t<\/div>\n\t\t\t\t<\/div>\n\t\t","protected":false},"excerpt":{"rendered":"<p>Noticias Sobre Grupo Consenso Tu opini\u00f3n nos interesa, escr\u00edbenos.<\/p>\n","protected":false},"author":1,"featured_media":0,"parent":0,"menu_order":0,"comment_status":"closed","ping_status":"closed","template":"elementor_header_footer","meta":{"footnotes":""},"class_list":["post-399","page","type-page","status-publish","hentry"],"_links":{"self":[{"href":"https:\/\/intranet.consensocorp.com\/index.php?rest_route=\/wp\/v2\/pages\/399","targetHints":{"allow":["GET"]}}],"collection":[{"href":"https:\/\/intranet.consensocorp.com\/index.php?rest_route=\/wp\/v2\/pages"}],"about":[{"href":"https:\/\/intranet.consensocorp.com\/index.php?rest_route=\/wp\/v2\/types\/page"}],"author":[{"embeddable":true,"href":"https:\/\/intranet.consensocorp.com\/index.php?rest_route=\/wp\/v2\/users\/1"}],"replies":[{"embeddable":true,"href":"https:\/\/intranet.consensocorp.com\/index.php?rest_route=%2Fwp%2Fv2%2Fcomments&post=399"}],"version-history":[{"count":22,"href":"https:\/\/intranet.consensocorp.com\/index.php?rest_route=\/wp\/v2\/pages\/399\/revisions"}],"predecessor-version":[{"id":18552,"href":"https:\/\/intranet.consensocorp.com\/index.php?rest_route=\/wp\/v2\/pages\/399\/revisions\/18552"}],"wp:attachment":[{"href":"https:\/\/intranet.consensocorp.com\/index.php?rest_route=%2Fwp%2Fv2%2Fmedia&parent=399"}],"curies":[{"name":"wp","href":"https:\/\/api.w.org\/{rel}","templated":true}]}}