{"id":567,"date":"2020-06-29T14:00:55","date_gmt":"2020-06-29T14:00:55","guid":{"rendered":"https:\/\/intranet.consenso.com.ec\/?page_id=567"},"modified":"2025-06-13T16:36:18","modified_gmt":"2025-06-13T16:36:18","slug":"nuestra-historia","status":"publish","type":"page","link":"https:\/\/intranet.consensocorp.com\/?page_id=567","title":{"rendered":"Nuestra Historia"},"content":{"rendered":"\t\t<div data-elementor-type=\"wp-page\" data-elementor-id=\"567\" class=\"elementor elementor-567\" data-elementor-post-type=\"page\">\n\t\t\t\t\t\t<section class=\"elementor-section elementor-top-section elementor-element elementor-element-6a2d70cf elementor-section-full_width elementor-section-height-min-height elementor-section-height-default elementor-section-items-middle\" data-id=\"6a2d70cf\" data-element_type=\"section\" data-e-type=\"section\" data-settings=\"{&quot;background_background&quot;:&quot;classic&quot;}\">\n\t\t\t\t\t\t<div class=\"elementor-container elementor-column-gap-no\">\n\t\t\t\t\t<div class=\"elementor-column elementor-col-100 elementor-top-column elementor-element elementor-element-68332051\" data-id=\"68332051\" data-element_type=\"column\" data-e-type=\"column\">\n\t\t\t<div class=\"elementor-widget-wrap elementor-element-populated\">\n\t\t\t\t\t\t<div class=\"elementor-element elementor-element-fc9d84a elementor-widget elementor-widget-text-editor\" data-id=\"fc9d84a\" data-element_type=\"widget\" data-e-type=\"widget\" data-widget_type=\"text-editor.default\">\n\t\t\t\t<div class=\"elementor-widget-container\">\n\t\t\t\t\t\t\t\t\t<h1 style=\"text-align: center;\"><span style=\"color: #ffffff;\">Grupo Consenso<\/span><\/h1>\t\t\t\t\t\t\t\t<\/div>\n\t\t\t\t<\/div>\n\t\t\t\t\t<\/div>\n\t\t<\/div>\n\t\t\t\t\t<\/div>\n\t\t<\/section>\n\t\t\t\t<section class=\"elementor-section elementor-top-section elementor-element elementor-element-493807d elementor-reverse-mobile elementor-section-boxed elementor-section-height-default elementor-section-height-default\" data-id=\"493807d\" data-element_type=\"section\" data-e-type=\"section\">\n\t\t\t\t\t\t<div class=\"elementor-container elementor-column-gap-default\">\n\t\t\t\t\t<div class=\"elementor-column elementor-col-50 elementor-top-column elementor-element elementor-element-57f26c23\" data-id=\"57f26c23\" data-element_type=\"column\" data-e-type=\"column\">\n\t\t\t<div class=\"elementor-widget-wrap elementor-element-populated\">\n\t\t\t\t\t\t<div class=\"elementor-element elementor-element-7350610 elementor-widget-divider--view-line_text elementor-widget-divider--element-align-right elementor-widget elementor-widget-divider\" data-id=\"7350610\" data-element_type=\"widget\" data-e-type=\"widget\" data-widget_type=\"divider.default\">\n\t\t\t\t<div class=\"elementor-widget-container\">\n\t\t\t\t\t\t\t<div class=\"elementor-divider\">\n\t\t\t<span class=\"elementor-divider-separator\">\n\t\t\t\t\t\t\t<span class=\"elementor-divider__text elementor-divider__element\">\n\t\t\t\tGRUPO CONSENSO\t\t\t\t<\/span>\n\t\t\t\t\t\t<\/span>\n\t\t<\/div>\n\t\t\t\t\t\t<\/div>\n\t\t\t\t<\/div>\n\t\t\t\t<div class=\"elementor-element elementor-element-17772af5 elementor-widget elementor-widget-text-editor\" data-id=\"17772af5\" data-element_type=\"widget\" data-e-type=\"widget\" data-widget_type=\"text-editor.default\">\n\t\t\t\t<div class=\"elementor-widget-container\">\n\t\t\t\t\t\t\t\t\t<h2>Nuestra Historia<\/h2><p>Nuestra historia se remonta a 1949, cuando Marcelo Jaramillo Malo, fundador y creador de las empresas que hoy conforman el Grupo Consenso, forma parte de la sociedad de Brandon Hat Company y asume el negocio de exportaci\u00f3n de sombreros de paja toquilla.<\/p><p>En 1964, ante la crisis del sombrero de paja toquilla, este visionario empresario reinventa el negocio hacia materiales de construcci\u00f3n y cambia su nombre a Marcelo Jaramillo &amp; Hijos. En esta nueva etapa, la empresa integrar\u00e1 nuevas l\u00edneas de comercializaci\u00f3n. En 1972, se crea Indurama, Indutecnia, Multindustrias, que con el paso del tiempo se dedicar\u00e1 exclusivamente a la producci\u00f3n de l\u00ednea blanca y se conoce hasta hoy como Indurama. En 1992, Marcelo Jaramillo &amp; Hijos cambia su raz\u00f3n social a Marcimex.\u00a0<\/p>\t\t\t\t\t\t\t\t<\/div>\n\t\t\t\t<\/div>\n\t\t\t\t\t<\/div>\n\t\t<\/div>\n\t\t\t\t<div class=\"elementor-column elementor-col-50 elementor-top-column elementor-element elementor-element-e78afbc\" data-id=\"e78afbc\" data-element_type=\"column\" data-e-type=\"column\">\n\t\t\t<div class=\"elementor-widget-wrap elementor-element-populated\">\n\t\t\t\t\t\t<div class=\"elementor-element elementor-element-d22b135 elementor-widget elementor-widget-image\" data-id=\"d22b135\" data-element_type=\"widget\" data-e-type=\"widget\" data-widget_type=\"image.default\">\n\t\t\t\t<div class=\"elementor-widget-container\">\n\t\t\t\t\t\t\t\t\t\t\t\t\t\t\t<img fetchpriority=\"high\" decoding=\"async\" width=\"525\" height=\"463\" src=\"https:\/\/intranet.consensocorp.com\/wp-content\/uploads\/2020\/06\/gente.jpg\" class=\"attachment-full size-full wp-image-581\" alt=\"\" srcset=\"https:\/\/intranet.consensocorp.com\/wp-content\/uploads\/2020\/06\/gente.jpg 525w, https:\/\/intranet.consensocorp.com\/wp-content\/uploads\/2020\/06\/gente-300x265.jpg 300w\" sizes=\"(max-width: 525px) 100vw, 525px\" \/>\t\t\t\t\t\t\t\t\t\t\t\t\t\t\t<\/div>\n\t\t\t\t<\/div>\n\t\t\t\t\t<\/div>\n\t\t<\/div>\n\t\t\t\t\t<\/div>\n\t\t<\/section>\n\t\t\t\t<section class=\"elementor-section elementor-top-section elementor-element elementor-element-344a9e0f elementor-section-boxed elementor-section-height-default elementor-section-height-default\" data-id=\"344a9e0f\" data-element_type=\"section\" data-e-type=\"section\" data-settings=\"{&quot;background_background&quot;:&quot;classic&quot;}\">\n\t\t\t\t\t\t<div class=\"elementor-container elementor-column-gap-default\">\n\t\t\t\t\t<div class=\"elementor-column elementor-col-50 elementor-top-column elementor-element elementor-element-2e231acd\" data-id=\"2e231acd\" data-element_type=\"column\" data-e-type=\"column\">\n\t\t\t<div class=\"elementor-widget-wrap elementor-element-populated\">\n\t\t\t\t\t\t<div class=\"elementor-element elementor-element-e52cfaf elementor-widget elementor-widget-image\" data-id=\"e52cfaf\" data-element_type=\"widget\" data-e-type=\"widget\" data-widget_type=\"image.default\">\n\t\t\t\t<div class=\"elementor-widget-container\">\n\t\t\t\t\t\t\t\t\t\t\t\t\t\t\t<img decoding=\"async\" width=\"800\" height=\"705\" src=\"https:\/\/intranet.consensocorp.com\/wp-content\/uploads\/2020\/07\/indurama-1024x903.jpg\" class=\"attachment-large size-large wp-image-766\" alt=\"\" srcset=\"https:\/\/intranet.consensocorp.com\/wp-content\/uploads\/2020\/07\/indurama-1024x903.jpg 1024w, https:\/\/intranet.consensocorp.com\/wp-content\/uploads\/2020\/07\/indurama-300x265.jpg 300w, https:\/\/intranet.consensocorp.com\/wp-content\/uploads\/2020\/07\/indurama-768x677.jpg 768w, https:\/\/intranet.consensocorp.com\/wp-content\/uploads\/2020\/07\/indurama.jpg 1050w\" sizes=\"(max-width: 800px) 100vw, 800px\" \/>\t\t\t\t\t\t\t\t\t\t\t\t\t\t\t<\/div>\n\t\t\t\t<\/div>\n\t\t\t\t\t<\/div>\n\t\t<\/div>\n\t\t\t\t<div class=\"elementor-column elementor-col-50 elementor-top-column elementor-element elementor-element-10e1c6bc\" data-id=\"10e1c6bc\" data-element_type=\"column\" data-e-type=\"column\">\n\t\t\t<div class=\"elementor-widget-wrap elementor-element-populated\">\n\t\t\t\t\t\t<div class=\"elementor-element elementor-element-1df2940 elementor-widget-divider--view-line_text elementor-widget-divider--element-align-right elementor-widget elementor-widget-divider\" data-id=\"1df2940\" data-element_type=\"widget\" data-e-type=\"widget\" data-widget_type=\"divider.default\">\n\t\t\t\t<div class=\"elementor-widget-container\">\n\t\t\t\t\t\t\t<div class=\"elementor-divider\">\n\t\t\t<span class=\"elementor-divider-separator\">\n\t\t\t\t\t\t\t<span class=\"elementor-divider__text elementor-divider__element\">\n\t\t\t\tGRUPO CONSENSO\t\t\t\t<\/span>\n\t\t\t\t\t\t<\/span>\n\t\t<\/div>\n\t\t\t\t\t\t<\/div>\n\t\t\t\t<\/div>\n\t\t\t\t<div class=\"elementor-element elementor-element-207f40f9 elementor-widget elementor-widget-text-editor\" data-id=\"207f40f9\" data-element_type=\"widget\" data-e-type=\"widget\" data-widget_type=\"text-editor.default\">\n\t\t\t\t<div class=\"elementor-widget-container\">\n\t\t\t\t\t\t\t\t\t<h2>Nuestra Gente<\/h2><p>Para Grupo Consenso su gran equipo de m\u00e1s de 3.000 colaboradores es esencial. Desde siempre, el desarrollo del Talento Humano se sustenta en el trato justo y equitativo, acompa\u00f1ado del desarrollo profesional y el reconocimiento y respeto a los colaboradores. Juntos conformamos un gran equipo de trabajo en el cual se celebra el bienestar y desarrollo de cada persona. Nuestra cultura nos ha permitido consolidar un equipo humano comprometido en el que destaca la entrega y la lealtad.<\/p>\t\t\t\t\t\t\t\t<\/div>\n\t\t\t\t<\/div>\n\t\t\t\t\t<\/div>\n\t\t<\/div>\n\t\t\t\t\t<\/div>\n\t\t<\/section>\n\t\t\t\t<section class=\"elementor-section elementor-top-section elementor-element elementor-element-df9b9fc elementor-reverse-mobile elementor-section-boxed elementor-section-height-default elementor-section-height-default\" data-id=\"df9b9fc\" data-element_type=\"section\" data-e-type=\"section\">\n\t\t\t\t\t\t<div class=\"elementor-container elementor-column-gap-default\">\n\t\t\t\t\t<div class=\"elementor-column elementor-col-50 elementor-top-column elementor-element elementor-element-fbd344e\" data-id=\"fbd344e\" data-element_type=\"column\" data-e-type=\"column\">\n\t\t\t<div class=\"elementor-widget-wrap elementor-element-populated\">\n\t\t\t\t\t\t<div class=\"elementor-element elementor-element-9def6e9 elementor-widget-divider--view-line_text elementor-widget-divider--element-align-right elementor-widget elementor-widget-divider\" data-id=\"9def6e9\" data-element_type=\"widget\" data-e-type=\"widget\" data-widget_type=\"divider.default\">\n\t\t\t\t<div class=\"elementor-widget-container\">\n\t\t\t\t\t\t\t<div class=\"elementor-divider\">\n\t\t\t<span class=\"elementor-divider-separator\">\n\t\t\t\t\t\t\t<span class=\"elementor-divider__text elementor-divider__element\">\n\t\t\t\tGRUPO CONSENSO\t\t\t\t<\/span>\n\t\t\t\t\t\t<\/span>\n\t\t<\/div>\n\t\t\t\t\t\t<\/div>\n\t\t\t\t<\/div>\n\t\t\t\t<div class=\"elementor-element elementor-element-c469075 elementor-widget elementor-widget-text-editor\" data-id=\"c469075\" data-element_type=\"widget\" data-e-type=\"widget\" data-widget_type=\"text-editor.default\">\n\t\t\t\t<div class=\"elementor-widget-container\">\n\t\t\t\t\t\t\t\t\t<h2>Diversificaci\u00f3n<\/h2><p>Al amparo de las dos empresas <i>core<\/i>, se crean nuevas empresas diversificando el campo de acci\u00f3n y negocio. Entre ellas figuran Austromar, Serinco, Inmopromueve, IGM motos, Serviandina. En 1989 se crea la Fundaci\u00f3n Humanitaria Pablo Jaramillo Crespo. El objetivo de este Hospital es ayudar a los m\u00e1s necesitados y vulnerables, con atenci\u00f3n m\u00e9dica, caracterizada por su calidez, humanismo y solidaridad cristiana. Las empresas Indurama y Marcimex realizan aportes anuales como parte del esp\u00edritu humano y solidario que caracteriza a los accionistas, directivos y colaboradores que conforman Grupo Consenso.<\/p>\t\t\t\t\t\t\t\t<\/div>\n\t\t\t\t<\/div>\n\t\t\t\t\t<\/div>\n\t\t<\/div>\n\t\t\t\t<div class=\"elementor-column elementor-col-50 elementor-top-column elementor-element elementor-element-830a9e7\" data-id=\"830a9e7\" data-element_type=\"column\" data-e-type=\"column\">\n\t\t\t<div class=\"elementor-widget-wrap elementor-element-populated\">\n\t\t\t\t\t\t<div class=\"elementor-element elementor-element-167ae1a5 elementor-widget elementor-widget-image\" data-id=\"167ae1a5\" data-element_type=\"widget\" data-e-type=\"widget\" data-widget_type=\"image.default\">\n\t\t\t\t<div class=\"elementor-widget-container\">\n\t\t\t\t\t\t\t\t\t\t\t\t\t\t\t<img decoding=\"async\" width=\"525\" height=\"463\" src=\"https:\/\/intranet.consensocorp.com\/wp-content\/uploads\/2020\/06\/cocinas.jpg\" class=\"attachment-large size-large wp-image-580\" alt=\"\" srcset=\"https:\/\/intranet.consensocorp.com\/wp-content\/uploads\/2020\/06\/cocinas.jpg 525w, https:\/\/intranet.consensocorp.com\/wp-content\/uploads\/2020\/06\/cocinas-300x265.jpg 300w\" sizes=\"(max-width: 525px) 100vw, 525px\" \/>\t\t\t\t\t\t\t\t\t\t\t\t\t\t\t<\/div>\n\t\t\t\t<\/div>\n\t\t\t\t\t<\/div>\n\t\t<\/div>\n\t\t\t\t\t<\/div>\n\t\t<\/section>\n\t\t\t\t<\/div>\n\t\t","protected":false},"excerpt":{"rendered":"<p>Grupo Consenso GRUPO CONSENSO Nuestra Historia Nuestra historia se remonta a 1949, cuando Marcelo Jaramillo Malo, fundador y creador de las empresas que hoy conforman el Grupo Consenso, forma parte de la sociedad de Brandon Hat Company y asume el negocio de exportaci\u00f3n de sombreros de paja toquilla. En 1964, ante la crisis del sombrero [&hellip;]<\/p>\n","protected":false},"author":1,"featured_media":0,"parent":0,"menu_order":0,"comment_status":"closed","ping_status":"closed","template":"elementor_header_footer","meta":{"footnotes":""},"class_list":["post-567","page","type-page","status-publish","hentry"],"_links":{"self":[{"href":"https:\/\/intranet.consensocorp.com\/index.php?rest_route=\/wp\/v2\/pages\/567","targetHints":{"allow":["GET"]}}],"collection":[{"href":"https:\/\/intranet.consensocorp.com\/index.php?rest_route=\/wp\/v2\/pages"}],"about":[{"href":"https:\/\/intranet.consensocorp.com\/index.php?rest_route=\/wp\/v2\/types\/page"}],"author":[{"embeddable":true,"href":"https:\/\/intranet.consensocorp.com\/index.php?rest_route=\/wp\/v2\/users\/1"}],"replies":[{"embeddable":true,"href":"https:\/\/intranet.consensocorp.com\/index.php?rest_route=%2Fwp%2Fv2%2Fcomments&post=567"}],"version-history":[{"count":22,"href":"https:\/\/intranet.consensocorp.com\/index.php?rest_route=\/wp\/v2\/pages\/567\/revisions"}],"predecessor-version":[{"id":18616,"href":"https:\/\/intranet.consensocorp.com\/index.php?rest_route=\/wp\/v2\/pages\/567\/revisions\/18616"}],"wp:attachment":[{"href":"https:\/\/intranet.consensocorp.com\/index.php?rest_route=%2Fwp%2Fv2%2Fmedia&parent=567"}],"curies":[{"name":"wp","href":"https:\/\/api.w.org\/{rel}","templated":true}]}}