{"id":592,"date":"2020-06-29T14:18:19","date_gmt":"2020-06-29T14:18:19","guid":{"rendered":"https:\/\/intranet.consenso.com.ec\/?page_id=592"},"modified":"2020-08-18T16:55:23","modified_gmt":"2020-08-18T16:55:23","slug":"mision-vision-y-valores","status":"publish","type":"page","link":"https:\/\/intranet.consensocorp.com\/?page_id=592","title":{"rendered":"Misi\u00f3n, Visi\u00f3n y Valores"},"content":{"rendered":"\t\t<div data-elementor-type=\"wp-page\" data-elementor-id=\"592\" class=\"elementor elementor-592\" data-elementor-post-type=\"page\">\n\t\t\t\t\t\t<section class=\"elementor-section elementor-top-section elementor-element elementor-element-6a2d70cf elementor-section-full_width elementor-section-height-min-height elementor-section-height-default elementor-section-items-middle\" data-id=\"6a2d70cf\" data-element_type=\"section\" data-e-type=\"section\" data-settings=\"{&quot;background_background&quot;:&quot;classic&quot;}\">\n\t\t\t\t\t\t<div class=\"elementor-container elementor-column-gap-no\">\n\t\t\t\t\t<div class=\"elementor-column elementor-col-100 elementor-top-column elementor-element elementor-element-68332051\" data-id=\"68332051\" data-element_type=\"column\" data-e-type=\"column\">\n\t\t\t<div class=\"elementor-widget-wrap elementor-element-populated\">\n\t\t\t\t\t\t<div class=\"elementor-element elementor-element-5f6a083 elementor-widget elementor-widget-text-editor\" data-id=\"5f6a083\" data-element_type=\"widget\" data-e-type=\"widget\" data-widget_type=\"text-editor.default\">\n\t\t\t\t<div class=\"elementor-widget-container\">\n\t\t\t\t\t\t\t\t\t<h1 style=\"text-align: center;\"><span style=\"color: #ffffff;\">Grupo Consenso<\/span><\/h1>\t\t\t\t\t\t\t\t<\/div>\n\t\t\t\t<\/div>\n\t\t\t\t\t<\/div>\n\t\t<\/div>\n\t\t\t\t\t<\/div>\n\t\t<\/section>\n\t\t\t\t<section class=\"elementor-section elementor-top-section elementor-element elementor-element-e87eb34 elementor-section-boxed elementor-section-height-default elementor-section-height-default\" data-id=\"e87eb34\" data-element_type=\"section\" data-e-type=\"section\">\n\t\t\t\t\t\t<div class=\"elementor-container elementor-column-gap-default\">\n\t\t\t\t\t<div class=\"elementor-column elementor-col-50 elementor-top-column elementor-element elementor-element-56a13c5\" data-id=\"56a13c5\" data-element_type=\"column\" data-e-type=\"column\">\n\t\t\t<div class=\"elementor-widget-wrap elementor-element-populated\">\n\t\t\t\t\t\t<section class=\"elementor-section elementor-inner-section elementor-element elementor-element-c54a68f elementor-section-boxed elementor-section-height-default elementor-section-height-default\" data-id=\"c54a68f\" data-element_type=\"section\" data-e-type=\"section\">\n\t\t\t\t\t\t<div class=\"elementor-container elementor-column-gap-no\">\n\t\t\t\t\t<div class=\"elementor-column elementor-col-50 elementor-inner-column elementor-element elementor-element-c732a2a\" data-id=\"c732a2a\" data-element_type=\"column\" data-e-type=\"column\">\n\t\t\t<div class=\"elementor-widget-wrap elementor-element-populated\">\n\t\t\t\t\t\t<div class=\"elementor-element elementor-element-4db38c9 elementor-widget-divider--view-line elementor-widget elementor-widget-divider\" data-id=\"4db38c9\" data-element_type=\"widget\" data-e-type=\"widget\" data-widget_type=\"divider.default\">\n\t\t\t\t<div class=\"elementor-widget-container\">\n\t\t\t\t\t\t\t<div class=\"elementor-divider\">\n\t\t\t<span class=\"elementor-divider-separator\">\n\t\t\t\t\t\t<\/span>\n\t\t<\/div>\n\t\t\t\t\t\t<\/div>\n\t\t\t\t<\/div>\n\t\t\t\t\t<\/div>\n\t\t<\/div>\n\t\t\t\t<div class=\"elementor-column elementor-col-50 elementor-inner-column elementor-element elementor-element-4ffb3b8\" data-id=\"4ffb3b8\" data-element_type=\"column\" data-e-type=\"column\">\n\t\t\t<div class=\"elementor-widget-wrap elementor-element-populated\">\n\t\t\t\t\t\t<div class=\"elementor-element elementor-element-62adcec elementor-widget elementor-widget-text-editor\" data-id=\"62adcec\" data-element_type=\"widget\" data-e-type=\"widget\" data-widget_type=\"text-editor.default\">\n\t\t\t\t<div class=\"elementor-widget-container\">\n\t\t\t\t\t\t\t\t\t<p>GRUPO CONSENSO<\/p>\t\t\t\t\t\t\t\t<\/div>\n\t\t\t\t<\/div>\n\t\t\t\t\t<\/div>\n\t\t<\/div>\n\t\t\t\t\t<\/div>\n\t\t<\/section>\n\t\t\t\t<div class=\"elementor-element elementor-element-27a14c1 elementor-widget elementor-widget-text-editor\" data-id=\"27a14c1\" data-element_type=\"widget\" data-e-type=\"widget\" data-widget_type=\"text-editor.default\">\n\t\t\t\t<div class=\"elementor-widget-container\">\n\t\t\t\t\t\t\t\t\t<h2>Misi\u00f3n<\/h2><p style=\"font-family: Arial;\">Consolidar el core de Electrodom\u00e9sticos del Grupo de manera rentable y sostenible.<\/p>\t\t\t\t\t\t\t\t<\/div>\n\t\t\t\t<\/div>\n\t\t\t\t\t<\/div>\n\t\t<\/div>\n\t\t\t\t<div class=\"elementor-column elementor-col-50 elementor-top-column elementor-element elementor-element-5d25c83 elementor-hidden-phone\" data-id=\"5d25c83\" data-element_type=\"column\" data-e-type=\"column\">\n\t\t\t<div class=\"elementor-widget-wrap elementor-element-populated\">\n\t\t\t\t\t\t<div class=\"elementor-element elementor-element-97bf5bd elementor-widget elementor-widget-image\" data-id=\"97bf5bd\" data-element_type=\"widget\" data-e-type=\"widget\" data-widget_type=\"image.default\">\n\t\t\t\t<div class=\"elementor-widget-container\">\n\t\t\t\t\t\t\t\t\t\t\t\t\t\t\t<img fetchpriority=\"high\" decoding=\"async\" width=\"1500\" height=\"1333\" src=\"https:\/\/intranet.consensocorp.com\/wp-content\/uploads\/2020\/06\/mision.jpg\" class=\"attachment-full size-full wp-image-594\" alt=\"\" srcset=\"https:\/\/intranet.consensocorp.com\/wp-content\/uploads\/2020\/06\/mision.jpg 1500w, https:\/\/intranet.consensocorp.com\/wp-content\/uploads\/2020\/06\/mision-300x267.jpg 300w, https:\/\/intranet.consensocorp.com\/wp-content\/uploads\/2020\/06\/mision-1024x910.jpg 1024w, https:\/\/intranet.consensocorp.com\/wp-content\/uploads\/2020\/06\/mision-768x682.jpg 768w\" sizes=\"(max-width: 1500px) 100vw, 1500px\" \/>\t\t\t\t\t\t\t\t\t\t\t\t\t\t\t<\/div>\n\t\t\t\t<\/div>\n\t\t\t\t\t<\/div>\n\t\t<\/div>\n\t\t\t\t\t<\/div>\n\t\t<\/section>\n\t\t\t\t<section class=\"elementor-section elementor-top-section elementor-element elementor-element-344a9e0f elementor-section-boxed elementor-section-height-default elementor-section-height-default\" data-id=\"344a9e0f\" data-element_type=\"section\" data-e-type=\"section\" data-settings=\"{&quot;background_background&quot;:&quot;classic&quot;}\">\n\t\t\t\t\t\t<div class=\"elementor-container elementor-column-gap-default\">\n\t\t\t\t\t<div class=\"elementor-column elementor-col-50 elementor-top-column elementor-element elementor-element-2e231acd elementor-hidden-phone\" data-id=\"2e231acd\" data-element_type=\"column\" data-e-type=\"column\">\n\t\t\t<div class=\"elementor-widget-wrap elementor-element-populated\">\n\t\t\t\t\t\t<div class=\"elementor-element elementor-element-167ae1a5 elementor-widget elementor-widget-image\" data-id=\"167ae1a5\" data-element_type=\"widget\" data-e-type=\"widget\" data-widget_type=\"image.default\">\n\t\t\t\t<div class=\"elementor-widget-container\">\n\t\t\t\t\t\t\t\t\t\t\t\t\t\t\t<img decoding=\"async\" width=\"800\" height=\"711\" src=\"https:\/\/intranet.consensocorp.com\/wp-content\/uploads\/2020\/06\/vision-1024x910.jpg\" class=\"attachment-large size-large wp-image-595\" alt=\"\" srcset=\"https:\/\/intranet.consensocorp.com\/wp-content\/uploads\/2020\/06\/vision-1024x910.jpg 1024w, https:\/\/intranet.consensocorp.com\/wp-content\/uploads\/2020\/06\/vision-300x267.jpg 300w, https:\/\/intranet.consensocorp.com\/wp-content\/uploads\/2020\/06\/vision-768x682.jpg 768w, https:\/\/intranet.consensocorp.com\/wp-content\/uploads\/2020\/06\/vision.jpg 1500w\" sizes=\"(max-width: 800px) 100vw, 800px\" \/>\t\t\t\t\t\t\t\t\t\t\t\t\t\t\t<\/div>\n\t\t\t\t<\/div>\n\t\t\t\t\t<\/div>\n\t\t<\/div>\n\t\t\t\t<div class=\"elementor-column elementor-col-50 elementor-top-column elementor-element elementor-element-10e1c6bc\" data-id=\"10e1c6bc\" data-element_type=\"column\" data-e-type=\"column\">\n\t\t\t<div class=\"elementor-widget-wrap elementor-element-populated\">\n\t\t\t\t\t\t<section class=\"elementor-section elementor-inner-section elementor-element elementor-element-3ffa1e88 elementor-section-boxed elementor-section-height-default elementor-section-height-default\" data-id=\"3ffa1e88\" data-element_type=\"section\" data-e-type=\"section\">\n\t\t\t\t\t\t<div class=\"elementor-container elementor-column-gap-no\">\n\t\t\t\t\t<div class=\"elementor-column elementor-col-50 elementor-inner-column elementor-element elementor-element-78c7f758\" data-id=\"78c7f758\" data-element_type=\"column\" data-e-type=\"column\">\n\t\t\t<div class=\"elementor-widget-wrap elementor-element-populated\">\n\t\t\t\t\t\t<div class=\"elementor-element elementor-element-13a0bb7e elementor-widget-divider--view-line elementor-widget elementor-widget-divider\" data-id=\"13a0bb7e\" data-element_type=\"widget\" data-e-type=\"widget\" data-widget_type=\"divider.default\">\n\t\t\t\t<div class=\"elementor-widget-container\">\n\t\t\t\t\t\t\t<div class=\"elementor-divider\">\n\t\t\t<span class=\"elementor-divider-separator\">\n\t\t\t\t\t\t<\/span>\n\t\t<\/div>\n\t\t\t\t\t\t<\/div>\n\t\t\t\t<\/div>\n\t\t\t\t\t<\/div>\n\t\t<\/div>\n\t\t\t\t<div class=\"elementor-column elementor-col-50 elementor-inner-column elementor-element elementor-element-3cf4e1a1\" data-id=\"3cf4e1a1\" data-element_type=\"column\" data-e-type=\"column\">\n\t\t\t<div class=\"elementor-widget-wrap elementor-element-populated\">\n\t\t\t\t\t\t<div class=\"elementor-element elementor-element-11928aff elementor-widget elementor-widget-text-editor\" data-id=\"11928aff\" data-element_type=\"widget\" data-e-type=\"widget\" data-widget_type=\"text-editor.default\">\n\t\t\t\t<div class=\"elementor-widget-container\">\n\t\t\t\t\t\t\t\t\t<p>GRUPO CONSENSO<\/p>\t\t\t\t\t\t\t\t<\/div>\n\t\t\t\t<\/div>\n\t\t\t\t\t<\/div>\n\t\t<\/div>\n\t\t\t\t\t<\/div>\n\t\t<\/section>\n\t\t\t\t<div class=\"elementor-element elementor-element-207f40f9 elementor-widget elementor-widget-text-editor\" data-id=\"207f40f9\" data-element_type=\"widget\" data-e-type=\"widget\" data-widget_type=\"text-editor.default\">\n\t\t\t\t<div class=\"elementor-widget-container\">\n\t\t\t\t\t\t\t\t\t<h2>Visi\u00f3n<\/h2><p>Ser un Grupo de excelencia empresarial, inspirado en los valores de los fundadores y basado en el crecimiento patrimonial y en el desarrollo de sus accionistas y colaboradores.<\/p>\t\t\t\t\t\t\t\t<\/div>\n\t\t\t\t<\/div>\n\t\t\t\t\t<\/div>\n\t\t<\/div>\n\t\t\t\t\t<\/div>\n\t\t<\/section>\n\t\t\t\t<section class=\"elementor-section elementor-top-section elementor-element elementor-element-493807d elementor-section-boxed elementor-section-height-default elementor-section-height-default\" data-id=\"493807d\" data-element_type=\"section\" data-e-type=\"section\">\n\t\t\t\t\t\t<div class=\"elementor-container elementor-column-gap-default\">\n\t\t\t\t\t<div class=\"elementor-column elementor-col-50 elementor-top-column elementor-element elementor-element-57f26c23\" data-id=\"57f26c23\" data-element_type=\"column\" data-e-type=\"column\">\n\t\t\t<div class=\"elementor-widget-wrap elementor-element-populated\">\n\t\t\t\t\t\t<section class=\"elementor-section elementor-inner-section elementor-element elementor-element-2bd7d322 elementor-section-boxed elementor-section-height-default elementor-section-height-default\" data-id=\"2bd7d322\" data-element_type=\"section\" data-e-type=\"section\">\n\t\t\t\t\t\t<div class=\"elementor-container elementor-column-gap-no\">\n\t\t\t\t\t<div class=\"elementor-column elementor-col-50 elementor-inner-column elementor-element elementor-element-5841896b\" data-id=\"5841896b\" data-element_type=\"column\" data-e-type=\"column\">\n\t\t\t<div class=\"elementor-widget-wrap elementor-element-populated\">\n\t\t\t\t\t\t<div class=\"elementor-element elementor-element-650350f1 elementor-widget-divider--view-line elementor-widget elementor-widget-divider\" data-id=\"650350f1\" data-element_type=\"widget\" data-e-type=\"widget\" data-widget_type=\"divider.default\">\n\t\t\t\t<div class=\"elementor-widget-container\">\n\t\t\t\t\t\t\t<div class=\"elementor-divider\">\n\t\t\t<span class=\"elementor-divider-separator\">\n\t\t\t\t\t\t<\/span>\n\t\t<\/div>\n\t\t\t\t\t\t<\/div>\n\t\t\t\t<\/div>\n\t\t\t\t\t<\/div>\n\t\t<\/div>\n\t\t\t\t<div class=\"elementor-column elementor-col-50 elementor-inner-column elementor-element elementor-element-6db376c2\" data-id=\"6db376c2\" data-element_type=\"column\" data-e-type=\"column\">\n\t\t\t<div class=\"elementor-widget-wrap elementor-element-populated\">\n\t\t\t\t\t\t<div class=\"elementor-element elementor-element-4b198c16 elementor-widget elementor-widget-text-editor\" data-id=\"4b198c16\" data-element_type=\"widget\" data-e-type=\"widget\" data-widget_type=\"text-editor.default\">\n\t\t\t\t<div class=\"elementor-widget-container\">\n\t\t\t\t\t\t\t\t\t<p>GRUPO CONSENSO<\/p>\t\t\t\t\t\t\t\t<\/div>\n\t\t\t\t<\/div>\n\t\t\t\t\t<\/div>\n\t\t<\/div>\n\t\t\t\t\t<\/div>\n\t\t<\/section>\n\t\t\t\t<div class=\"elementor-element elementor-element-17772af5 elementor-widget elementor-widget-text-editor\" data-id=\"17772af5\" data-element_type=\"widget\" data-e-type=\"widget\" data-widget_type=\"text-editor.default\">\n\t\t\t\t<div class=\"elementor-widget-container\">\n\t\t\t\t\t\t\t\t\t<h2>Valores<\/h2>\n<div style=\"font-family: Arial;\">\n<p>UNI\u00d3N<br>Vocaci\u00f3n de participar juntos con un inter\u00e9s genuino por los dem\u00e1s, en la construcci\u00f3n y vivencia de una visi\u00f3n compartida para obtener un objetivo com\u00fan.<\/p>\n<p>RESPETO<br>Tratar con afecto y consideraci\u00f3n al reconocer y aceptar las cualidades y diferencias de los dem\u00e1s.&nbsp;<\/p>\n<p>GENEROSIDAD<br>Dar y compartir con los dem\u00e1s, sin esperar nada a cambio, teniendo presente las necesidades de los otros, anteponiendo el bien com\u00fan ante el individual.<\/p>\n<p>HONESTIDAD<br>Actuar con transparencia y en coherencia con la moral, manteniendo un comportamiento y comunicaci\u00f3n directa y veraz en todas las circunstancias.<\/p>\n<\/div>\t\t\t\t\t\t\t\t<\/div>\n\t\t\t\t<\/div>\n\t\t\t\t\t<\/div>\n\t\t<\/div>\n\t\t\t\t<div class=\"elementor-column elementor-col-50 elementor-top-column elementor-element elementor-element-e78afbc elementor-hidden-phone\" data-id=\"e78afbc\" data-element_type=\"column\" data-e-type=\"column\">\n\t\t\t<div class=\"elementor-widget-wrap elementor-element-populated\">\n\t\t\t\t\t\t<div class=\"elementor-element elementor-element-d22b135 elementor-widget elementor-widget-image\" data-id=\"d22b135\" data-element_type=\"widget\" data-e-type=\"widget\" data-widget_type=\"image.default\">\n\t\t\t\t<div class=\"elementor-widget-container\">\n\t\t\t\t\t\t\t\t\t\t\t\t\t\t\t<img decoding=\"async\" width=\"1500\" height=\"1333\" src=\"https:\/\/intranet.consensocorp.com\/wp-content\/uploads\/2020\/06\/valores.jpg\" class=\"attachment-full size-full wp-image-596\" alt=\"\" srcset=\"https:\/\/intranet.consensocorp.com\/wp-content\/uploads\/2020\/06\/valores.jpg 1500w, https:\/\/intranet.consensocorp.com\/wp-content\/uploads\/2020\/06\/valores-300x267.jpg 300w, https:\/\/intranet.consensocorp.com\/wp-content\/uploads\/2020\/06\/valores-1024x910.jpg 1024w, https:\/\/intranet.consensocorp.com\/wp-content\/uploads\/2020\/06\/valores-768x682.jpg 768w\" sizes=\"(max-width: 1500px) 100vw, 1500px\" \/>\t\t\t\t\t\t\t\t\t\t\t\t\t\t\t<\/div>\n\t\t\t\t<\/div>\n\t\t\t\t\t<\/div>\n\t\t<\/div>\n\t\t\t\t\t<\/div>\n\t\t<\/section>\n\t\t\t\t<\/div>\n\t\t","protected":false},"excerpt":{"rendered":"<p>Grupo Consenso GRUPO CONSENSO Misi\u00f3n Consolidar el core de Electrodom\u00e9sticos del Grupo de manera rentable y sostenible. GRUPO CONSENSO Visi\u00f3n Ser un Grupo de excelencia empresarial, inspirado en los valores de los fundadores y basado en el crecimiento patrimonial y en el desarrollo de sus accionistas y colaboradores. GRUPO CONSENSO Valores UNI\u00d3NVocaci\u00f3n de participar juntos [&hellip;]<\/p>\n","protected":false},"author":1,"featured_media":0,"parent":0,"menu_order":0,"comment_status":"closed","ping_status":"closed","template":"elementor_header_footer","meta":{"footnotes":""},"class_list":["post-592","page","type-page","status-publish","hentry"],"_links":{"self":[{"href":"https:\/\/intranet.consensocorp.com\/index.php?rest_route=\/wp\/v2\/pages\/592","targetHints":{"allow":["GET"]}}],"collection":[{"href":"https:\/\/intranet.consensocorp.com\/index.php?rest_route=\/wp\/v2\/pages"}],"about":[{"href":"https:\/\/intranet.consensocorp.com\/index.php?rest_route=\/wp\/v2\/types\/page"}],"author":[{"embeddable":true,"href":"https:\/\/intranet.consensocorp.com\/index.php?rest_route=\/wp\/v2\/users\/1"}],"replies":[{"embeddable":true,"href":"https:\/\/intranet.consensocorp.com\/index.php?rest_route=%2Fwp%2Fv2%2Fcomments&post=592"}],"version-history":[{"count":7,"href":"https:\/\/intranet.consensocorp.com\/index.php?rest_route=\/wp\/v2\/pages\/592\/revisions"}],"predecessor-version":[{"id":1084,"href":"https:\/\/intranet.consensocorp.com\/index.php?rest_route=\/wp\/v2\/pages\/592\/revisions\/1084"}],"wp:attachment":[{"href":"https:\/\/intranet.consensocorp.com\/index.php?rest_route=%2Fwp%2Fv2%2Fmedia&parent=592"}],"curies":[{"name":"wp","href":"https:\/\/api.w.org\/{rel}","templated":true}]}}