{"id":6071,"date":"2021-09-22T04:01:40","date_gmt":"2021-09-22T04:01:40","guid":{"rendered":"https:\/\/intranet.consenso.com.ec\/?page_id=6071"},"modified":"2024-03-02T00:23:40","modified_gmt":"2024-03-02T00:23:40","slug":"gestion-por-procesos-motopower","status":"publish","type":"page","link":"https:\/\/intranet.consensocorp.com\/?page_id=6071","title":{"rendered":"Mercandina"},"content":{"rendered":"\t\t<div data-elementor-type=\"wp-page\" data-elementor-id=\"6071\" class=\"elementor elementor-6071\" data-elementor-post-type=\"page\">\n\t\t\t\t\t\t<section class=\"elementor-section elementor-top-section elementor-element elementor-element-13bc6546 elementor-section-full_width elementor-section-height-min-height elementor-section-height-default elementor-section-items-middle\" data-id=\"13bc6546\" data-element_type=\"section\" data-e-type=\"section\" data-settings=\"{&quot;background_background&quot;:&quot;classic&quot;}\">\n\t\t\t\t\t\t<div class=\"elementor-container elementor-column-gap-no\">\n\t\t\t\t\t<div class=\"elementor-column elementor-col-100 elementor-top-column elementor-element elementor-element-2bbc1b44\" data-id=\"2bbc1b44\" data-element_type=\"column\" data-e-type=\"column\">\n\t\t\t<div class=\"elementor-widget-wrap elementor-element-populated\">\n\t\t\t\t\t\t<div class=\"elementor-element elementor-element-6fa159e5 elementor-widget elementor-widget-text-editor\" data-id=\"6fa159e5\" data-element_type=\"widget\" data-e-type=\"widget\" data-widget_type=\"text-editor.default\">\n\t\t\t\t<div class=\"elementor-widget-container\">\n\t\t\t\t\t\t\t\t\t<h1 style=\"text-align: center;\"><span style=\"color: #ffffff;\">MERCANDINA<br>Gesti\u00f3n por Procesos<br><\/span><\/h1>\t\t\t\t\t\t\t\t<\/div>\n\t\t\t\t<\/div>\n\t\t\t\t\t<\/div>\n\t\t<\/div>\n\t\t\t\t\t<\/div>\n\t\t<\/section>\n\t\t\t\t<section class=\"elementor-section elementor-top-section elementor-element elementor-element-d2bacfe elementor-section-boxed elementor-section-height-default elementor-section-height-default\" data-id=\"d2bacfe\" data-element_type=\"section\" data-e-type=\"section\">\n\t\t\t\t\t\t<div class=\"elementor-container elementor-column-gap-default\">\n\t\t\t\t\t<div class=\"elementor-column elementor-col-100 elementor-top-column elementor-element elementor-element-c1a21c6\" data-id=\"c1a21c6\" data-element_type=\"column\" data-e-type=\"column\">\n\t\t\t<div class=\"elementor-widget-wrap elementor-element-populated\">\n\t\t\t\t\t\t<div class=\"elementor-element elementor-element-6470dfe elementor-widget elementor-widget-text-editor\" data-id=\"6470dfe\" data-element_type=\"widget\" data-e-type=\"widget\" data-widget_type=\"text-editor.default\">\n\t\t\t\t<div class=\"elementor-widget-container\">\n\t\t\t\t\t\t\t\t\t<p>En esta p\u00e1gina Ud. podr\u00e1 conocer los diferentes procesos de Mercandina a trav\u00e9s de diagramas y documentos.<\/p><p>Para navegar utilice las herramientas<\/p>\t\t\t\t\t\t\t\t<\/div>\n\t\t\t\t<\/div>\n\t\t\t\t<div class=\"elementor-element elementor-element-8ed071a elementor-icon-list--layout-inline elementor-widget__width-auto elementor-list-item-link-full_width elementor-widget elementor-widget-icon-list\" data-id=\"8ed071a\" data-element_type=\"widget\" data-e-type=\"widget\" data-widget_type=\"icon-list.default\">\n\t\t\t\t<div class=\"elementor-widget-container\">\n\t\t\t\t\t\t\t<ul class=\"elementor-icon-list-items elementor-inline-items\">\n\t\t\t\t\t\t\t<li class=\"elementor-icon-list-item elementor-inline-item\">\n\t\t\t\t\t\t\t\t\t\t\t<span class=\"elementor-icon-list-icon\">\n\t\t\t\t\t\t\t<svg xmlns=\"http:\/\/www.w3.org\/2000\/svg\" width=\"9.15mm\" height=\"9.1mm\" viewBox=\"0 0 25.94 25.8\"><path d=\"M294.75,427.71a9.78,9.78,0,1,1,9.78-9.77A9.79,9.79,0,0,1,294.75,427.71Zm0-17a7.28,7.28,0,1,0,7.28,7.28A7.29,7.29,0,0,0,294.75,410.66Z\" transform=\"translate(-284.97 -408.16)\" style=\"fill:#none\"><\/path><polygon points=\"24.17 25.8 16.57 18.21 16.58 16.45 18.34 16.44 25.93 24.03 24.17 25.8\" style=\"fill:#none\"><\/polygon><rect x=\"6.19\" y=\"9.03\" width=\"7.17\" height=\"1.5\" style=\"fill:#none\"><\/rect><rect x=\"9.03\" y=\"6.19\" width=\"1.5\" height=\"7.17\" style=\"fill:#none\"><\/rect><\/svg>\t\t\t\t\t\t<\/span>\n\t\t\t\t\t\t\t\t\t\t<span class=\"elementor-icon-list-text\">Ampliar diagrama<\/span>\n\t\t\t\t\t\t\t\t\t<\/li>\n\t\t\t\t\t\t\t\t<li class=\"elementor-icon-list-item elementor-inline-item\">\n\t\t\t\t\t\t\t\t\t\t\t<span class=\"elementor-icon-list-icon\">\n\t\t\t\t\t\t\t<svg xmlns=\"http:\/\/www.w3.org\/2000\/svg\" width=\"9.13mm\" height=\"9.1mm\" viewBox=\"0 0 25.88 25.8\"><path d=\"M294.78,427.71a9.78,9.78,0,1,1,9.77-9.77A9.79,9.79,0,0,1,294.78,427.71Zm0-17a7.28,7.28,0,1,0,7.27,7.28A7.28,7.28,0,0,0,294.78,410.66Z\" transform=\"translate(-285 -408.16)\" style=\"fill:#none\"><\/path><polygon points=\"24.11 25.8 16.52 18.21 16.52 16.45 18.29 16.44 25.88 24.03 24.11 25.8\" style=\"fill:#none\"><\/polygon><rect x=\"6.19\" y=\"9.03\" width=\"7.17\" height=\"1.5\" style=\"fill:#none\"><\/rect><\/svg>\t\t\t\t\t\t<\/span>\n\t\t\t\t\t\t\t\t\t\t<span class=\"elementor-icon-list-text\">Reducir diagrama<\/span>\n\t\t\t\t\t\t\t\t\t<\/li>\n\t\t\t\t\t\t\t\t<li class=\"elementor-icon-list-item elementor-inline-item\">\n\t\t\t\t\t\t\t\t\t\t\t<span class=\"elementor-icon-list-icon\">\n\t\t\t\t\t\t\t<svg xmlns=\"http:\/\/www.w3.org\/2000\/svg\" width=\"9.56mm\" height=\"9.57mm\" viewBox=\"0 0 27.1 27.13\"><path d=\"M292.56,434.62h-3.64a4.53,4.53,0,0,1-4.53-4.53v-3.9h2.5v3.9a2,2,0,0,0,2,2h3.64Z\" transform=\"translate(-284.39 -407.5)\" style=\"fill:#none\"><\/path><path d=\"M307,434.62h-3.9v-2.5H307a2,2,0,0,0,2-2v-3.64h2.5v3.64A4.53,4.53,0,0,1,307,434.62Z\" transform=\"translate(-284.39 -407.5)\" style=\"fill:#none\"><\/path><path d=\"M286.89,415.93h-2.5V412a4.53,4.53,0,0,1,4.53-4.52h3.64V410h-3.64a2,2,0,0,0-2,2Z\" transform=\"translate(-284.39 -407.5)\" style=\"fill:#none\"><\/path><path d=\"M311.49,415.66H309V412a2,2,0,0,0-2-2h-3.9v-2.5H307a4.53,4.53,0,0,1,4.53,4.53Z\" transform=\"translate(-284.39 -407.5)\" style=\"fill:#none\"><\/path><path d=\"M297.94,427.59a6.53,6.53,0,1,1,6.53-6.53A6.54,6.54,0,0,1,297.94,427.59Zm0-10.56a4,4,0,1,0,4,4A4,4,0,0,0,297.94,417Z\" transform=\"translate(-284.39 -407.5)\" style=\"fill:#none\"><\/path><\/svg>\t\t\t\t\t\t<\/span>\n\t\t\t\t\t\t\t\t\t\t<span class=\"elementor-icon-list-text\">Llenar pantalla con el diagrama<\/span>\n\t\t\t\t\t\t\t\t\t<\/li>\n\t\t\t\t\t\t\t\t<li class=\"elementor-icon-list-item elementor-inline-item\">\n\t\t\t\t\t\t\t\t\t\t\t<span class=\"elementor-icon-list-icon\">\n\t\t\t\t\t\t\t<svg xmlns=\"http:\/\/www.w3.org\/2000\/svg\" width=\"10.69mm\" height=\"9.36mm\" viewBox=\"0 0 30.32 26.54\"><path d=\"M309.56,434.33H286.33a3.55,3.55,0,0,1-3.55-3.54v-16.4a3.55,3.55,0,0,1,3.55-3.55h4.1l.67-1.16a3.77,3.77,0,0,1,3.27-1.89h6.26a3.75,3.75,0,0,1,3.18,1.74l.84,1.31h4.91a3.55,3.55,0,0,1,3.54,3.55v16.4A3.55,3.55,0,0,1,309.56,434.33Zm-23.23-20.94a1,1,0,0,0-1,1v16.4a1,1,0,0,0,1,1h23.23a1,1,0,0,0,1-1v-16.4a1,1,0,0,0-1-1h-6.31l-1.58-2.49a1.23,1.23,0,0,0-1-.57h-6.26a1.26,1.26,0,0,0-1.07.61l-1.4,2.45Z\" transform=\"translate(-282.78 -407.79)\" style=\"fill:#none\"><\/path><path d=\"M297.94,430a7.25,7.25,0,1,1,7.25-7.25A7.26,7.26,0,0,1,297.94,430Zm0-11.95a4.71,4.71,0,1,0,4.71,4.7A4.72,4.72,0,0,0,297.94,418Z\" transform=\"translate(-282.78 -407.79)\" style=\"fill:#none\"><\/path><\/svg>\t\t\t\t\t\t<\/span>\n\t\t\t\t\t\t\t\t\t\t<span class=\"elementor-icon-list-text\">Abrir en una ventana nueva<\/span>\n\t\t\t\t\t\t\t\t\t<\/li>\n\t\t\t\t\t\t<\/ul>\n\t\t\t\t\t\t<\/div>\n\t\t\t\t<\/div>\n\t\t\t\t<div class=\"elementor-element elementor-element-583484b elementor-widget-divider--view-line elementor-widget elementor-widget-divider\" data-id=\"583484b\" data-element_type=\"widget\" data-e-type=\"widget\" data-widget_type=\"divider.default\">\n\t\t\t\t<div class=\"elementor-widget-container\">\n\t\t\t\t\t\t\t<div class=\"elementor-divider\">\n\t\t\t<span class=\"elementor-divider-separator\">\n\t\t\t\t\t\t<\/span>\n\t\t<\/div>\n\t\t\t\t\t\t<\/div>\n\t\t\t\t<\/div>\n\t\t\t\t<div class=\"elementor-element elementor-element-5af080c elementor-widget elementor-widget-text-editor\" data-id=\"5af080c\" data-element_type=\"widget\" data-e-type=\"widget\" data-widget_type=\"text-editor.default\">\n\t\t\t\t<div class=\"elementor-widget-container\">\n\t\t\t\t\t\t\t\t\t<h4><strong>Macroproceso<\/strong><\/h4>\t\t\t\t\t\t\t\t<\/div>\n\t\t\t\t<\/div>\n\t\t\t\t<div class=\"elementor-element elementor-element-e96690d elementor-widget elementor-widget-html\" data-id=\"e96690d\" data-element_type=\"widget\" data-e-type=\"widget\" data-widget_type=\"html.default\">\n\t\t\t\t<div class=\"elementor-widget-container\">\n\t\t\t\t\t<iframe frameborder=\"0\" style=\"width:100%;height:600px;\" src=\"https:\/\/viewer.diagrams.net\/?src=about&page-id=fydZNOLkWTq1UWnpWG1T&highlight=0000ff&layers=1&nav=1&hide-pages=1#Wb!dPC9QOACi0-6bhK07asrww7zJ53qioBHiaziCMbZEN5hhfkBsRDUR5xARghPQvR-%2F01QU3A4XE4F6IWZMXRSREIKTLLKEJXTY4E\"><\/iframe>\t\t\t\t<\/div>\n\t\t\t\t<\/div>\n\t\t\t\t\t<\/div>\n\t\t<\/div>\n\t\t\t\t\t<\/div>\n\t\t<\/section>\n\t\t\t\t<section class=\"elementor-section elementor-top-section elementor-element elementor-element-cfdbbd3 elementor-section-boxed elementor-section-height-default elementor-section-height-default\" data-id=\"cfdbbd3\" data-element_type=\"section\" data-e-type=\"section\">\n\t\t\t\t\t\t<div class=\"elementor-container elementor-column-gap-default\">\n\t\t\t\t\t<div class=\"elementor-column elementor-col-100 elementor-top-column elementor-element elementor-element-aeff2e3\" data-id=\"aeff2e3\" data-element_type=\"column\" data-e-type=\"column\">\n\t\t\t<div class=\"elementor-widget-wrap elementor-element-populated\">\n\t\t\t\t\t\t<div class=\"elementor-element elementor-element-acd47c4 elementor-widget elementor-widget-text-editor\" data-id=\"acd47c4\" data-element_type=\"widget\" data-e-type=\"widget\" data-widget_type=\"text-editor.default\">\n\t\t\t\t<div class=\"elementor-widget-container\">\n\t\t\t\t\t\t\t\t\t<h4>Formatos m\u00e1s utilizados <\/h4>\t\t\t\t\t\t\t\t<\/div>\n\t\t\t\t<\/div>\n\t\t\t\t\t<\/div>\n\t\t<\/div>\n\t\t\t\t\t<\/div>\n\t\t<\/section>\n\t\t\t\t<section class=\"elementor-section elementor-top-section elementor-element elementor-element-450da2c elementor-section-boxed elementor-section-height-default elementor-section-height-default\" data-id=\"450da2c\" data-element_type=\"section\" data-e-type=\"section\">\n\t\t\t\t\t\t<div class=\"elementor-container elementor-column-gap-default\">\n\t\t\t\t\t<div class=\"elementor-column elementor-col-100 elementor-top-column elementor-element elementor-element-bcf405b\" data-id=\"bcf405b\" data-element_type=\"column\" data-e-type=\"column\">\n\t\t\t<div class=\"elementor-widget-wrap elementor-element-populated\">\n\t\t\t\t\t\t<section class=\"elementor-section elementor-inner-section elementor-element elementor-element-f77fba3 elementor-section-boxed elementor-section-height-default elementor-section-height-default\" data-id=\"f77fba3\" data-element_type=\"section\" data-e-type=\"section\">\n\t\t\t\t\t\t<div class=\"elementor-container elementor-column-gap-default\">\n\t\t\t\t\t<div class=\"elementor-column elementor-col-33 elementor-inner-column elementor-element elementor-element-9a56e34\" data-id=\"9a56e34\" data-element_type=\"column\" data-e-type=\"column\">\n\t\t\t<div class=\"elementor-widget-wrap elementor-element-populated\">\n\t\t\t\t\t\t<div class=\"elementor-element elementor-element-89dbd5b elementor-icon-list--layout-inline elementor-align-center elementor-list-item-link-full_width elementor-widget elementor-widget-icon-list\" data-id=\"89dbd5b\" data-element_type=\"widget\" data-e-type=\"widget\" data-widget_type=\"icon-list.default\">\n\t\t\t\t<div class=\"elementor-widget-container\">\n\t\t\t\t\t\t\t<ul class=\"elementor-icon-list-items elementor-inline-items\">\n\t\t\t\t\t\t\t<li class=\"elementor-icon-list-item elementor-inline-item\">\n\t\t\t\t\t\t\t\t\t\t\t<a href=\"https:\/\/docs.google.com\/spreadsheets\/d\/1Dw2C6vr-KvJEcfmMrn2Kg_hNt4qKKzGjeZQSrozjtfs\/edit?usp=sharing\" target=\"_blank\">\n\n\t\t\t\t\t\t\t\t\t\t\t\t<span class=\"elementor-icon-list-icon\">\n\t\t\t\t\t\t\t<svg aria-hidden=\"true\" class=\"e-font-icon-svg e-far-file\" viewBox=\"0 0 384 512\" xmlns=\"http:\/\/www.w3.org\/2000\/svg\"><path d=\"M369.9 97.9L286 14C277 5 264.8-.1 252.1-.1H48C21.5 0 0 21.5 0 48v416c0 26.5 21.5 48 48 48h288c26.5 0 48-21.5 48-48V131.9c0-12.7-5.1-25-14.1-34zM332.1 128H256V51.9l76.1 76.1zM48 464V48h160v104c0 13.3 10.7 24 24 24h104v288H48z\"><\/path><\/svg>\t\t\t\t\t\t<\/span>\n\t\t\t\t\t\t\t\t\t\t<span class=\"elementor-icon-list-text\">RGT-021 Solicitud de permisos de personal V4 Actualizado<\/span>\n\t\t\t\t\t\t\t\t\t\t\t<\/a>\n\t\t\t\t\t\t\t\t\t<\/li>\n\t\t\t\t\t\t<\/ul>\n\t\t\t\t\t\t<\/div>\n\t\t\t\t<\/div>\n\t\t\t\t\t<\/div>\n\t\t<\/div>\n\t\t\t\t<div class=\"elementor-column elementor-col-33 elementor-inner-column elementor-element elementor-element-529364f\" data-id=\"529364f\" data-element_type=\"column\" data-e-type=\"column\">\n\t\t\t<div class=\"elementor-widget-wrap\">\n\t\t\t\t\t\t\t<\/div>\n\t\t<\/div>\n\t\t\t\t<div class=\"elementor-column elementor-col-33 elementor-inner-column elementor-element elementor-element-5d933d6\" data-id=\"5d933d6\" data-element_type=\"column\" data-e-type=\"column\">\n\t\t\t<div class=\"elementor-widget-wrap\">\n\t\t\t\t\t\t\t<\/div>\n\t\t<\/div>\n\t\t\t\t\t<\/div>\n\t\t<\/section>\n\t\t\t\t\t<\/div>\n\t\t<\/div>\n\t\t\t\t\t<\/div>\n\t\t<\/section>\n\t\t\t\t<\/div>\n\t\t","protected":false},"excerpt":{"rendered":"<p>MERCANDINAGesti\u00f3n por Procesos En esta p\u00e1gina Ud. podr\u00e1 conocer los diferentes procesos de Mercandina a trav\u00e9s de diagramas y documentos. Para navegar utilice las herramientas Ampliar diagrama Reducir diagrama Llenar pantalla con el diagrama Abrir en una ventana nueva Macroproceso Formatos m\u00e1s utilizados RGT-021 Solicitud de permisos de personal V4 Actualizado<\/p>\n","protected":false},"author":1,"featured_media":0,"parent":0,"menu_order":0,"comment_status":"closed","ping_status":"closed","template":"elementor_header_footer","meta":{"footnotes":""},"class_list":["post-6071","page","type-page","status-publish","hentry"],"_links":{"self":[{"href":"https:\/\/intranet.consensocorp.com\/index.php?rest_route=\/wp\/v2\/pages\/6071","targetHints":{"allow":["GET"]}}],"collection":[{"href":"https:\/\/intranet.consensocorp.com\/index.php?rest_route=\/wp\/v2\/pages"}],"about":[{"href":"https:\/\/intranet.consensocorp.com\/index.php?rest_route=\/wp\/v2\/types\/page"}],"author":[{"embeddable":true,"href":"https:\/\/intranet.consensocorp.com\/index.php?rest_route=\/wp\/v2\/users\/1"}],"replies":[{"embeddable":true,"href":"https:\/\/intranet.consensocorp.com\/index.php?rest_route=%2Fwp%2Fv2%2Fcomments&post=6071"}],"version-history":[{"count":13,"href":"https:\/\/intranet.consensocorp.com\/index.php?rest_route=\/wp\/v2\/pages\/6071\/revisions"}],"predecessor-version":[{"id":15350,"href":"https:\/\/intranet.consensocorp.com\/index.php?rest_route=\/wp\/v2\/pages\/6071\/revisions\/15350"}],"wp:attachment":[{"href":"https:\/\/intranet.consensocorp.com\/index.php?rest_route=%2Fwp%2Fv2%2Fmedia&parent=6071"}],"curies":[{"name":"wp","href":"https:\/\/api.w.org\/{rel}","templated":true}]}}