{"id":8334,"date":"2022-03-02T21:37:22","date_gmt":"2022-03-02T21:37:22","guid":{"rendered":"https:\/\/intranet.consenso.com.ec\/?page_id=8334"},"modified":"2022-07-11T21:05:08","modified_gmt":"2022-07-11T21:05:08","slug":"cita-medica","status":"publish","type":"page","link":"https:\/\/intranet.consensocorp.com\/?page_id=8334","title":{"rendered":"Cita M\u00e9dica"},"content":{"rendered":"\t\t<div data-elementor-type=\"wp-page\" data-elementor-id=\"8334\" class=\"elementor elementor-8334\" data-elementor-post-type=\"page\">\n\t\t\t\t\t\t<section class=\"elementor-section elementor-top-section elementor-element elementor-element-40830cc elementor-section-full_width elementor-section-height-min-height elementor-section-content-top elementor-section-height-default elementor-section-items-middle\" data-id=\"40830cc\" data-element_type=\"section\" data-e-type=\"section\" data-settings=\"{&quot;background_background&quot;:&quot;slideshow&quot;,&quot;background_slideshow_gallery&quot;:[],&quot;background_slideshow_loop&quot;:&quot;yes&quot;,&quot;background_slideshow_slide_duration&quot;:5000,&quot;background_slideshow_slide_transition&quot;:&quot;fade&quot;,&quot;background_slideshow_transition_duration&quot;:500}\">\n\t\t\t\t\t\t\t<div class=\"elementor-background-overlay\"><\/div>\n\t\t\t\t\t\t\t<div class=\"elementor-container elementor-column-gap-no\">\n\t\t\t\t\t<div class=\"elementor-column elementor-col-100 elementor-top-column elementor-element elementor-element-49c328b\" data-id=\"49c328b\" data-element_type=\"column\" data-e-type=\"column\">\n\t\t\t<div class=\"elementor-widget-wrap elementor-element-populated\">\n\t\t\t\t\t\t\t<\/div>\n\t\t<\/div>\n\t\t\t\t\t<\/div>\n\t\t<\/section>\n\t\t\t\t<section class=\"elementor-section elementor-top-section elementor-element elementor-element-3db7384 elementor-section-full_width elementor-section-height-min-height elementor-section-content-middle elementor-hidden-phone elementor-section-height-default elementor-section-items-middle\" data-id=\"3db7384\" data-element_type=\"section\" data-e-type=\"section\" data-settings=\"{&quot;background_background&quot;:&quot;classic&quot;}\">\n\t\t\t\t\t\t<div class=\"elementor-container elementor-column-gap-no\">\n\t\t\t\t\t<div class=\"elementor-column elementor-col-100 elementor-top-column elementor-element elementor-element-cd68e8c\" data-id=\"cd68e8c\" data-element_type=\"column\" data-e-type=\"column\">\n\t\t\t<div class=\"elementor-widget-wrap elementor-element-populated\">\n\t\t\t\t\t\t<div class=\"elementor-element elementor-element-0386dfe elementor-widget elementor-widget-text-editor\" data-id=\"0386dfe\" data-element_type=\"widget\" data-e-type=\"widget\" data-widget_type=\"text-editor.default\">\n\t\t\t\t<div class=\"elementor-widget-container\">\n\t\t\t\t\t\t\t\t\t<p>El servicio de \u00e1rea de Seguridad y Salud tiene como misi\u00f3n velar por la salud de los colaboradores de Grupo Consenso, brindando atenci\u00f3n m\u00e9dica general, pre ocupacional y post ocupacional; desarrollando programas, cuya base son los ex\u00e1menes preventivos y campa\u00f1as de salud.<\/p>\t\t\t\t\t\t\t\t<\/div>\n\t\t\t\t<\/div>\n\t\t\t\t\t<\/div>\n\t\t<\/div>\n\t\t\t\t\t<\/div>\n\t\t<\/section>\n\t\t\t\t<section class=\"elementor-section elementor-top-section elementor-element elementor-element-cd7bc2e elementor-section-height-min-height elementor-section-content-middle elementor-section-boxed elementor-section-height-default elementor-section-items-middle\" data-id=\"cd7bc2e\" data-element_type=\"section\" data-e-type=\"section\" data-settings=\"{&quot;background_background&quot;:&quot;classic&quot;}\">\n\t\t\t\t\t\t<div class=\"elementor-container elementor-column-gap-default\">\n\t\t\t\t\t<div class=\"elementor-column elementor-col-50 elementor-top-column elementor-element elementor-element-43aa87a\" data-id=\"43aa87a\" data-element_type=\"column\" data-e-type=\"column\">\n\t\t\t<div class=\"elementor-widget-wrap elementor-element-populated\">\n\t\t\t\t\t\t<section class=\"elementor-section elementor-inner-section elementor-element elementor-element-f42dcef elementor-section-full_width elementor-section-content-middle elementor-section-height-default elementor-section-height-default\" data-id=\"f42dcef\" data-element_type=\"section\" data-e-type=\"section\">\n\t\t\t\t\t\t<div class=\"elementor-container elementor-column-gap-narrow\">\n\t\t\t\t\t<div class=\"elementor-column elementor-col-50 elementor-inner-column elementor-element elementor-element-f972209\" data-id=\"f972209\" data-element_type=\"column\" data-e-type=\"column\">\n\t\t\t<div class=\"elementor-widget-wrap elementor-element-populated\">\n\t\t\t\t\t\t<div class=\"elementor-element elementor-element-323aac7 elementor-widget-divider--view-line elementor-widget elementor-widget-divider\" data-id=\"323aac7\" data-element_type=\"widget\" data-e-type=\"widget\" data-widget_type=\"divider.default\">\n\t\t\t\t<div class=\"elementor-widget-container\">\n\t\t\t\t\t\t\t<div class=\"elementor-divider\">\n\t\t\t<span class=\"elementor-divider-separator\">\n\t\t\t\t\t\t<\/span>\n\t\t<\/div>\n\t\t\t\t\t\t<\/div>\n\t\t\t\t<\/div>\n\t\t\t\t\t<\/div>\n\t\t<\/div>\n\t\t\t\t<div class=\"elementor-column elementor-col-50 elementor-inner-column elementor-element elementor-element-8fbc588\" data-id=\"8fbc588\" data-element_type=\"column\" data-e-type=\"column\">\n\t\t\t<div class=\"elementor-widget-wrap elementor-element-populated\">\n\t\t\t\t\t\t<div class=\"elementor-element elementor-element-6f4b11a elementor-widget__width-auto elementor-widget elementor-widget-text-editor\" data-id=\"6f4b11a\" data-element_type=\"widget\" data-e-type=\"widget\" data-widget_type=\"text-editor.default\">\n\t\t\t\t<div class=\"elementor-widget-container\">\n\t\t\t\t\t\t\t\t\t<p>DISPENSARIOS M\u00c9DICOS<\/p>\t\t\t\t\t\t\t\t<\/div>\n\t\t\t\t<\/div>\n\t\t\t\t\t<\/div>\n\t\t<\/div>\n\t\t\t\t\t<\/div>\n\t\t<\/section>\n\t\t\t\t<div class=\"elementor-element elementor-element-81b8261 elementor-widget elementor-widget-text-editor\" data-id=\"81b8261\" data-element_type=\"widget\" data-e-type=\"widget\" data-widget_type=\"text-editor.default\">\n\t\t\t\t<div class=\"elementor-widget-container\">\n\t\t\t\t\t\t\t\t\t<h2 style=\"text-align: left;\">Citas m\u00e9dicas online<\/h2><p>El \u00e1rea de Seguridad y Salud pone a tu disposici\u00f3n una plataforma virtual que te permite agendar una cita con nuestros dispensarios m\u00e9dicos. Accede de manera r\u00e1pida y sencilla utilizando tu computador o tel\u00e9fono.<\/p><p>Actualmente este servicio est\u00e1 disponible para la ciudad de Cuenca y Guayaquil.<\/p><p>Te recomendamos revisar el instructivo de como seguir el proceso. Agenda ya tu cita a trav\u00e9s de nuestro sistema virtual.<\/p>\t\t\t\t\t\t\t\t<\/div>\n\t\t\t\t<\/div>\n\t\t\t\t<div class=\"elementor-element elementor-element-a521c58 elementor-widget__width-auto elementor-align-center elementor-widget elementor-widget-button\" data-id=\"a521c58\" data-element_type=\"widget\" data-e-type=\"widget\" data-widget_type=\"button.default\">\n\t\t\t\t<div class=\"elementor-widget-container\">\n\t\t\t\t\t\t\t\t\t<div class=\"elementor-button-wrapper\">\n\t\t\t\t\t<a class=\"elementor-button elementor-button-link elementor-size-sm\" href=\"#elementor-action%3Aaction%3Dpopup%3Aopen%26settings%3DeyJpZCI6IjgzNDIiLCJ0b2dnbGUiOmZhbHNlfQ%3D%3D\">\n\t\t\t\t\t\t<span class=\"elementor-button-content-wrapper\">\n\t\t\t\t\t\t<span class=\"elementor-button-icon\">\n\t\t\t\t<svg aria-hidden=\"true\" class=\"e-font-icon-svg e-fas-arrow-right\" viewBox=\"0 0 448 512\" xmlns=\"http:\/\/www.w3.org\/2000\/svg\"><path d=\"M190.5 66.9l22.2-22.2c9.4-9.4 24.6-9.4 33.9 0L441 239c9.4 9.4 9.4 24.6 0 33.9L246.6 467.3c-9.4 9.4-24.6 9.4-33.9 0l-22.2-22.2c-9.5-9.5-9.3-25 .4-34.3L311.4 296H24c-13.3 0-24-10.7-24-24v-32c0-13.3 10.7-24 24-24h287.4L190.9 101.2c-9.8-9.3-10-24.8-.4-34.3z\"><\/path><\/svg>\t\t\t<\/span>\n\t\t\t\t\t\t\t\t\t<span class=\"elementor-button-text\">VER INSTRUCTIVO<\/span>\n\t\t\t\t\t<\/span>\n\t\t\t\t\t<\/a>\n\t\t\t\t<\/div>\n\t\t\t\t\t\t\t\t<\/div>\n\t\t\t\t<\/div>\n\t\t\t\t<div class=\"elementor-element elementor-element-b8ce9d8 elementor-view-default elementor-position-block-start elementor-mobile-position-block-start elementor-widget elementor-widget-icon-box\" data-id=\"b8ce9d8\" data-element_type=\"widget\" data-e-type=\"widget\" data-widget_type=\"icon-box.default\">\n\t\t\t\t<div class=\"elementor-widget-container\">\n\t\t\t\t\t\t\t<div class=\"elementor-icon-box-wrapper\">\n\n\t\t\t\t\t\t<div class=\"elementor-icon-box-icon\">\n\t\t\t\t<a href=\"http:\/\/citasconsenso1.compusistemas.com.ec\" target=\"_blank\" class=\"elementor-icon\" tabindex=\"-1\" aria-label=\"SOLICITAR UNA CITA\">\n\t\t\t\t<svg xmlns=\"http:\/\/www.w3.org\/2000\/svg\" id=\"Layer_1\" data-name=\"Layer 1\" viewBox=\"0 0 122.21 119.8\"><rect width=\"122.21\" height=\"119.8\" rx=\"37.45\"><\/rect><path d=\"M989.86,509.52a4.76,4.76,0,0,1-6.32-2.64,4.71,4.71,0,0,0-2.08.48,4.78,4.78,0,0,0-4.24-2.59,4.61,4.61,0,0,0-1.54.26v-5.3a4.78,4.78,0,1,0-9.55,0v19.06l-3.44-3.94-.08-.08a4.8,4.8,0,0,0-3.38-1.41h0a4.69,4.69,0,0,0-3.36,1.39c-1.58,1.58-1.67,3.92-.24,6.43,1.85,3.25,3.85,6.31,5.63,9,1.29,2,2.52,3.84,3.41,5.38.78,1.34,2.83,5.68,2.86,5.73a1.6,1.6,0,0,0,1.45.92h20.43a1.62,1.62,0,0,0,1.54-1.12c.38-1.19,3.72-11.69,3.72-15.75v-11A4.8,4.8,0,0,0,989.86,509.52Zm-1.54,4.81a1.55,1.55,0,1,1,3.09,0v11c0,2.7-2.07,9.95-3.21,13.64H970c-.67-1.4-1.92-4-2.54-5-.93-1.62-2.18-3.52-3.5-5.53-1.75-2.66-3.73-5.68-5.52-8.83-.47-.83-.9-1.94-.29-2.56a1.58,1.58,0,0,1,2.18,0l6.23,7.13a1.6,1.6,0,0,0,1.78.45,1.62,1.62,0,0,0,1.05-1.51V499.73a1.55,1.55,0,1,1,3.09,0v15.09a1.62,1.62,0,0,0,3.23,0v-5.24a1.55,1.55,0,1,1,3.09,0v7.34a1.62,1.62,0,1,0,3.23,0v-5.23a1.55,1.55,0,1,1,3.09,0V519a1.62,1.62,0,1,0,3.23,0v-4.7Z\" transform=\"translate(-893.48 -468.37)\" style=\"fill:#fff\"><\/path><rect x=\"76.12\" y=\"14.07\" width=\"4.73\" height=\"6.55\" rx=\"1.44\" style=\"fill:#fff\"><\/rect><rect x=\"978.05\" y=\"486.87\" width=\"6.55\" height=\"4.73\" rx=\"1.44\" transform=\"translate(-934.77 416.62) rotate(-47.65)\" style=\"fill:#fff\"><\/rect><rect x=\"982.58\" y=\"495.78\" width=\"6.55\" height=\"4.73\" rx=\"1.44\" transform=\"translate(-935.38 -374.94) rotate(-5.31)\" style=\"fill:#fff\"><\/rect><rect x=\"960.11\" y=\"485.96\" width=\"4.73\" height=\"6.55\" rx=\"1.44\" transform=\"translate(-971.92 307.59) rotate(-42.35)\" style=\"fill:#fff\"><\/rect><rect x=\"955.57\" y=\"494.88\" width=\"4.73\" height=\"6.55\" rx=\"1.44\" transform=\"translate(-520.26 937.48) rotate(-84.69)\" style=\"fill:#fff\"><\/rect><path d=\"M948.71,500.77h-1.57v-1.59a1.65,1.65,0,0,0-3.29,0v1.59H927.73v-1.59a1.65,1.65,0,0,0-3.29,0v1.59h-1.57a8.13,8.13,0,0,0-8.12,8.13v22.58a8.13,8.13,0,0,0,8.12,8.13h25.84a8.13,8.13,0,0,0,8.12-8.13V508.9a8.13,8.13,0,0,0-8.12-8.13Zm-25.84,3.29h1.57v3.2a1.65,1.65,0,0,0,3.29,0v-3.2h16.12v3.2a1.65,1.65,0,0,0,3.29,0v-3.2h1.57a4.84,4.84,0,0,1,4.84,4.84v1.57H918V508.9a4.84,4.84,0,0,1,4.84-4.84Zm25.84,32.26H922.87a4.84,4.84,0,0,1-4.84-4.84V513.75h35.52v17.73a4.84,4.84,0,0,1-4.84,4.84Zm-19.37-16.1a1.64,1.64,0,0,1-1.64,1.64h-3.23a1.65,1.65,0,0,1,0-3.29h3.23A1.64,1.64,0,0,1,929.34,520.22Zm19.41,0a1.64,1.64,0,0,1-1.64,1.64h-3.23a1.65,1.65,0,0,1,0-3.29h3.23A1.64,1.64,0,0,1,948.75,520.22Zm-9.71,0a1.65,1.65,0,0,1-1.64,1.64h-3.24a1.65,1.65,0,0,1,0-3.29h3.24A1.65,1.65,0,0,1,939,520.22Zm-9.7,9.69a1.63,1.63,0,0,1-1.64,1.64h-3.23a1.64,1.64,0,0,1,0-3.28h3.23A1.63,1.63,0,0,1,929.34,529.91Zm19.41,0a1.63,1.63,0,0,1-1.64,1.64h-3.23a1.64,1.64,0,0,1,0-3.28h3.23A1.63,1.63,0,0,1,948.75,529.91Zm-9.71,0a1.64,1.64,0,0,1-1.64,1.64h-3.24a1.64,1.64,0,0,1,0-3.28h3.24A1.64,1.64,0,0,1,939,529.91Z\" transform=\"translate(-893.48 -468.37)\" style=\"fill:#fff\"><\/path><path d=\"M932.19,560.15l4.3,1.37a9.68,9.68,0,0,1-3.29,5.34,10.36,10.36,0,0,1-13-1.24,11.49,11.49,0,0,1-2.81-8.18q0-5.49,2.83-8.52a9.69,9.69,0,0,1,7.45-3,9.14,9.14,0,0,1,6.55,2.39,8.59,8.59,0,0,1,2.25,4L932,553.36a4.55,4.55,0,0,0-4.64-3.69,5,5,0,0,0-4,1.76q-1.52,1.76-1.52,5.68,0,4.17,1.5,5.93a4.86,4.86,0,0,0,3.89,1.77,4.46,4.46,0,0,0,3.05-1.12A6.53,6.53,0,0,0,932.19,560.15Z\" transform=\"translate(-893.48 -468.37)\" style=\"fill:#fff\"><\/path><path d=\"M940.27,568.23v-22h4.21v22Z\" transform=\"translate(-893.48 -468.37)\" style=\"fill:#fff\"><\/path><path d=\"M948.79,550.15v-3.89H953v3.89Zm0,18.08V552.31H953v15.92Z\" transform=\"translate(-893.48 -468.37)\" style=\"fill:#fff\"><\/path><path d=\"M971.2,557l-4.15.75a3.05,3.05,0,0,0-.95-1.88,2.89,2.89,0,0,0-1.93-.63,3.17,3.17,0,0,0-2.51,1.09,5.62,5.62,0,0,0-.94,3.64,6.41,6.41,0,0,0,1,4,3.11,3.11,0,0,0,2.55,1.17,2.88,2.88,0,0,0,2-.68,4.13,4.13,0,0,0,1.08-2.35l4.13.7a7.36,7.36,0,0,1-2.47,4.31,7.64,7.64,0,0,1-4.9,1.45,7.28,7.28,0,0,1-5.57-2.2,10,10,0,0,1,0-12.24,7.37,7.37,0,0,1,5.63-2.2,7.75,7.75,0,0,1,4.63,1.25A7,7,0,0,1,971.2,557Z\" transform=\"translate(-893.48 -468.37)\" style=\"fill:#fff\"><\/path><path d=\"M974.24,568.23v-22h4.22v11.66l4.93-5.61h5.18l-5.44,5.82,5.83,10.1h-4.54l-4-7.15-2,2v5.1Z\" transform=\"translate(-893.48 -468.37)\" style=\"fill:#fff\"><\/path><\/svg>\t\t\t\t<\/a>\n\t\t\t<\/div>\n\t\t\t\n\t\t\t\t\t\t<div class=\"elementor-icon-box-content\">\n\n\t\t\t\t\t\t\t\t\t<h3 class=\"elementor-icon-box-title\">\n\t\t\t\t\t\t<a href=\"http:\/\/citasconsenso1.compusistemas.com.ec\" target=\"_blank\" >\n\t\t\t\t\t\t\tSOLICITAR UNA CITA\t\t\t\t\t\t<\/a>\n\t\t\t\t\t<\/h3>\n\t\t\t\t\n\t\t\t\t\n\t\t\t<\/div>\n\t\t\t\n\t\t<\/div>\n\t\t\t\t\t\t<\/div>\n\t\t\t\t<\/div>\n\t\t\t\t\t<\/div>\n\t\t<\/div>\n\t\t\t\t<div class=\"elementor-column elementor-col-50 elementor-top-column elementor-element elementor-element-5ca318d\" data-id=\"5ca318d\" data-element_type=\"column\" data-e-type=\"column\">\n\t\t\t<div class=\"elementor-widget-wrap elementor-element-populated\">\n\t\t\t\t\t\t<div class=\"elementor-element elementor-element-2986ee9 elementor-widget elementor-widget-image\" data-id=\"2986ee9\" data-element_type=\"widget\" data-e-type=\"widget\" data-widget_type=\"image.default\">\n\t\t\t\t<div class=\"elementor-widget-container\">\n\t\t\t\t\t\t\t\t\t\t\t\t\t\t\t<img fetchpriority=\"high\" decoding=\"async\" width=\"600\" height=\"549\" src=\"https:\/\/intranet.consensocorp.com\/wp-content\/uploads\/2022\/03\/citamedica-img-01.jpg\" class=\"attachment-full size-full wp-image-8337\" alt=\"\" srcset=\"https:\/\/intranet.consensocorp.com\/wp-content\/uploads\/2022\/03\/citamedica-img-01.jpg 600w, https:\/\/intranet.consensocorp.com\/wp-content\/uploads\/2022\/03\/citamedica-img-01-300x275.jpg 300w, https:\/\/intranet.consensocorp.com\/wp-content\/uploads\/2022\/03\/citamedica-img-01-350x320.jpg 350w\" sizes=\"(max-width: 600px) 100vw, 600px\" \/>\t\t\t\t\t\t\t\t\t\t\t\t\t\t\t<\/div>\n\t\t\t\t<\/div>\n\t\t\t\t\t<\/div>\n\t\t<\/div>\n\t\t\t\t\t<\/div>\n\t\t<\/section>\n\t\t\t\t<\/div>\n\t\t","protected":false},"excerpt":{"rendered":"<p>El servicio de \u00e1rea de Seguridad y Salud tiene como misi\u00f3n velar por la salud de los colaboradores de Grupo Consenso, brindando atenci\u00f3n m\u00e9dica general, pre ocupacional y post ocupacional; desarrollando programas, cuya base son los ex\u00e1menes preventivos y campa\u00f1as de salud. DISPENSARIOS M\u00c9DICOS Citas m\u00e9dicas online El \u00e1rea de Seguridad y Salud pone a [&hellip;]<\/p>\n","protected":false},"author":1,"featured_media":0,"parent":0,"menu_order":0,"comment_status":"closed","ping_status":"closed","template":"elementor_header_footer","meta":{"footnotes":""},"class_list":["post-8334","page","type-page","status-publish","hentry"],"_links":{"self":[{"href":"https:\/\/intranet.consensocorp.com\/index.php?rest_route=\/wp\/v2\/pages\/8334","targetHints":{"allow":["GET"]}}],"collection":[{"href":"https:\/\/intranet.consensocorp.com\/index.php?rest_route=\/wp\/v2\/pages"}],"about":[{"href":"https:\/\/intranet.consensocorp.com\/index.php?rest_route=\/wp\/v2\/types\/page"}],"author":[{"embeddable":true,"href":"https:\/\/intranet.consensocorp.com\/index.php?rest_route=\/wp\/v2\/users\/1"}],"replies":[{"embeddable":true,"href":"https:\/\/intranet.consensocorp.com\/index.php?rest_route=%2Fwp%2Fv2%2Fcomments&post=8334"}],"version-history":[{"count":10,"href":"https:\/\/intranet.consensocorp.com\/index.php?rest_route=\/wp\/v2\/pages\/8334\/revisions"}],"predecessor-version":[{"id":10518,"href":"https:\/\/intranet.consensocorp.com\/index.php?rest_route=\/wp\/v2\/pages\/8334\/revisions\/10518"}],"wp:attachment":[{"href":"https:\/\/intranet.consensocorp.com\/index.php?rest_route=%2Fwp%2Fv2%2Fmedia&parent=8334"}],"curies":[{"name":"wp","href":"https:\/\/api.w.org\/{rel}","templated":true}]}}